{"id":21148,"date":"2021-02-02T19:35:55","date_gmt":"2021-02-02T19:35:55","guid":{"rendered":"https:\/\/careers.edwardjones.com\/?page_id=21148"},"modified":"2021-03-09T17:08:47","modified_gmt":"2021-03-09T17:08:47","slug":"login","status":"publish","type":"page","link":"https:\/\/edwardjones-stage.xcc.smashfly.io\/fr-CA\/profile\/login\/","title":{"rendered":"Log-in To Your Profile"},"content":{"rendered":"<div id=\"sessionNotificationContainer\"><\/div>\n<div id=\"genericContainer\"><\/div>\n<div ng-view><\/div>\n","protected":false},"excerpt":{"rendered":"","protected":false},"author":423,"featured_media":0,"parent":19910,"menu_order":0,"comment_status":"closed","ping_status":"closed","template":"","meta":{"pgc_meta":"","footnotes":""},"persona":[],"class_list":["post-21148","page","type-page","status-publish","hentry"],"yoast_head":"<!-- This site is optimized with the Yoast SEO Premium plugin v23.0 (Yoast SEO v23.0) - https:\/\/yoast.com\/wordpress\/plugins\/seo\/ -->\n<title>Joignez-vous \u00e0 notre communaut\u00e9 de talents | Edward Jones<\/title>\n<meta name=\"description\" content=\"En tant que membre de la communaut\u00e9 de talents, vous aurez acc\u00e8s \u00e0 des possibilit\u00e9s d\u2019emploi qui correspondent \u00e0 vos comp\u00e9tences et \u00e0 votre exp\u00e9rience.\" \/>\n<meta name=\"robots\" content=\"noindex, follow, max-snippet:-1, max-image-preview:large, max-video-preview:-1\" \/>\n<meta property=\"og:locale\" content=\"fr_CA\" \/>\n<meta property=\"og:type\" content=\"article\" \/>\n<meta property=\"og:title\" content=\"Log-in To Your Profile\" \/>\n<meta property=\"og:description\" content=\"En tant que membre de la communaut\u00e9 de talents, vous aurez acc\u00e8s \u00e0 des possibilit\u00e9s d\u2019emploi qui correspondent \u00e0 vos comp\u00e9tences et \u00e0 votre exp\u00e9rience.\" \/>\n<meta property=\"og:url\" content=\"http:\/\/edwardjones-stage.site.findly.com\/fr-CA\/profile\/login\/\" \/>\n<meta property=\"og:site_name\" content=\"Edward jones Career Stage\" \/>\n<meta property=\"article:modified_time\" content=\"2021-03-09T17:08:47+00:00\" \/>\n<meta property=\"og:image\" content=\"https:\/\/edwardjones-stage.xcc.smashfly.io\/wp-content\/uploads\/sites\/2815\/2020\/10\/EdwardJonesCareers-logo-200x200px.jpg\" \/>\n\t<meta property=\"og:image:width\" content=\"200\" \/>\n\t<meta property=\"og:image:height\" content=\"200\" \/>\n\t<meta property=\"og:image:type\" content=\"image\/jpeg\" \/>\n<meta name=\"twitter:label1\" content=\"Estimation du temps de lecture\" \/>\n\t<meta name=\"twitter:data1\" content=\"1 minute\" \/>\n<script type=\"application\/ld+json\" class=\"yoast-schema-graph\">{\"@context\":\"https:\/\/schema.org\",\"@graph\":[{\"@type\":\"WebPage\",\"@id\":\"http:\/\/edwardjones-stage.site.findly.com\/fr-CA\/profile\/login\/\",\"url\":\"http:\/\/edwardjones-stage.site.findly.com\/fr-CA\/profile\/login\/\",\"name\":\"Joignez-vous \u00e0 notre communaut\u00e9 de talents | Edward Jones\",\"isPartOf\":{\"@id\":\"http:\/\/edwardjones-stage.site.findly.com\/#website\"},\"datePublished\":\"2021-02-02T19:35:55+00:00\",\"dateModified\":\"2021-03-09T17:08:47+00:00\",\"description\":\"En tant que membre de la communaut\u00e9 de talents, vous aurez acc\u00e8s \u00e0 des possibilit\u00e9s d\u2019emploi qui correspondent \u00e0 vos comp\u00e9tences et \u00e0 votre exp\u00e9rience.\",\"breadcrumb\":{\"@id\":\"http:\/\/edwardjones-stage.site.findly.com\/fr-CA\/profile\/login\/#breadcrumb\"},\"inLanguage\":\"fr-CA\",\"potentialAction\":[{\"@type\":\"ReadAction\",\"target\":[\"http:\/\/edwardjones-stage.site.findly.com\/fr-CA\/profile\/login\/\"]}]},{\"@type\":\"BreadcrumbList\",\"@id\":\"http:\/\/edwardjones-stage.site.findly.com\/fr-CA\/profile\/login\/#breadcrumb\",\"itemListElement\":[{\"@type\":\"ListItem\",\"position\":1,\"name\":\"Home\",\"item\":\"https:\/\/edwardjones-stage.site.findly.com\/fr-CA\/\"},{\"@type\":\"ListItem\",\"position\":2,\"name\":\"Profil\",\"item\":\"http:\/\/edwardjones-stage.site.findly.com\/fr-CA\/profile\/\"},{\"@type\":\"ListItem\",\"position\":3,\"name\":\"Log-in To Your Profile\"}]},{\"@type\":\"WebSite\",\"@id\":\"http:\/\/edwardjones-stage.site.findly.com\/#website\",\"url\":\"http:\/\/edwardjones-stage.site.findly.com\/\",\"name\":\"Edward jones Career Stage\",\"description\":\"ibee Demo Site\",\"potentialAction\":[{\"@type\":\"SearchAction\",\"target\":{\"@type\":\"EntryPoint\",\"urlTemplate\":\"http:\/\/edwardjones-stage.site.findly.com\/?s={search_term_string}\"},\"query-input\":\"required name=search_term_string\"}],\"inLanguage\":\"fr-CA\"}]}<\/script>\n<!-- \/ Yoast SEO Premium plugin. -->","yoast_head_json":{"title":"Joignez-vous \u00e0 notre communaut\u00e9 de talents | Edward Jones","description":"En tant que membre de la communaut\u00e9 de talents, vous aurez acc\u00e8s \u00e0 des possibilit\u00e9s d\u2019emploi qui correspondent \u00e0 vos comp\u00e9tences et \u00e0 votre exp\u00e9rience.","robots":{"index":"noindex","follow":"follow","max-snippet":"max-snippet:-1","max-image-preview":"max-image-preview:large","max-video-preview":"max-video-preview:-1"},"og_locale":"fr_CA","og_type":"article","og_title":"Log-in To Your Profile","og_description":"En tant que membre de la communaut\u00e9 de talents, vous aurez acc\u00e8s \u00e0 des possibilit\u00e9s d\u2019emploi qui correspondent \u00e0 vos comp\u00e9tences et \u00e0 votre exp\u00e9rience.","og_url":"http:\/\/edwardjones-stage.site.findly.com\/fr-CA\/profile\/login\/","og_site_name":"Edward jones Career Stage","article_modified_time":"2021-03-09T17:08:47+00:00","og_image":[{"width":200,"height":200,"url":"https:\/\/edwardjones-stage.xcc.smashfly.io\/wp-content\/uploads\/sites\/2815\/2020\/10\/EdwardJonesCareers-logo-200x200px.jpg","type":"image\/jpeg"}],"twitter_misc":{"Estimation du temps de lecture":"1 minute"},"schema":{"@context":"https:\/\/schema.org","@graph":[{"@type":"WebPage","@id":"http:\/\/edwardjones-stage.site.findly.com\/fr-CA\/profile\/login\/","url":"http:\/\/edwardjones-stage.site.findly.com\/fr-CA\/profile\/login\/","name":"Joignez-vous \u00e0 notre communaut\u00e9 de talents | Edward Jones","isPartOf":{"@id":"http:\/\/edwardjones-stage.site.findly.com\/#website"},"datePublished":"2021-02-02T19:35:55+00:00","dateModified":"2021-03-09T17:08:47+00:00","description":"En tant que membre de la communaut\u00e9 de talents, vous aurez acc\u00e8s \u00e0 des possibilit\u00e9s d\u2019emploi qui correspondent \u00e0 vos comp\u00e9tences et \u00e0 votre exp\u00e9rience.","breadcrumb":{"@id":"http:\/\/edwardjones-stage.site.findly.com\/fr-CA\/profile\/login\/#breadcrumb"},"inLanguage":"fr-CA","potentialAction":[{"@type":"ReadAction","target":["http:\/\/edwardjones-stage.site.findly.com\/fr-CA\/profile\/login\/"]}]},{"@type":"BreadcrumbList","@id":"http:\/\/edwardjones-stage.site.findly.com\/fr-CA\/profile\/login\/#breadcrumb","itemListElement":[{"@type":"ListItem","position":1,"name":"Home","item":"https:\/\/edwardjones-stage.site.findly.com\/fr-CA\/"},{"@type":"ListItem","position":2,"name":"Profil","item":"http:\/\/edwardjones-stage.site.findly.com\/fr-CA\/profile\/"},{"@type":"ListItem","position":3,"name":"Log-in To Your Profile"}]},{"@type":"WebSite","@id":"http:\/\/edwardjones-stage.site.findly.com\/#website","url":"http:\/\/edwardjones-stage.site.findly.com\/","name":"Edward jones Career Stage","description":"ibee Demo Site","potentialAction":[{"@type":"SearchAction","target":{"@type":"EntryPoint","urlTemplate":"http:\/\/edwardjones-stage.site.findly.com\/?s={search_term_string}"},"query-input":"required name=search_term_string"}],"inLanguage":"fr-CA"}]}},"pgc_meta":"","_links":{"self":[{"href":"https:\/\/edwardjones-stage.xcc.smashfly.io\/fr-CA\/wp-json\/wp\/v2\/pages\/21148","targetHints":{"allow":["GET"]}}],"collection":[{"href":"https:\/\/edwardjones-stage.xcc.smashfly.io\/fr-CA\/wp-json\/wp\/v2\/pages"}],"about":[{"href":"https:\/\/edwardjones-stage.xcc.smashfly.io\/fr-CA\/wp-json\/wp\/v2\/types\/page"}],"author":[{"embeddable":true,"href":"https:\/\/edwardjones-stage.xcc.smashfly.io\/fr-CA\/wp-json\/wp\/v2\/users\/423"}],"replies":[{"embeddable":true,"href":"https:\/\/edwardjones-stage.xcc.smashfly.io\/fr-CA\/wp-json\/wp\/v2\/comments?post=21148"}],"version-history":[{"count":0,"href":"https:\/\/edwardjones-stage.xcc.smashfly.io\/fr-CA\/wp-json\/wp\/v2\/pages\/21148\/revisions"}],"up":[{"embeddable":true,"href":"https:\/\/edwardjones-stage.xcc.smashfly.io\/fr-CA\/wp-json\/wp\/v2\/pages\/19910"}],"wp:attachment":[{"href":"https:\/\/edwardjones-stage.xcc.smashfly.io\/fr-CA\/wp-json\/wp\/v2\/media?parent=21148"}],"wp:term":[{"taxonomy":"persona","embeddable":true,"href":"https:\/\/edwardjones-stage.xcc.smashfly.io\/fr-CA\/wp-json\/wp\/v2\/persona?post=21148"}],"curies":[{"name":"wp","href":"https:\/\/api.w.org\/{rel}","templated":true}]}}