{"id":20960,"date":"2021-01-25T07:44:44","date_gmt":"2021-01-25T07:44:44","guid":{"rendered":"https:\/\/careers.edwardjones.com\/?page_id=20960"},"modified":"2021-02-05T09:58:03","modified_gmt":"2021-02-05T09:58:03","slug":"video-partir-et-revenir-le-retour-de-raymond-chez-edward-jones","status":"publish","type":"page","link":"https:\/\/edwardjones-stage.xcc.smashfly.io\/fr-CA\/video-partir-et-revenir-le-retour-de-raymond-chez-edward-jones\/","title":{"rendered":"Vid\u00e9o : Partir et revenir : le retour de Raymond chez Edward Jones"},"content":{"rendered":"<\/div><\/div><\/div><!-- close content main div --><\/div><\/div><div id='av_section_1' class='avia-section main_color avia-section-no-padding avia-no-border-styling avia-bg-style-scroll  banner-text container_wrap fullsize'   ><div class='container' ><div class='template-page content  av-content-full alpha units'><div class='post-entry post-entry-type-page post-entry-20960'><div class='entry-content-wrapper clearfix'>\n<section class=\"av_textblock_section\"  itemscope=\"itemscope\" itemtype=\"https:\/\/schema.org\/CreativeWork\" ><div class='avia_textblock pt70 pb70'   itemprop=\"text\" ><h1>Partir et revenir : le retour de Raymond chez Edward Jones<\/h1>\n<\/div><\/section>\n\n<\/div><\/div><\/div><!-- close content main div --><\/div><\/div><div id='av_section_2' class='avia-section main_color avia-section-no-padding avia-no-border-styling avia-bg-style-scroll  pb130 locations-text-widget search-widget-vertical-container pt90 container_wrap fullsize'   ><div class='container' ><div class='template-page content  av-content-full alpha units'><div class='post-entry post-entry-type-page post-entry-20960'><div class='entry-content-wrapper clearfix'>\n<div class=\"flex_column av_three_fourth  flex_column_div av-zero-column-padding first   \" style='border-radius:0px; '><p><section class=\"av_textblock_section\"  itemscope=\"itemscope\" itemtype=\"https:\/\/schema.org\/CreativeWork\" ><div class='avia_textblock locations-list pl30 pb40'   itemprop=\"text\" ><p><a class=\"edj-link\" onclick=\"goBack()\" href=\"#\">&lt; Retour \u00e0 la page pr\u00e9c\u00e9dente<\/a><\/p>\n<h2 class=\"pb20\">Vid\u00e9o avec audio description<\/h2>\n<div style=\"padding: 56.25% 0 0 0; position: relative;\"><iframe style=\"position: absolute; top: 0; left: 0; width: 100%; height: 100%;\" title=\"Vid\u00e9o : Partir et revenir : le retour de Raymond chez Edward Jones\" src=\"https:\/\/player.vimeo.com\/video\/425167199?color=ffc001&amp;title=0&amp;byline=0&amp;portrait=0\" allow=\"autoplay; fullscreen\" allowfullscreen=\"allowfullscreen\" frameborder=\"0\"><\/iframe><\/div>\n<p><script src=\"https:\/\/player.vimeo.com\/api\/player.js\"><\/script><\/p>\n<\/div><\/section><br \/>\n<section class=\"av_textblock_section\"  itemscope=\"itemscope\" itemtype=\"https:\/\/schema.org\/CreativeWork\" ><div class='avia_textblock locations-list pl30 pb40'   itemprop=\"text\" ><h2 class=\"pb20\">Transcription de la vid\u00e9o<\/h2>\n<p>[Musique]<\/p>\n<p>[Texte] Raymond Lei &#8211; Burnaby (Colombie-Britannique)<\/p>\n<p>[Texte] Transition \u00e0 Edward Jones en 2013<\/p>\n<p>[Raymond] Je crois que les nouveaux courtiers venant travailler chez Edward Jones seront surpris par la qualit\u00e9 de la conception du syst\u00e8me. Il int\u00e8gre tout ce dont vous avez besoin au sein de l\u2019entreprise, et ses diff\u00e9rentes composantes sont tr\u00e8s bien arrim\u00e9es. Nous disposons d\u2019un syst\u00e8me de soutien encore plus impressionnant.<\/p>\n<p>[Texte] Pr\u00e8s de 4 000 associ\u00e9s<\/p>\n<p>[Texte] Soutien de plus de 14 000 repr\u00e9sentants en services financiers<\/p>\n<p>[Raymond] Les milliers d\u2019associ\u00e9s du si\u00e8ge social travaillent exclusivement dans le but de faciliter ma journ\u00e9e. Gr\u00e2ce au soutien que j\u2019obtiens, je peux consacrer beaucoup de temps aux clients et ainsi faire cro\u00eetre ma pratique. Au bout du compte, je me sens moins fatigu\u00e9 et j\u2019ai plus de succ\u00e8s.<\/p>\n<p>[Logo] Edward Jones<\/p>\n<p>[Texte] careers.edwardjones.ca\/transition<\/p>\n<p>[Texte] Edward Jones est une soci\u00e9t\u00e9 en commandite en Ontario, au Canada, et est une filiale en propri\u00e9t\u00e9 exclusive de Edward D. Jones &amp; Co. L.P., soci\u00e9t\u00e9 en commandite du Missouri (\u00ab Jones US \u00bb). Jones US et sa soci\u00e9t\u00e9 m\u00e8re ne garantissent pas les obligations et les responsabilit\u00e9s d\u2019Edward Jones.<\/p>\n<p>[Texte] \u00a9 2020 Edward D. Jones &amp; Co., L.P. Tous droits r\u00e9serv\u00e9s. Membre du Fonds canadien de protection des \u00e9pargnants.<\/p>\n<p>[Musique]<\/p>\n<\/div><\/section><br \/>\n<section class=\"av_textblock_section\"  itemscope=\"itemscope\" itemtype=\"https:\/\/schema.org\/CreativeWork\" ><div class='avia_textblock locations-list pl30'   itemprop=\"text\" ><p><a class=\"edj-btn wid458\" onclick=\"goBack()\" href=\"#\">Retour \u00e0 la page pr\u00e9c\u00e9dente<\/a><\/p>\n<\/div><\/section><\/p><\/div><div class=\"flex_column av_one_fourth  flex_column_div av-zero-column-padding   search-widget search-widget-vertical \" style='background-color:#fde57f; border-radius:0px; '><div class='avia-builder-widget-area clearfix '><div id=\"widget_job_search_v2-6\" class=\"widget clearfix widget-jobsearch widget-jobsearch-v2\"><form method=\"GET\" id=\"cws_quickjobsearch\" role=\"search\" class=\"clearfix g-cols offset_medium\" action=\"\/fr-CA\/resultats-de-la-recherche-demploi\/\"><div class=\"quicksearch-title first avia-builder-el-first flex_column av_one_fourth\"><h2 class=\"widgettitle cws-widgetitle\">Search Jobs by Keyword:<\/h2><\/div><div class=\"quicksearch-field quicksearch-SearchText  flex_column av_one_fourth horizontal\"><div class=\"w-form-row\"><div class=\"w-form-row-label\"><label for=\"cws_quickjobsearch_keywords\">Keyword<\/label><\/div><div class=\"w-form-row-field\"><input type=\"text\" class=\"text_input keyword_suggest\" name=\"keyword\" id=\"cws_quickjobsearch_keywords\" data-autocomplete_limit=\"5\" data-param=\"SearchText\" aria-describedby=\"keyword-help\" value=\"\" \/><span id=\"keyword-help\" class=\"visually-hidden sr-only\" aria-live=\"polite\">Begin typing to find suggestions.<\/span><span class=\"w-form-row-field-bar\"><\/span><\/div><input type=\"hidden\" name=\"fuzzy\" id=\"cws_quickjobsearch_fuzzy\" data-param=\"fuzzy\" value=\"\" \/><\/div><\/div><div class=\"quicksearch-field quicksearch-coordinates_and_units  flex_column av_one_fourth horizontal\"><div class=\"w-form-row-label\"><label for=\"cws_quickjobsearch_location\">Emplacement<\/label><\/div><div class=\"location-wrapper location-wrapper \"><input type=\"text\"  class=\"text_input loc_auto\" name=\"location\" id=\"cws_quickjobsearch_location\" placeholder=\"\" data-param=\"Location\" value=\"\" aria-describedby=\"cws_quickjobsearch_location-description\" \/><span id=\"cws_quickjobsearch_location-description\" style=\"display:none;\">Start typing a location to get suggestions, then press the down arrow to select one.<\/span><span id=\"cws_quickjobsearch_location_error\" style=\"display:none;\" class=\"location_error\">*Please select location from the dropdown<\/span><\/div><input type=\"hidden\" name=\"latitude\" id=\"cws_quickjobsearch_latitude\" data-param=\"latitude\" value=\"\" \/><input type=\"hidden\" name=\"longitude\" id=\"cws_quickjobsearch_longitude\" data-param=\"longitude\" value=\"\" \/><input type=\"hidden\" name=\"state\" id=\"cws_quickjobsearch_state\" data-param=\"facet\" data-facet=\"primary_state\" value=\"\" \/><input type=\"hidden\" name=\"country\" id=\"cws_quickjobsearch_country\" data-param=\"facet\" data-facet=\"primary_country\" value=\"\" \/><input type=\"hidden\" name=\"radius\" id=\"cws_quickjobsearch_radius\" value=\"25\" \/><input type=\"hidden\" name=\"statewide\" id=\"cws_quickjobsearch_statewide\" value=\"\" \/><input type=\"hidden\" name=\"nationwide\" id=\"cws_quickjobsearch_nationwide\" value=\"\" \/><\/div><div class=\"quicksearch-btn avia-builder-el-last flex_column av_one_fourth\"><input class=\"avia-button avia-color-theme-color avia-size-small quicksearch-submit\" type=\"submit\" value=\"Rechercher des annonces\" \/><\/div><\/form><\/div><\/div><\/div><section class=\"av_textblock_section\"  itemscope=\"itemscope\" itemtype=\"https:\/\/schema.org\/CreativeWork\" ><div class='avia_textblock '   itemprop=\"text\" ><\/div><\/section><\/p>\n","protected":false},"excerpt":{"rendered":"","protected":false},"author":442,"featured_media":0,"parent":0,"menu_order":0,"comment_status":"closed","ping_status":"closed","template":"","meta":{"pgc_meta":"","footnotes":""},"persona":[],"class_list":["post-20960","page","type-page","status-publish","hentry"],"yoast_head":"<!-- This site is optimized with the Yoast SEO Premium plugin v23.0 (Yoast SEO v23.0) - https:\/\/yoast.com\/wordpress\/plugins\/seo\/ -->\n<title>Revenir chez Edward Jones | Edward Jones<\/title>\n<meta name=\"description\" content=\"Vid\u00e9o en audio description avec transcription. Un repr\u00e9sentant en services financiers revient chez Edward Jones apr\u00e8s avoir travaill\u00e9 pour une autre soci\u00e9t\u00e9. Am\u00e9liorez votre pratique et votre vie chez Edward Jones.\" \/>\n<meta name=\"robots\" content=\"noindex, follow, max-snippet:-1, max-image-preview:large, max-video-preview:-1\" \/>\n<meta property=\"og:locale\" content=\"fr_CA\" \/>\n<meta property=\"og:type\" content=\"article\" \/>\n<meta property=\"og:title\" content=\"Vid\u00e9o : Partir et revenir : le retour de Raymond chez Edward Jones\" \/>\n<meta property=\"og:description\" content=\"Vid\u00e9o en audio description avec transcription. Un repr\u00e9sentant en services financiers revient chez Edward Jones apr\u00e8s avoir travaill\u00e9 pour une autre soci\u00e9t\u00e9. Am\u00e9liorez votre pratique et votre vie chez Edward Jones.\" \/>\n<meta property=\"og:url\" content=\"http:\/\/edwardjones-stage.site.findly.com\/fr-CA\/video-partir-et-revenir-le-retour-de-raymond-chez-edward-jones\/\" \/>\n<meta property=\"og:site_name\" content=\"Edward jones Career Stage\" \/>\n<meta property=\"article:modified_time\" content=\"2021-02-05T09:58:03+00:00\" \/>\n<meta property=\"og:image\" content=\"https:\/\/edwardjones-stage.xcc.smashfly.io\/wp-content\/uploads\/sites\/2815\/2020\/10\/EdwardJonesCareers-logo-200x200px.jpg\" \/>\n\t<meta property=\"og:image:width\" content=\"200\" \/>\n\t<meta property=\"og:image:height\" content=\"200\" \/>\n\t<meta property=\"og:image:type\" content=\"image\/jpeg\" \/>\n<meta name=\"twitter:label1\" content=\"Estimation du temps de lecture\" \/>\n\t<meta name=\"twitter:data1\" content=\"3 minutes\" \/>\n<script type=\"application\/ld+json\" class=\"yoast-schema-graph\">{\"@context\":\"https:\/\/schema.org\",\"@graph\":[{\"@type\":\"WebPage\",\"@id\":\"http:\/\/edwardjones-stage.site.findly.com\/fr-CA\/video-partir-et-revenir-le-retour-de-raymond-chez-edward-jones\/\",\"url\":\"http:\/\/edwardjones-stage.site.findly.com\/fr-CA\/video-partir-et-revenir-le-retour-de-raymond-chez-edward-jones\/\",\"name\":\"Revenir chez Edward Jones | Edward Jones\",\"isPartOf\":{\"@id\":\"http:\/\/edwardjones-stage.site.findly.com\/#website\"},\"datePublished\":\"2021-01-25T07:44:44+00:00\",\"dateModified\":\"2021-02-05T09:58:03+00:00\",\"description\":\"Vid\u00e9o en audio description avec transcription. Un repr\u00e9sentant en services financiers revient chez Edward Jones apr\u00e8s avoir travaill\u00e9 pour une autre soci\u00e9t\u00e9. Am\u00e9liorez votre pratique et votre vie chez Edward Jones.\",\"breadcrumb\":{\"@id\":\"http:\/\/edwardjones-stage.site.findly.com\/fr-CA\/video-partir-et-revenir-le-retour-de-raymond-chez-edward-jones\/#breadcrumb\"},\"inLanguage\":\"fr-CA\",\"potentialAction\":[{\"@type\":\"ReadAction\",\"target\":[\"http:\/\/edwardjones-stage.site.findly.com\/fr-CA\/video-partir-et-revenir-le-retour-de-raymond-chez-edward-jones\/\"]}]},{\"@type\":\"BreadcrumbList\",\"@id\":\"http:\/\/edwardjones-stage.site.findly.com\/fr-CA\/video-partir-et-revenir-le-retour-de-raymond-chez-edward-jones\/#breadcrumb\",\"itemListElement\":[{\"@type\":\"ListItem\",\"position\":1,\"name\":\"Home\",\"item\":\"https:\/\/edwardjones-stage.site.findly.com\/fr-CA\/\"},{\"@type\":\"ListItem\",\"position\":2,\"name\":\"Vid\u00e9o : Partir et revenir : le retour de Raymond chez Edward Jones\"}]},{\"@type\":\"WebSite\",\"@id\":\"http:\/\/edwardjones-stage.site.findly.com\/#website\",\"url\":\"http:\/\/edwardjones-stage.site.findly.com\/\",\"name\":\"Edward jones Career Stage\",\"description\":\"ibee Demo Site\",\"potentialAction\":[{\"@type\":\"SearchAction\",\"target\":{\"@type\":\"EntryPoint\",\"urlTemplate\":\"http:\/\/edwardjones-stage.site.findly.com\/?s={search_term_string}\"},\"query-input\":\"required name=search_term_string\"}],\"inLanguage\":\"fr-CA\"}]}<\/script>\n<!-- \/ Yoast SEO Premium plugin. -->","yoast_head_json":{"title":"Revenir chez Edward Jones | Edward Jones","description":"Vid\u00e9o en audio description avec transcription. Un repr\u00e9sentant en services financiers revient chez Edward Jones apr\u00e8s avoir travaill\u00e9 pour une autre soci\u00e9t\u00e9. Am\u00e9liorez votre pratique et votre vie chez Edward Jones.","robots":{"index":"noindex","follow":"follow","max-snippet":"max-snippet:-1","max-image-preview":"max-image-preview:large","max-video-preview":"max-video-preview:-1"},"og_locale":"fr_CA","og_type":"article","og_title":"Vid\u00e9o : Partir et revenir : le retour de Raymond chez Edward Jones","og_description":"Vid\u00e9o en audio description avec transcription. Un repr\u00e9sentant en services financiers revient chez Edward Jones apr\u00e8s avoir travaill\u00e9 pour une autre soci\u00e9t\u00e9. Am\u00e9liorez votre pratique et votre vie chez Edward Jones.","og_url":"http:\/\/edwardjones-stage.site.findly.com\/fr-CA\/video-partir-et-revenir-le-retour-de-raymond-chez-edward-jones\/","og_site_name":"Edward jones Career Stage","article_modified_time":"2021-02-05T09:58:03+00:00","og_image":[{"width":200,"height":200,"url":"https:\/\/edwardjones-stage.xcc.smashfly.io\/wp-content\/uploads\/sites\/2815\/2020\/10\/EdwardJonesCareers-logo-200x200px.jpg","type":"image\/jpeg"}],"twitter_misc":{"Estimation du temps de lecture":"3 minutes"},"schema":{"@context":"https:\/\/schema.org","@graph":[{"@type":"WebPage","@id":"http:\/\/edwardjones-stage.site.findly.com\/fr-CA\/video-partir-et-revenir-le-retour-de-raymond-chez-edward-jones\/","url":"http:\/\/edwardjones-stage.site.findly.com\/fr-CA\/video-partir-et-revenir-le-retour-de-raymond-chez-edward-jones\/","name":"Revenir chez Edward Jones | Edward Jones","isPartOf":{"@id":"http:\/\/edwardjones-stage.site.findly.com\/#website"},"datePublished":"2021-01-25T07:44:44+00:00","dateModified":"2021-02-05T09:58:03+00:00","description":"Vid\u00e9o en audio description avec transcription. Un repr\u00e9sentant en services financiers revient chez Edward Jones apr\u00e8s avoir travaill\u00e9 pour une autre soci\u00e9t\u00e9. Am\u00e9liorez votre pratique et votre vie chez Edward Jones.","breadcrumb":{"@id":"http:\/\/edwardjones-stage.site.findly.com\/fr-CA\/video-partir-et-revenir-le-retour-de-raymond-chez-edward-jones\/#breadcrumb"},"inLanguage":"fr-CA","potentialAction":[{"@type":"ReadAction","target":["http:\/\/edwardjones-stage.site.findly.com\/fr-CA\/video-partir-et-revenir-le-retour-de-raymond-chez-edward-jones\/"]}]},{"@type":"BreadcrumbList","@id":"http:\/\/edwardjones-stage.site.findly.com\/fr-CA\/video-partir-et-revenir-le-retour-de-raymond-chez-edward-jones\/#breadcrumb","itemListElement":[{"@type":"ListItem","position":1,"name":"Home","item":"https:\/\/edwardjones-stage.site.findly.com\/fr-CA\/"},{"@type":"ListItem","position":2,"name":"Vid\u00e9o : Partir et revenir : le retour de Raymond chez Edward Jones"}]},{"@type":"WebSite","@id":"http:\/\/edwardjones-stage.site.findly.com\/#website","url":"http:\/\/edwardjones-stage.site.findly.com\/","name":"Edward jones Career Stage","description":"ibee Demo Site","potentialAction":[{"@type":"SearchAction","target":{"@type":"EntryPoint","urlTemplate":"http:\/\/edwardjones-stage.site.findly.com\/?s={search_term_string}"},"query-input":"required name=search_term_string"}],"inLanguage":"fr-CA"}]}},"pgc_meta":"","_links":{"self":[{"href":"https:\/\/edwardjones-stage.xcc.smashfly.io\/fr-CA\/wp-json\/wp\/v2\/pages\/20960","targetHints":{"allow":["GET"]}}],"collection":[{"href":"https:\/\/edwardjones-stage.xcc.smashfly.io\/fr-CA\/wp-json\/wp\/v2\/pages"}],"about":[{"href":"https:\/\/edwardjones-stage.xcc.smashfly.io\/fr-CA\/wp-json\/wp\/v2\/types\/page"}],"author":[{"embeddable":true,"href":"https:\/\/edwardjones-stage.xcc.smashfly.io\/fr-CA\/wp-json\/wp\/v2\/users\/442"}],"replies":[{"embeddable":true,"href":"https:\/\/edwardjones-stage.xcc.smashfly.io\/fr-CA\/wp-json\/wp\/v2\/comments?post=20960"}],"version-history":[{"count":0,"href":"https:\/\/edwardjones-stage.xcc.smashfly.io\/fr-CA\/wp-json\/wp\/v2\/pages\/20960\/revisions"}],"wp:attachment":[{"href":"https:\/\/edwardjones-stage.xcc.smashfly.io\/fr-CA\/wp-json\/wp\/v2\/media?parent=20960"}],"wp:term":[{"taxonomy":"persona","embeddable":true,"href":"https:\/\/edwardjones-stage.xcc.smashfly.io\/fr-CA\/wp-json\/wp\/v2\/persona?post=20960"}],"curies":[{"name":"wp","href":"https:\/\/api.w.org\/{rel}","templated":true}]}}