{"id":20938,"date":"2021-01-25T07:21:53","date_gmt":"2021-01-25T07:21:53","guid":{"rendered":"https:\/\/careers.edwardjones.com\/?page_id=20938"},"modified":"2021-02-05T09:55:43","modified_gmt":"2021-02-05T09:55:43","slug":"video-des-technologies-a-la-fine-pointe","status":"publish","type":"page","link":"https:\/\/edwardjones-stage.xcc.smashfly.io\/fr-CA\/video-des-technologies-a-la-fine-pointe\/","title":{"rendered":"Vid\u00e9o : Des technologies \u00e0 la fine pointe"},"content":{"rendered":"<\/div><\/div><\/div><!-- close content main div --><\/div><\/div><div id='av_section_1' class='avia-section main_color avia-section-no-padding avia-no-border-styling avia-bg-style-scroll  banner-text container_wrap fullsize'   ><div class='container' ><div class='template-page content  av-content-full alpha units'><div class='post-entry post-entry-type-page post-entry-20938'><div class='entry-content-wrapper clearfix'>\n<section class=\"av_textblock_section\"  itemscope=\"itemscope\" itemtype=\"https:\/\/schema.org\/CreativeWork\" ><div class='avia_textblock pt70 pb70'   itemprop=\"text\" ><h1>Des technologies \u00e0 la fine pointe<\/h1>\n<\/div><\/section>\n\n<\/div><\/div><\/div><!-- close content main div --><\/div><\/div><div id='av_section_2' class='avia-section main_color avia-section-no-padding avia-no-border-styling avia-bg-style-scroll  pb130 locations-text-widget search-widget-vertical-container pt90 container_wrap fullsize'   ><div class='container' ><div class='template-page content  av-content-full alpha units'><div class='post-entry post-entry-type-page post-entry-20938'><div class='entry-content-wrapper clearfix'>\n<div class=\"flex_column av_three_fourth  flex_column_div av-zero-column-padding first   \" style='border-radius:0px; '><p><section class=\"av_textblock_section\"  itemscope=\"itemscope\" itemtype=\"https:\/\/schema.org\/CreativeWork\" ><div class='avia_textblock locations-list pl30 pb40'   itemprop=\"text\" ><p><a class=\"edj-link\" onclick=\"goBack()\" href=\"#\">&lt; Retour \u00e0 la page pr\u00e9c\u00e9dente<\/a><\/p>\n<h2 class=\"pb20\">Vid\u00e9o avec audio description<\/h2>\n<div style=\"padding: 56.25% 0 0 0; position: relative;\"><iframe style=\"position: absolute; top: 0; left: 0; width: 100%; height: 100%;\" title=\"Vid\u00e9o : Des technologies \u00e0 la fine pointe\" src=\"https:\/\/player.vimeo.com\/video\/425165499?color=ffc001&amp;title=0&amp;byline=0&amp;portrait=0\" frameborder=\"0\" allow=\"autoplay; fullscreen\" allowfullscreen=\"allowfullscreen\"><\/iframe><\/div>\n<p><script src=\"https:\/\/player.vimeo.com\/api\/player.js\"><\/script><\/p>\n<\/div><\/section><br \/>\n<section class=\"av_textblock_section\"  itemscope=\"itemscope\" itemtype=\"https:\/\/schema.org\/CreativeWork\" ><div class='avia_textblock locations-list pl30 pb40'   itemprop=\"text\" ><h2 class=\"pb20\">Transcription de la vid\u00e9o<\/h2>\n<p>[Musique]<\/p>\n<p>[Texte] Jodi Nastor &#8211; Sault Ste. Marie (Ontario)<\/p>\n<p>[Texte] Transition \u00e0 Edward Jones en 2016<\/p>\n<p>[Jodi] Plus rapide et plus efficace. C\u2019est simple, mais c\u2019est vrai. Tous les syst\u00e8mes sont arrim\u00e9s. Je n\u2019ai pas besoin de t\u00e9l\u00e9verser un programme pour obtenir de l\u2019information, puis passer au suivant, de sorte que mon syst\u00e8me finit par saturer et ne plus fonctionner.<\/p>\n<p>[Jodi] Ici, je peux aller d\u2019un \u00e9cran \u00e0 l\u2019autre, et tout est sous mes yeux. C\u2019est tr\u00e8s int\u00e9ressant. \u00c0 la banque, vous n\u2019avez le droit de vendre qu\u2019un seul type de fonds, mais vous devez le diss\u00e9quer au moyen de plusieurs programmes.<\/p>\n<p>[Jodi] Ici, on utilise toutes les sortes de fonds \u2013 actions, obligations, etc. \u2013 mais tout est dans un m\u00eame programme. On pourrait croire que la banque a un seul programme et nous une multitude, mais c\u2019est en r\u00e9alit\u00e9 le contraire.<\/p>\n<p>[Logo] Edward Jones<\/p>\n<p>[Texte] careers.edwardjones.ca\/transition<\/p>\n<p>[Texte] \u00a9 2020 Edward D. Jones &amp; Co., L.P.<\/p>\n<p>[Texte] Tous droits r\u00e9serv\u00e9s.<\/p>\n<p>[Texte] Membre du Fonds canadien de protection des \u00e9pargnants<\/p>\n<p>[Musique]<\/p>\n<\/div><\/section><br \/>\n<section class=\"av_textblock_section\"  itemscope=\"itemscope\" itemtype=\"https:\/\/schema.org\/CreativeWork\" ><div class='avia_textblock locations-list pl30'   itemprop=\"text\" ><p><a class=\"edj-btn wid458\" onclick=\"goBack()\" href=\"#\">Retour \u00e0 la page pr\u00e9c\u00e9dente<\/a><\/p>\n<\/div><\/section><\/p><\/div><div class=\"flex_column av_one_fourth  flex_column_div av-zero-column-padding   search-widget search-widget-vertical \" style='background-color:#fde57f; border-radius:0px; '><div class='avia-builder-widget-area clearfix '><div id=\"widget_job_search_v2-6\" class=\"widget clearfix widget-jobsearch widget-jobsearch-v2\"><form method=\"GET\" id=\"cws_quickjobsearch\" role=\"search\" class=\"clearfix g-cols offset_medium\" action=\"\/fr-CA\/resultats-de-la-recherche-demploi\/\"><div class=\"quicksearch-title first avia-builder-el-first flex_column av_one_fourth\"><h2 class=\"widgettitle cws-widgetitle\">Search Jobs by Keyword:<\/h2><\/div><div class=\"quicksearch-field quicksearch-SearchText  flex_column av_one_fourth horizontal\"><div class=\"w-form-row\"><div class=\"w-form-row-label\"><label for=\"cws_quickjobsearch_keywords\">Keyword<\/label><\/div><div class=\"w-form-row-field\"><input type=\"text\" class=\"text_input keyword_suggest\" name=\"keyword\" id=\"cws_quickjobsearch_keywords\" data-autocomplete_limit=\"5\" data-param=\"SearchText\" aria-describedby=\"keyword-help\" value=\"\" \/><span id=\"keyword-help\" class=\"visually-hidden sr-only\" aria-live=\"polite\">Begin typing to find suggestions.<\/span><span class=\"w-form-row-field-bar\"><\/span><\/div><input type=\"hidden\" name=\"fuzzy\" id=\"cws_quickjobsearch_fuzzy\" data-param=\"fuzzy\" value=\"\" \/><\/div><\/div><div class=\"quicksearch-field quicksearch-coordinates_and_units  flex_column av_one_fourth horizontal\"><div class=\"w-form-row-label\"><label for=\"cws_quickjobsearch_location\">Emplacement<\/label><\/div><div class=\"location-wrapper location-wrapper \"><input type=\"text\"  class=\"text_input loc_auto\" name=\"location\" id=\"cws_quickjobsearch_location\" placeholder=\"\" data-param=\"Location\" value=\"\" aria-describedby=\"cws_quickjobsearch_location-description\" \/><span id=\"cws_quickjobsearch_location-description\" style=\"display:none;\">Start typing a location to get suggestions, then press the down arrow to select one.<\/span><span id=\"cws_quickjobsearch_location_error\" style=\"display:none;\" class=\"location_error\">*Please select location from the dropdown<\/span><\/div><input type=\"hidden\" name=\"latitude\" id=\"cws_quickjobsearch_latitude\" data-param=\"latitude\" value=\"\" \/><input type=\"hidden\" name=\"longitude\" id=\"cws_quickjobsearch_longitude\" data-param=\"longitude\" value=\"\" \/><input type=\"hidden\" name=\"state\" id=\"cws_quickjobsearch_state\" data-param=\"facet\" data-facet=\"primary_state\" value=\"\" \/><input type=\"hidden\" name=\"country\" id=\"cws_quickjobsearch_country\" data-param=\"facet\" data-facet=\"primary_country\" value=\"\" \/><input type=\"hidden\" name=\"radius\" id=\"cws_quickjobsearch_radius\" value=\"25\" \/><input type=\"hidden\" name=\"statewide\" id=\"cws_quickjobsearch_statewide\" value=\"\" \/><input type=\"hidden\" name=\"nationwide\" id=\"cws_quickjobsearch_nationwide\" value=\"\" \/><\/div><div class=\"quicksearch-btn avia-builder-el-last flex_column av_one_fourth\"><input class=\"avia-button avia-color-theme-color avia-size-small quicksearch-submit\" type=\"submit\" value=\"Rechercher des annonces\" \/><\/div><\/form><\/div><\/div><\/div>\n","protected":false},"excerpt":{"rendered":"","protected":false},"author":442,"featured_media":0,"parent":0,"menu_order":0,"comment_status":"closed","ping_status":"closed","template":"","meta":{"pgc_meta":"","footnotes":""},"persona":[],"class_list":["post-20938","page","type-page","status-publish","hentry"],"yoast_head":"<!-- This site is optimized with the Yoast SEO Premium plugin v23.0 (Yoast SEO v23.0) - https:\/\/yoast.com\/wordpress\/plugins\/seo\/ -->\n<title>Des solutions technologiques qui cr\u00e9ent de la valeur pour les clients | Edward Jones<\/title>\n<meta name=\"description\" content=\"Vid\u00e9o en audio description avec transcription. Des technologies \u00e0 la fine pointe. D\u00e9couvrez comment nos syst\u00e8mes int\u00e9gr\u00e9s peuvent vous aider \u00e0 titre de repr\u00e9sentant en services financiers Edward Jones.\" \/>\n<meta name=\"robots\" content=\"noindex, follow, max-snippet:-1, max-image-preview:large, max-video-preview:-1\" \/>\n<meta property=\"og:locale\" content=\"fr_CA\" \/>\n<meta property=\"og:type\" content=\"article\" \/>\n<meta property=\"og:title\" content=\"Vid\u00e9o : Des technologies \u00e0 la fine pointe\" \/>\n<meta property=\"og:description\" content=\"Vid\u00e9o en audio description avec transcription. Des technologies \u00e0 la fine pointe. D\u00e9couvrez comment nos syst\u00e8mes int\u00e9gr\u00e9s peuvent vous aider \u00e0 titre de repr\u00e9sentant en services financiers Edward Jones.\" \/>\n<meta property=\"og:url\" content=\"http:\/\/edwardjones-stage.site.findly.com\/fr-CA\/video-des-technologies-a-la-fine-pointe\/\" \/>\n<meta property=\"og:site_name\" content=\"Edward jones Career Stage\" \/>\n<meta property=\"article:modified_time\" content=\"2021-02-05T09:55:43+00:00\" \/>\n<meta property=\"og:image\" content=\"https:\/\/edwardjones-stage.xcc.smashfly.io\/wp-content\/uploads\/sites\/2815\/2020\/10\/EdwardJonesCareers-logo-200x200px.jpg\" \/>\n\t<meta property=\"og:image:width\" content=\"200\" \/>\n\t<meta property=\"og:image:height\" content=\"200\" \/>\n\t<meta property=\"og:image:type\" content=\"image\/jpeg\" \/>\n<meta name=\"twitter:label1\" content=\"Estimation du temps de lecture\" \/>\n\t<meta name=\"twitter:data1\" content=\"3 minutes\" \/>\n<script type=\"application\/ld+json\" class=\"yoast-schema-graph\">{\"@context\":\"https:\/\/schema.org\",\"@graph\":[{\"@type\":\"WebPage\",\"@id\":\"http:\/\/edwardjones-stage.site.findly.com\/fr-CA\/video-des-technologies-a-la-fine-pointe\/\",\"url\":\"http:\/\/edwardjones-stage.site.findly.com\/fr-CA\/video-des-technologies-a-la-fine-pointe\/\",\"name\":\"Des solutions technologiques qui cr\u00e9ent de la valeur pour les clients | Edward Jones\",\"isPartOf\":{\"@id\":\"http:\/\/edwardjones-stage.site.findly.com\/#website\"},\"datePublished\":\"2021-01-25T07:21:53+00:00\",\"dateModified\":\"2021-02-05T09:55:43+00:00\",\"description\":\"Vid\u00e9o en audio description avec transcription. Des technologies \u00e0 la fine pointe. D\u00e9couvrez comment nos syst\u00e8mes int\u00e9gr\u00e9s peuvent vous aider \u00e0 titre de repr\u00e9sentant en services financiers Edward Jones.\",\"breadcrumb\":{\"@id\":\"http:\/\/edwardjones-stage.site.findly.com\/fr-CA\/video-des-technologies-a-la-fine-pointe\/#breadcrumb\"},\"inLanguage\":\"fr-CA\",\"potentialAction\":[{\"@type\":\"ReadAction\",\"target\":[\"http:\/\/edwardjones-stage.site.findly.com\/fr-CA\/video-des-technologies-a-la-fine-pointe\/\"]}]},{\"@type\":\"BreadcrumbList\",\"@id\":\"http:\/\/edwardjones-stage.site.findly.com\/fr-CA\/video-des-technologies-a-la-fine-pointe\/#breadcrumb\",\"itemListElement\":[{\"@type\":\"ListItem\",\"position\":1,\"name\":\"Home\",\"item\":\"https:\/\/edwardjones-stage.site.findly.com\/fr-CA\/\"},{\"@type\":\"ListItem\",\"position\":2,\"name\":\"Vid\u00e9o : Des technologies \u00e0 la fine pointe\"}]},{\"@type\":\"WebSite\",\"@id\":\"http:\/\/edwardjones-stage.site.findly.com\/#website\",\"url\":\"http:\/\/edwardjones-stage.site.findly.com\/\",\"name\":\"Edward jones Career Stage\",\"description\":\"ibee Demo Site\",\"potentialAction\":[{\"@type\":\"SearchAction\",\"target\":{\"@type\":\"EntryPoint\",\"urlTemplate\":\"http:\/\/edwardjones-stage.site.findly.com\/?s={search_term_string}\"},\"query-input\":\"required name=search_term_string\"}],\"inLanguage\":\"fr-CA\"}]}<\/script>\n<!-- \/ Yoast SEO Premium plugin. -->","yoast_head_json":{"title":"Des solutions technologiques qui cr\u00e9ent de la valeur pour les clients | Edward Jones","description":"Vid\u00e9o en audio description avec transcription. Des technologies \u00e0 la fine pointe. D\u00e9couvrez comment nos syst\u00e8mes int\u00e9gr\u00e9s peuvent vous aider \u00e0 titre de repr\u00e9sentant en services financiers Edward Jones.","robots":{"index":"noindex","follow":"follow","max-snippet":"max-snippet:-1","max-image-preview":"max-image-preview:large","max-video-preview":"max-video-preview:-1"},"og_locale":"fr_CA","og_type":"article","og_title":"Vid\u00e9o : Des technologies \u00e0 la fine pointe","og_description":"Vid\u00e9o en audio description avec transcription. Des technologies \u00e0 la fine pointe. D\u00e9couvrez comment nos syst\u00e8mes int\u00e9gr\u00e9s peuvent vous aider \u00e0 titre de repr\u00e9sentant en services financiers Edward Jones.","og_url":"http:\/\/edwardjones-stage.site.findly.com\/fr-CA\/video-des-technologies-a-la-fine-pointe\/","og_site_name":"Edward jones Career Stage","article_modified_time":"2021-02-05T09:55:43+00:00","og_image":[{"width":200,"height":200,"url":"https:\/\/edwardjones-stage.xcc.smashfly.io\/wp-content\/uploads\/sites\/2815\/2020\/10\/EdwardJonesCareers-logo-200x200px.jpg","type":"image\/jpeg"}],"twitter_misc":{"Estimation du temps de lecture":"3 minutes"},"schema":{"@context":"https:\/\/schema.org","@graph":[{"@type":"WebPage","@id":"http:\/\/edwardjones-stage.site.findly.com\/fr-CA\/video-des-technologies-a-la-fine-pointe\/","url":"http:\/\/edwardjones-stage.site.findly.com\/fr-CA\/video-des-technologies-a-la-fine-pointe\/","name":"Des solutions technologiques qui cr\u00e9ent de la valeur pour les clients | Edward Jones","isPartOf":{"@id":"http:\/\/edwardjones-stage.site.findly.com\/#website"},"datePublished":"2021-01-25T07:21:53+00:00","dateModified":"2021-02-05T09:55:43+00:00","description":"Vid\u00e9o en audio description avec transcription. Des technologies \u00e0 la fine pointe. D\u00e9couvrez comment nos syst\u00e8mes int\u00e9gr\u00e9s peuvent vous aider \u00e0 titre de repr\u00e9sentant en services financiers Edward Jones.","breadcrumb":{"@id":"http:\/\/edwardjones-stage.site.findly.com\/fr-CA\/video-des-technologies-a-la-fine-pointe\/#breadcrumb"},"inLanguage":"fr-CA","potentialAction":[{"@type":"ReadAction","target":["http:\/\/edwardjones-stage.site.findly.com\/fr-CA\/video-des-technologies-a-la-fine-pointe\/"]}]},{"@type":"BreadcrumbList","@id":"http:\/\/edwardjones-stage.site.findly.com\/fr-CA\/video-des-technologies-a-la-fine-pointe\/#breadcrumb","itemListElement":[{"@type":"ListItem","position":1,"name":"Home","item":"https:\/\/edwardjones-stage.site.findly.com\/fr-CA\/"},{"@type":"ListItem","position":2,"name":"Vid\u00e9o : Des technologies \u00e0 la fine pointe"}]},{"@type":"WebSite","@id":"http:\/\/edwardjones-stage.site.findly.com\/#website","url":"http:\/\/edwardjones-stage.site.findly.com\/","name":"Edward jones Career Stage","description":"ibee Demo Site","potentialAction":[{"@type":"SearchAction","target":{"@type":"EntryPoint","urlTemplate":"http:\/\/edwardjones-stage.site.findly.com\/?s={search_term_string}"},"query-input":"required name=search_term_string"}],"inLanguage":"fr-CA"}]}},"pgc_meta":"","_links":{"self":[{"href":"https:\/\/edwardjones-stage.xcc.smashfly.io\/fr-CA\/wp-json\/wp\/v2\/pages\/20938","targetHints":{"allow":["GET"]}}],"collection":[{"href":"https:\/\/edwardjones-stage.xcc.smashfly.io\/fr-CA\/wp-json\/wp\/v2\/pages"}],"about":[{"href":"https:\/\/edwardjones-stage.xcc.smashfly.io\/fr-CA\/wp-json\/wp\/v2\/types\/page"}],"author":[{"embeddable":true,"href":"https:\/\/edwardjones-stage.xcc.smashfly.io\/fr-CA\/wp-json\/wp\/v2\/users\/442"}],"replies":[{"embeddable":true,"href":"https:\/\/edwardjones-stage.xcc.smashfly.io\/fr-CA\/wp-json\/wp\/v2\/comments?post=20938"}],"version-history":[{"count":0,"href":"https:\/\/edwardjones-stage.xcc.smashfly.io\/fr-CA\/wp-json\/wp\/v2\/pages\/20938\/revisions"}],"wp:attachment":[{"href":"https:\/\/edwardjones-stage.xcc.smashfly.io\/fr-CA\/wp-json\/wp\/v2\/media?parent=20938"}],"wp:term":[{"taxonomy":"persona","embeddable":true,"href":"https:\/\/edwardjones-stage.xcc.smashfly.io\/fr-CA\/wp-json\/wp\/v2\/persona?post=20938"}],"curies":[{"name":"wp","href":"https:\/\/api.w.org\/{rel}","templated":true}]}}