{"id":20893,"date":"2021-01-25T06:29:44","date_gmt":"2021-01-25T06:29:44","guid":{"rendered":"https:\/\/careers.edwardjones.com\/?page_id=20893"},"modified":"2021-02-05T21:07:01","modified_gmt":"2021-02-05T21:07:01","slug":"video-batissez-la-pratique-de-vos-reves","status":"publish","type":"page","link":"https:\/\/edwardjones-stage.xcc.smashfly.io\/fr-CA\/video-batissez-la-pratique-de-vos-reves\/","title":{"rendered":"Vid\u00e9o : B\u00e2tissez la pratique de vos r\u00eaves"},"content":{"rendered":"<\/div><\/div><\/div><!-- close content main div --><\/div><\/div><div id='av_section_1' class='avia-section main_color avia-section-no-padding avia-no-border-styling avia-bg-style-scroll  banner-text container_wrap fullsize'   ><div class='container' ><div class='template-page content  av-content-full alpha units'><div class='post-entry post-entry-type-page post-entry-20893'><div class='entry-content-wrapper clearfix'>\n<section class=\"av_textblock_section\"  itemscope=\"itemscope\" itemtype=\"https:\/\/schema.org\/CreativeWork\" ><div class='avia_textblock pt70 pb70'   itemprop=\"text\" ><h1>B\u00e2tissez la pratique de vos r\u00eaves<\/h1>\n<\/div><\/section>\n\n<\/div><\/div><\/div><!-- close content main div --><\/div><\/div><div id='av_section_2' class='avia-section main_color avia-section-no-padding avia-no-border-styling avia-bg-style-scroll  pb130 locations-text-widget search-widget-vertical-container pt90 container_wrap fullsize'   ><div class='container' ><div class='template-page content  av-content-full alpha units'><div class='post-entry post-entry-type-page post-entry-20893'><div class='entry-content-wrapper clearfix'>\n<div class=\"flex_column av_three_fourth  flex_column_div av-zero-column-padding first   \" style='border-radius:0px; '><p><section class=\"av_textblock_section\"  itemscope=\"itemscope\" itemtype=\"https:\/\/schema.org\/CreativeWork\" ><div class='avia_textblock locations-list pl30 pb40'   itemprop=\"text\" ><p><a class=\"edj-link\" onclick=\"goBack()\" href=\"#\">&lt; Retour \u00e0 la page pr\u00e9c\u00e9dente<\/a><\/p>\n<h2 class=\"pb20\">Vid\u00e9o avec audio description<\/h2>\n<div style=\"padding: 56.25% 0 0 0; position: relative;\"><iframe style=\"position: absolute; top: 0; left: 0; width: 100%; height: 100%;\" title=\"Vid\u00e9o : B\u00e2tissez la pratique de vos r\u00eaves\" src=\"https:\/\/player.vimeo.com\/video\/476300264?color=ffc001&amp;title=0&amp;byline=0&amp;portrait=0\" frameborder=\"0\" allow=\"autoplay; fullscreen\" allowfullscreen=\"allowfullscreen\" data-mce-fragment=\"1\"><\/iframe><\/div>\n<p><script src=\"https:\/\/player.vimeo.com\/api\/player.js\"><\/script><\/p>\n<\/div><\/section><br \/>\n<section class=\"av_textblock_section\"  itemscope=\"itemscope\" itemtype=\"https:\/\/schema.org\/CreativeWork\" ><div class='avia_textblock locations-list pl30 pb40'   itemprop=\"text\" ><h2 class=\"pb20\">Transcription de la vid\u00e9o<\/h2>\n<p>[Texte] B\u00e2tissez l\u2019entreprise de vos r\u00eaves<\/p>\n<p>[Texte] Jill Clifton &#8211; Repr\u00e9sentante en services financiers<\/p>\n<p>[Jill] Edward Jones m\u2019a offert une occasion incroyable pour b\u00e2tir ma propre entreprise.<\/p>\n<p>[Texte] Autonomie<\/p>\n<p>[Texte] Tammy McKennon &#8211; Repr\u00e9sentante en services financiers<\/p>\n<p>[Tammy] Edward Jones vous permet d\u2019avoir l\u2019autonomie n\u00e9cessaire pour b\u00e2tir votre entreprise en fonction de vos propres valeurs.<\/p>\n<p>[Texte] Nanette Fahrenbrunch &#8211; Repr\u00e9sentante en services financiers<\/p>\n<p>[Nanette] Vous pouvez d\u00e9cider avec qui vous voulez travailler, o\u00f9 vous voulez que votre bureau soit situ\u00e9, l\u2019incidence que vous avez sur votre collectivit\u00e9, votre famille et votre h\u00e9ritage.<\/p>\n<p>[Texte] Helen Rice &#8211; Repr\u00e9sentante en services financiers<\/p>\n<p>[Helen] J\u2019ai b\u00e9n\u00e9fici\u00e9 de la souplesse et de la libert\u00e9 de b\u00e2tir l\u2019entreprise que je voulais, et celle-ci d\u00e9passe toutes mes attentes.<\/p>\n<p>[Texte] Cindy Jones &#8211; Repr\u00e9sentante en services financiers<\/p>\n<p>[Cindy] Tout repose sur votre passion et votre engagement \u00e0 servir les int\u00e9r\u00eats de vos clients. Les relations que vous entretenez avec vos clients sont ce qui fera vraiment cro\u00eetre vos affaires.<\/p>\n<p>[Texte] Soutien<\/p>\n<p>[Nanette] Nous formons un partenariat et avons \u00e0 c\u0153ur nos r\u00e9ussites respectives. C\u2019est ce que j\u2019ai ressenti chaque jour que j\u2019ai pass\u00e9 ici.<\/p>\n<p>[Jill] Je n\u2019ai jamais eu l\u2019impression de ne pas avoir les outils et les ressources dont j\u2019ai besoin pour assurer ma r\u00e9ussite ainsi que celle de ma succursale.<\/p>\n<p>[Helen] La culture valorise fortement la collaboration. Je pense que c\u2019est la plus grande diff\u00e9rence par rapport \u00e0 tout autre endroit o\u00f9 j\u2019ai travaill\u00e9.<\/p>\n<p>[Texte] Croissance<\/p>\n<p>[Texte] Sonia McCloskey &#8211; Repr\u00e9sentante en services financiers<\/p>\n<p>[Sonia] Si vous m\u2019aviez dit, il y a huit ans, que je conna\u00eetrais une telle r\u00e9ussite financi\u00e8re, j\u2019en aurais dout\u00e9.<\/p>\n<p>[Jill] Nous n\u2019avons pas de quotas \u00e0 rencontrer. On n\u2019\u00e9tablit pas pour nous les objectifs de notre entreprise ni ne nous dit quels produits offrir \u00e0 nos clients.<\/p>\n<p>[Helen] Avoir un potentiel de revenu illimit\u00e9 qui est en fonction du temps et des efforts que vous \u00eates pr\u00eat \u00e0 investir dans votre carri\u00e8re est tr\u00e8s important. Personne ne vous impose de limite \u00e0 cet \u00e9gard, sauf vous-m\u00eame.<\/p>\n<p>[Texte] Ce qu\u2019il faut retenir<\/p>\n<p>[Jill] Oui, c\u2019est une question d\u2019argent et d\u2019objectifs financiers, mais c\u2019est aussi une question de personnes et de situations r\u00e9elles pour lesquelles nous \u00e9laborons des plans.<\/p>\n<p>[Cindy] De voir vraiment l\u2019incidence que vous avez sur la vie de vos clients, de les entendre vous dire combien ils sont reconnaissants et affirmer que sans vous, ils ne seraient pas l\u00e0 o\u00f9 ils sont aujourd\u2019hui&#8230; &#8230; c\u2019est vraiment incroyable d\u2019avoir le sentiment de contribuer \u00e0 la r\u00e9ussite de vos clients.<\/p>\n<p>[Sonia] Cela m\u2019a permis d\u2019\u00eatre moi-m\u00eame. Je me sens vraiment \u00e9panouie. J\u2019ai le sentiment d\u2019\u00eatre arriv\u00e9e \u00e0 bon port et d\u2019\u00eatre enfin chez moi. Edward Jones a une formule gagnante. Joignez-vous \u00e0 nous si vous voulez faire partie d\u2019une grande \u00e9quipe.<\/p>\n<p>[Logo] Edward Jones<\/p>\n<p>[Texte] \u00a9 2020 Edward D. Jones &amp; Co., L.P. Tous droits r\u00e9serv\u00e9s. Membre du Fonds canadien de protection des \u00e9pargnants<\/p>\n<\/div><\/section><br \/>\n<section class=\"av_textblock_section\"  itemscope=\"itemscope\" itemtype=\"https:\/\/schema.org\/CreativeWork\" ><div class='avia_textblock locations-list pl30'   itemprop=\"text\" ><p><a class=\"edj-btn wid458\" onclick=\"goBack()\" href=\"#\">Retour \u00e0 la page pr\u00e9c\u00e9dente<\/a><\/p>\n<\/div><\/section><\/p><\/div><div class=\"flex_column av_one_fourth  flex_column_div av-zero-column-padding   search-widget search-widget-vertical \" style='background-color:#fde57f; border-radius:0px; '><div class='avia-builder-widget-area clearfix '><div id=\"widget_job_search_v2-6\" class=\"widget clearfix widget-jobsearch widget-jobsearch-v2\"><form method=\"GET\" id=\"cws_quickjobsearch\" role=\"search\" class=\"clearfix g-cols offset_medium\" action=\"\/fr-CA\/resultats-de-la-recherche-demploi\/\"><div class=\"quicksearch-title first avia-builder-el-first flex_column av_one_fourth\"><h2 class=\"widgettitle cws-widgetitle\">Search Jobs by Keyword:<\/h2><\/div><div class=\"quicksearch-field quicksearch-SearchText  flex_column av_one_fourth horizontal\"><div class=\"w-form-row\"><div class=\"w-form-row-label\"><label for=\"cws_quickjobsearch_keywords\">Keyword<\/label><\/div><div class=\"w-form-row-field\"><input type=\"text\" class=\"text_input keyword_suggest\" name=\"keyword\" id=\"cws_quickjobsearch_keywords\" data-autocomplete_limit=\"5\" data-param=\"SearchText\" aria-describedby=\"keyword-help\" value=\"\" \/><span id=\"keyword-help\" class=\"visually-hidden sr-only\" aria-live=\"polite\">Begin typing to find suggestions.<\/span><span class=\"w-form-row-field-bar\"><\/span><\/div><input type=\"hidden\" name=\"fuzzy\" id=\"cws_quickjobsearch_fuzzy\" data-param=\"fuzzy\" value=\"\" \/><\/div><\/div><div class=\"quicksearch-field quicksearch-coordinates_and_units  flex_column av_one_fourth horizontal\"><div class=\"w-form-row-label\"><label for=\"cws_quickjobsearch_location\">Emplacement<\/label><\/div><div class=\"location-wrapper location-wrapper \"><input type=\"text\"  class=\"text_input loc_auto\" name=\"location\" id=\"cws_quickjobsearch_location\" placeholder=\"\" data-param=\"Location\" value=\"\" aria-describedby=\"cws_quickjobsearch_location-description\" \/><span id=\"cws_quickjobsearch_location-description\" style=\"display:none;\">Start typing a location to get suggestions, then press the down arrow to select one.<\/span><span id=\"cws_quickjobsearch_location_error\" style=\"display:none;\" class=\"location_error\">*Please select location from the dropdown<\/span><\/div><input type=\"hidden\" name=\"latitude\" id=\"cws_quickjobsearch_latitude\" data-param=\"latitude\" value=\"\" \/><input type=\"hidden\" name=\"longitude\" id=\"cws_quickjobsearch_longitude\" data-param=\"longitude\" value=\"\" \/><input type=\"hidden\" name=\"state\" id=\"cws_quickjobsearch_state\" data-param=\"facet\" data-facet=\"primary_state\" value=\"\" \/><input type=\"hidden\" name=\"country\" id=\"cws_quickjobsearch_country\" data-param=\"facet\" data-facet=\"primary_country\" value=\"\" \/><input type=\"hidden\" name=\"radius\" id=\"cws_quickjobsearch_radius\" value=\"25\" \/><input type=\"hidden\" name=\"statewide\" id=\"cws_quickjobsearch_statewide\" value=\"\" \/><input type=\"hidden\" name=\"nationwide\" id=\"cws_quickjobsearch_nationwide\" value=\"\" \/><\/div><div class=\"quicksearch-btn avia-builder-el-last flex_column av_one_fourth\"><input class=\"avia-button avia-color-theme-color avia-size-small quicksearch-submit\" type=\"submit\" value=\"Rechercher des annonces\" \/><\/div><\/form><\/div><\/div><\/div>\n","protected":false},"excerpt":{"rendered":"","protected":false},"author":442,"featured_media":0,"parent":0,"menu_order":0,"comment_status":"closed","ping_status":"closed","template":"","meta":{"pgc_meta":"","footnotes":""},"persona":[],"class_list":["post-20893","page","type-page","status-publish","hentry"],"yoast_head":"<!-- This site is optimized with the Yoast SEO Premium plugin v23.0 (Yoast SEO v23.0) - https:\/\/yoast.com\/wordpress\/plugins\/seo\/ -->\n<title>Adieu plafond de verre. Bonjour occasions illimit\u00e9es. | Edward Jones<\/title>\n<meta name=\"description\" content=\"Vid\u00e9o en audio description avec transcription. Des repr\u00e9sentantes en services financiers prosp\u00e8res discutent de l\u2019occasion de b\u00e2tir leur propre succursale. Atteignez votre plein potentiel chez Edward Jones.\" \/>\n<meta name=\"robots\" content=\"noindex, follow, max-snippet:-1, max-image-preview:large, max-video-preview:-1\" \/>\n<meta property=\"og:locale\" content=\"fr_CA\" \/>\n<meta property=\"og:type\" content=\"article\" \/>\n<meta property=\"og:title\" content=\"Vid\u00e9o : B\u00e2tissez la pratique de vos r\u00eaves\" \/>\n<meta property=\"og:description\" content=\"Vid\u00e9o en audio description avec transcription. Des repr\u00e9sentantes en services financiers prosp\u00e8res discutent de l\u2019occasion de b\u00e2tir leur propre succursale. Atteignez votre plein potentiel chez Edward Jones.\" \/>\n<meta property=\"og:url\" content=\"https:\/\/edwardjones-stage.site.findly.com\/fr-CA\/video-batissez-la-pratique-de-vos-reves\/\" \/>\n<meta property=\"og:site_name\" content=\"Edward jones Career Stage\" \/>\n<meta property=\"article:modified_time\" content=\"2021-02-05T21:07:01+00:00\" \/>\n<meta property=\"og:image\" content=\"https:\/\/edwardjones-stage.xcc.smashfly.io\/wp-content\/uploads\/sites\/2815\/2020\/10\/EdwardJonesCareers-logo-200x200px.jpg\" \/>\n\t<meta property=\"og:image:width\" content=\"200\" \/>\n\t<meta property=\"og:image:height\" content=\"200\" \/>\n\t<meta property=\"og:image:type\" content=\"image\/jpeg\" \/>\n<meta name=\"twitter:label1\" content=\"Estimation du temps de lecture\" \/>\n\t<meta name=\"twitter:data1\" content=\"5 minutes\" \/>\n<script type=\"application\/ld+json\" class=\"yoast-schema-graph\">{\"@context\":\"https:\/\/schema.org\",\"@graph\":[{\"@type\":\"WebPage\",\"@id\":\"https:\/\/edwardjones-stage.site.findly.com\/fr-CA\/video-batissez-la-pratique-de-vos-reves\/\",\"url\":\"https:\/\/edwardjones-stage.site.findly.com\/fr-CA\/video-batissez-la-pratique-de-vos-reves\/\",\"name\":\"Adieu plafond de verre. Bonjour occasions illimit\u00e9es. | Edward Jones\",\"isPartOf\":{\"@id\":\"http:\/\/edwardjones-stage.site.findly.com\/#website\"},\"datePublished\":\"2021-01-25T06:29:44+00:00\",\"dateModified\":\"2021-02-05T21:07:01+00:00\",\"description\":\"Vid\u00e9o en audio description avec transcription. Des repr\u00e9sentantes en services financiers prosp\u00e8res discutent de l\u2019occasion de b\u00e2tir leur propre succursale. Atteignez votre plein potentiel chez Edward Jones.\",\"breadcrumb\":{\"@id\":\"https:\/\/edwardjones-stage.site.findly.com\/fr-CA\/video-batissez-la-pratique-de-vos-reves\/#breadcrumb\"},\"inLanguage\":\"fr-CA\",\"potentialAction\":[{\"@type\":\"ReadAction\",\"target\":[\"https:\/\/edwardjones-stage.site.findly.com\/fr-CA\/video-batissez-la-pratique-de-vos-reves\/\"]}]},{\"@type\":\"BreadcrumbList\",\"@id\":\"https:\/\/edwardjones-stage.site.findly.com\/fr-CA\/video-batissez-la-pratique-de-vos-reves\/#breadcrumb\",\"itemListElement\":[{\"@type\":\"ListItem\",\"position\":1,\"name\":\"Home\",\"item\":\"https:\/\/edwardjones-stage.site.findly.com\/fr-CA\/\"},{\"@type\":\"ListItem\",\"position\":2,\"name\":\"Vid\u00e9o : B\u00e2tissez la pratique de vos r\u00eaves\"}]},{\"@type\":\"WebSite\",\"@id\":\"http:\/\/edwardjones-stage.site.findly.com\/#website\",\"url\":\"http:\/\/edwardjones-stage.site.findly.com\/\",\"name\":\"Edward jones Career Stage\",\"description\":\"ibee Demo Site\",\"potentialAction\":[{\"@type\":\"SearchAction\",\"target\":{\"@type\":\"EntryPoint\",\"urlTemplate\":\"http:\/\/edwardjones-stage.site.findly.com\/?s={search_term_string}\"},\"query-input\":\"required name=search_term_string\"}],\"inLanguage\":\"fr-CA\"}]}<\/script>\n<!-- \/ Yoast SEO Premium plugin. -->","yoast_head_json":{"title":"Adieu plafond de verre. Bonjour occasions illimit\u00e9es. | Edward Jones","description":"Vid\u00e9o en audio description avec transcription. Des repr\u00e9sentantes en services financiers prosp\u00e8res discutent de l\u2019occasion de b\u00e2tir leur propre succursale. Atteignez votre plein potentiel chez Edward Jones.","robots":{"index":"noindex","follow":"follow","max-snippet":"max-snippet:-1","max-image-preview":"max-image-preview:large","max-video-preview":"max-video-preview:-1"},"og_locale":"fr_CA","og_type":"article","og_title":"Vid\u00e9o : B\u00e2tissez la pratique de vos r\u00eaves","og_description":"Vid\u00e9o en audio description avec transcription. Des repr\u00e9sentantes en services financiers prosp\u00e8res discutent de l\u2019occasion de b\u00e2tir leur propre succursale. Atteignez votre plein potentiel chez Edward Jones.","og_url":"https:\/\/edwardjones-stage.site.findly.com\/fr-CA\/video-batissez-la-pratique-de-vos-reves\/","og_site_name":"Edward jones Career Stage","article_modified_time":"2021-02-05T21:07:01+00:00","og_image":[{"width":200,"height":200,"url":"https:\/\/edwardjones-stage.xcc.smashfly.io\/wp-content\/uploads\/sites\/2815\/2020\/10\/EdwardJonesCareers-logo-200x200px.jpg","type":"image\/jpeg"}],"twitter_misc":{"Estimation du temps de lecture":"5 minutes"},"schema":{"@context":"https:\/\/schema.org","@graph":[{"@type":"WebPage","@id":"https:\/\/edwardjones-stage.site.findly.com\/fr-CA\/video-batissez-la-pratique-de-vos-reves\/","url":"https:\/\/edwardjones-stage.site.findly.com\/fr-CA\/video-batissez-la-pratique-de-vos-reves\/","name":"Adieu plafond de verre. Bonjour occasions illimit\u00e9es. | Edward Jones","isPartOf":{"@id":"http:\/\/edwardjones-stage.site.findly.com\/#website"},"datePublished":"2021-01-25T06:29:44+00:00","dateModified":"2021-02-05T21:07:01+00:00","description":"Vid\u00e9o en audio description avec transcription. Des repr\u00e9sentantes en services financiers prosp\u00e8res discutent de l\u2019occasion de b\u00e2tir leur propre succursale. Atteignez votre plein potentiel chez Edward Jones.","breadcrumb":{"@id":"https:\/\/edwardjones-stage.site.findly.com\/fr-CA\/video-batissez-la-pratique-de-vos-reves\/#breadcrumb"},"inLanguage":"fr-CA","potentialAction":[{"@type":"ReadAction","target":["https:\/\/edwardjones-stage.site.findly.com\/fr-CA\/video-batissez-la-pratique-de-vos-reves\/"]}]},{"@type":"BreadcrumbList","@id":"https:\/\/edwardjones-stage.site.findly.com\/fr-CA\/video-batissez-la-pratique-de-vos-reves\/#breadcrumb","itemListElement":[{"@type":"ListItem","position":1,"name":"Home","item":"https:\/\/edwardjones-stage.site.findly.com\/fr-CA\/"},{"@type":"ListItem","position":2,"name":"Vid\u00e9o : B\u00e2tissez la pratique de vos r\u00eaves"}]},{"@type":"WebSite","@id":"http:\/\/edwardjones-stage.site.findly.com\/#website","url":"http:\/\/edwardjones-stage.site.findly.com\/","name":"Edward jones Career Stage","description":"ibee Demo Site","potentialAction":[{"@type":"SearchAction","target":{"@type":"EntryPoint","urlTemplate":"http:\/\/edwardjones-stage.site.findly.com\/?s={search_term_string}"},"query-input":"required name=search_term_string"}],"inLanguage":"fr-CA"}]}},"pgc_meta":"","_links":{"self":[{"href":"https:\/\/edwardjones-stage.xcc.smashfly.io\/fr-CA\/wp-json\/wp\/v2\/pages\/20893","targetHints":{"allow":["GET"]}}],"collection":[{"href":"https:\/\/edwardjones-stage.xcc.smashfly.io\/fr-CA\/wp-json\/wp\/v2\/pages"}],"about":[{"href":"https:\/\/edwardjones-stage.xcc.smashfly.io\/fr-CA\/wp-json\/wp\/v2\/types\/page"}],"author":[{"embeddable":true,"href":"https:\/\/edwardjones-stage.xcc.smashfly.io\/fr-CA\/wp-json\/wp\/v2\/users\/442"}],"replies":[{"embeddable":true,"href":"https:\/\/edwardjones-stage.xcc.smashfly.io\/fr-CA\/wp-json\/wp\/v2\/comments?post=20893"}],"version-history":[{"count":0,"href":"https:\/\/edwardjones-stage.xcc.smashfly.io\/fr-CA\/wp-json\/wp\/v2\/pages\/20893\/revisions"}],"wp:attachment":[{"href":"https:\/\/edwardjones-stage.xcc.smashfly.io\/fr-CA\/wp-json\/wp\/v2\/media?parent=20893"}],"wp:term":[{"taxonomy":"persona","embeddable":true,"href":"https:\/\/edwardjones-stage.xcc.smashfly.io\/fr-CA\/wp-json\/wp\/v2\/persona?post=20893"}],"curies":[{"name":"wp","href":"https:\/\/api.w.org\/{rel}","templated":true}]}}