{"id":20732,"date":"2020-11-11T21:03:12","date_gmt":"2020-11-11T21:03:12","guid":{"rendered":"https:\/\/careers.edwardjones.com\/?page_id=20732"},"modified":"2021-02-06T00:36:32","modified_gmt":"2021-02-06T00:36:32","slug":"video-des-attentes-claires-et-fiables","status":"publish","type":"page","link":"https:\/\/edwardjones-stage.xcc.smashfly.io\/fr-CA\/video-des-attentes-claires-et-fiables\/","title":{"rendered":"Vid\u00e9o: Des attentes claires et fiables"},"content":{"rendered":"<\/div><\/div><\/div><!-- close content main div --><\/div><\/div><div id='av_section_1' class='avia-section main_color avia-section-no-padding avia-no-border-styling avia-bg-style-scroll  banner-text container_wrap fullsize'   ><div class='container' ><div class='template-page content  av-content-full alpha units'><div class='post-entry post-entry-type-page post-entry-20732'><div class='entry-content-wrapper clearfix'>\n<section class=\"av_textblock_section\"  itemscope=\"itemscope\" itemtype=\"https:\/\/schema.org\/CreativeWork\" ><div class='avia_textblock pt70 pb70'   itemprop=\"text\" ><h1>Des attentes claires et fiables<\/h1>\n<\/div><\/section>\n\n<\/div><\/div><\/div><!-- close content main div --><\/div><\/div><div id='av_section_2' class='avia-section main_color avia-section-no-padding avia-no-border-styling avia-bg-style-scroll  pb130 locations-text-widget search-widget-vertical-container pt90 container_wrap fullsize'   ><div class='container' ><div class='template-page content  av-content-full alpha units'><div class='post-entry post-entry-type-page post-entry-20732'><div class='entry-content-wrapper clearfix'>\n<div class=\"flex_column av_three_fourth  flex_column_div av-zero-column-padding first   \" style='border-radius:0px; '><p><section class=\"av_textblock_section\"  itemscope=\"itemscope\" itemtype=\"https:\/\/schema.org\/CreativeWork\" ><div class='avia_textblock locations-list pl30 pb40'   itemprop=\"text\" ><p><a class=\"edj-link\" onclick=\"goBack()\" href=\"#\">&lt; Retour \u00e0 la page pr\u00e9c\u00e9dente<\/a><\/p>\n<h2 class=\"pb20\">Vid\u00e9o avec audio description<\/h2>\n<div style=\"padding: 56.25% 0 0 0; position: relative;\"><iframe style=\"position: absolute; top: 0; left: 0; width: 100%; height: 100%;\" title=\"Des attentes claires et fiables\" src=\"https:\/\/player.vimeo.com\/video\/473436796?color=ffc001&amp;title=0&amp;byline=0&amp;portrait=0\" frameborder=\"0\" allow=\"autoplay; fullscreen\" allowfullscreen=\"allowfullscreen\" data-mce-fragment=\"1\"><\/iframe><\/div>\n<p><script src=\"https:\/\/player.vimeo.com\/api\/player.js\"><\/script><\/p>\n<\/div><\/section><br \/>\n<section class=\"av_textblock_section\"  itemscope=\"itemscope\" itemtype=\"https:\/\/schema.org\/CreativeWork\" ><div class='avia_textblock locations-list pl30 pb40'   itemprop=\"text\" ><h2 class=\"pb20\">Transcription de la vid\u00e9o<\/h2>\n<p>[Musique]<\/p>\n<p>[Texte] Vous reconnaissez-vous?<\/p>\n<p>[Jennifer] <span style=\"font-weight: 400;\">J\u2019avais bien des raisons de quitter mon ancien emploi, ne serait-ce que les r\u00e9unions interminables et la politique interne.<\/span><span style=\"font-weight: 400;\"><br \/>\n<\/span><\/p>\n<p>[Jennifer] <span style=\"font-weight: 400;\">Au d\u00e9but, je me suis dit que je pourrais tout simplement changer d\u2019employeur et \u00eatre plus heureuse, puis j\u2019ai compris que je voulais tout simplement ne plus travailler en entreprise.<\/span><span style=\"font-weight: 400;\"><br \/>\n<\/span><\/p>\n<p>[Texte] <span style=\"font-weight: 400;\">Une carri\u00e8re dont VOUS \u00eates ma\u00eetre<\/span><\/p>\n<p>[Jennifer]\u00a0<span style=\"font-weight: 400;\">Ce que j\u2019aime le plus, c\u2019est que tout ce qu\u2019Edward Jones a affirm\u00e9 lors du processus d\u2019embauche et de la formation, notamment \u00e0 propos de ce qui peut nous attendre la premi\u00e8re ann\u00e9e, s\u2019est produit.\u00a0 Cela signifie beaucoup pour moi, lorsque les gens passent de la parole aux actes.<\/span><\/p>\n<p>[Logo] Edward Jones<\/p>\n<p>[Texte] \u00a9 2020 Edward D. Jones &amp; Co., L.P. Tous droits r\u00e9serv\u00e9s. Membre du Fonds canadien de protection des \u00e9pargnants<\/p>\n<p>[Musique]<\/p>\n<\/div><\/section><br \/>\n<section class=\"av_textblock_section\"  itemscope=\"itemscope\" itemtype=\"https:\/\/schema.org\/CreativeWork\" ><div class='avia_textblock locations-list pl30'   itemprop=\"text\" ><p><a class=\"edj-btn wid458\" onclick=\"goBack()\" href=\"#\">Retour \u00e0 la page pr\u00e9c\u00e9dente<\/a><\/p>\n<\/div><\/section><\/p><\/div><div class=\"flex_column av_one_fourth  flex_column_div av-zero-column-padding   search-widget search-widget-vertical \" style='background-color:#fde57f; border-radius:0px; '><div class='avia-builder-widget-area clearfix '><div id=\"widget_job_search_v2-6\" class=\"widget clearfix widget-jobsearch widget-jobsearch-v2\"><form method=\"GET\" id=\"cws_quickjobsearch\" role=\"search\" class=\"clearfix g-cols offset_medium\" action=\"\/fr-CA\/resultats-de-la-recherche-demploi\/\"><div class=\"quicksearch-title first avia-builder-el-first flex_column av_one_fourth\"><h2 class=\"widgettitle cws-widgetitle\">Search Jobs by Keyword:<\/h2><\/div><div class=\"quicksearch-field quicksearch-SearchText  flex_column av_one_fourth horizontal\"><div class=\"w-form-row\"><div class=\"w-form-row-label\"><label for=\"cws_quickjobsearch_keywords\">Keyword<\/label><\/div><div class=\"w-form-row-field\"><input type=\"text\" class=\"text_input keyword_suggest\" name=\"keyword\" id=\"cws_quickjobsearch_keywords\" data-autocomplete_limit=\"5\" data-param=\"SearchText\" aria-describedby=\"keyword-help\" value=\"\" \/><span id=\"keyword-help\" class=\"visually-hidden sr-only\" aria-live=\"polite\">Begin typing to find suggestions.<\/span><span class=\"w-form-row-field-bar\"><\/span><\/div><input type=\"hidden\" name=\"fuzzy\" id=\"cws_quickjobsearch_fuzzy\" data-param=\"fuzzy\" value=\"\" \/><\/div><\/div><div class=\"quicksearch-field quicksearch-coordinates_and_units  flex_column av_one_fourth horizontal\"><div class=\"w-form-row-label\"><label for=\"cws_quickjobsearch_location\">Emplacement<\/label><\/div><div class=\"location-wrapper location-wrapper \"><input type=\"text\"  class=\"text_input loc_auto\" name=\"location\" id=\"cws_quickjobsearch_location\" placeholder=\"\" data-param=\"Location\" value=\"\" aria-describedby=\"cws_quickjobsearch_location-description\" \/><span id=\"cws_quickjobsearch_location-description\" style=\"display:none;\">Start typing a location to get suggestions, then press the down arrow to select one.<\/span><span id=\"cws_quickjobsearch_location_error\" style=\"display:none;\" class=\"location_error\">*Please select location from the dropdown<\/span><\/div><input type=\"hidden\" name=\"latitude\" id=\"cws_quickjobsearch_latitude\" data-param=\"latitude\" value=\"\" \/><input type=\"hidden\" name=\"longitude\" id=\"cws_quickjobsearch_longitude\" data-param=\"longitude\" value=\"\" \/><input type=\"hidden\" name=\"state\" id=\"cws_quickjobsearch_state\" data-param=\"facet\" data-facet=\"primary_state\" value=\"\" \/><input type=\"hidden\" name=\"country\" id=\"cws_quickjobsearch_country\" data-param=\"facet\" data-facet=\"primary_country\" value=\"\" \/><input type=\"hidden\" name=\"radius\" id=\"cws_quickjobsearch_radius\" value=\"25\" \/><input type=\"hidden\" name=\"statewide\" id=\"cws_quickjobsearch_statewide\" value=\"\" \/><input type=\"hidden\" name=\"nationwide\" id=\"cws_quickjobsearch_nationwide\" value=\"\" \/><\/div><div class=\"quicksearch-btn avia-builder-el-last flex_column av_one_fourth\"><input class=\"avia-button avia-color-theme-color avia-size-small quicksearch-submit\" type=\"submit\" value=\"Rechercher des annonces\" \/><\/div><\/form><\/div><\/div><\/div>\n","protected":false},"excerpt":{"rendered":"","protected":false},"author":442,"featured_media":0,"parent":0,"menu_order":0,"comment_status":"closed","ping_status":"closed","template":"","meta":{"pgc_meta":"","footnotes":""},"persona":[],"class_list":["post-20732","page","type-page","status-publish","hentry"],"yoast_head":"<!-- This site is optimized with the Yoast SEO Premium plugin v23.0 (Yoast SEO v23.0) - https:\/\/yoast.com\/wordpress\/plugins\/seo\/ -->\n<title>De directrice de compte \u00e0 repr\u00e9sentante en services financiers | Edward Jones<\/title>\n<meta name=\"description\" content=\"Vid\u00e9o en audio description avec transcription. Jennifer a quitt\u00e9 la vie en entreprise pour prendre le contr\u00f4le de sa carri\u00e8re en devenant repr\u00e9sentante en services financiers Edward Jones. Trouvez des occasions chez Edward Jones.\" \/>\n<meta name=\"robots\" content=\"noindex, follow, max-snippet:-1, max-image-preview:large, max-video-preview:-1\" \/>\n<meta property=\"og:locale\" content=\"fr_CA\" \/>\n<meta property=\"og:type\" content=\"article\" \/>\n<meta property=\"og:title\" content=\"Vid\u00e9o: Des attentes claires et fiables\" \/>\n<meta property=\"og:description\" content=\"Vid\u00e9o en audio description avec transcription. Jennifer a quitt\u00e9 la vie en entreprise pour prendre le contr\u00f4le de sa carri\u00e8re en devenant repr\u00e9sentante en services financiers Edward Jones. Trouvez des occasions chez Edward Jones.\" \/>\n<meta property=\"og:url\" content=\"http:\/\/edwardjones-stage.site.findly.com\/fr-CA\/video-des-attentes-claires-et-fiables\/\" \/>\n<meta property=\"og:site_name\" content=\"Edward jones Career Stage\" \/>\n<meta property=\"article:modified_time\" content=\"2021-02-06T00:36:32+00:00\" \/>\n<meta property=\"og:image\" content=\"https:\/\/edwardjones-stage.xcc.smashfly.io\/wp-content\/uploads\/sites\/2815\/2020\/10\/EdwardJonesCareers-logo-200x200px.jpg\" \/>\n\t<meta property=\"og:image:width\" content=\"200\" \/>\n\t<meta property=\"og:image:height\" content=\"200\" \/>\n\t<meta property=\"og:image:type\" content=\"image\/jpeg\" \/>\n<meta name=\"twitter:label1\" content=\"Estimation du temps de lecture\" \/>\n\t<meta name=\"twitter:data1\" content=\"3 minutes\" \/>\n<script type=\"application\/ld+json\" class=\"yoast-schema-graph\">{\"@context\":\"https:\/\/schema.org\",\"@graph\":[{\"@type\":\"WebPage\",\"@id\":\"http:\/\/edwardjones-stage.site.findly.com\/fr-CA\/video-des-attentes-claires-et-fiables\/\",\"url\":\"http:\/\/edwardjones-stage.site.findly.com\/fr-CA\/video-des-attentes-claires-et-fiables\/\",\"name\":\"De directrice de compte \u00e0 repr\u00e9sentante en services financiers | Edward Jones\",\"isPartOf\":{\"@id\":\"http:\/\/edwardjones-stage.site.findly.com\/#website\"},\"datePublished\":\"2020-11-11T21:03:12+00:00\",\"dateModified\":\"2021-02-06T00:36:32+00:00\",\"description\":\"Vid\u00e9o en audio description avec transcription. Jennifer a quitt\u00e9 la vie en entreprise pour prendre le contr\u00f4le de sa carri\u00e8re en devenant repr\u00e9sentante en services financiers Edward Jones. Trouvez des occasions chez Edward Jones.\",\"breadcrumb\":{\"@id\":\"http:\/\/edwardjones-stage.site.findly.com\/fr-CA\/video-des-attentes-claires-et-fiables\/#breadcrumb\"},\"inLanguage\":\"fr-CA\",\"potentialAction\":[{\"@type\":\"ReadAction\",\"target\":[\"http:\/\/edwardjones-stage.site.findly.com\/fr-CA\/video-des-attentes-claires-et-fiables\/\"]}]},{\"@type\":\"BreadcrumbList\",\"@id\":\"http:\/\/edwardjones-stage.site.findly.com\/fr-CA\/video-des-attentes-claires-et-fiables\/#breadcrumb\",\"itemListElement\":[{\"@type\":\"ListItem\",\"position\":1,\"name\":\"Home\",\"item\":\"https:\/\/edwardjones-stage.site.findly.com\/fr-CA\/\"},{\"@type\":\"ListItem\",\"position\":2,\"name\":\"Vid\u00e9o: Des attentes claires et fiables\"}]},{\"@type\":\"WebSite\",\"@id\":\"http:\/\/edwardjones-stage.site.findly.com\/#website\",\"url\":\"http:\/\/edwardjones-stage.site.findly.com\/\",\"name\":\"Edward jones Career Stage\",\"description\":\"ibee Demo Site\",\"potentialAction\":[{\"@type\":\"SearchAction\",\"target\":{\"@type\":\"EntryPoint\",\"urlTemplate\":\"http:\/\/edwardjones-stage.site.findly.com\/?s={search_term_string}\"},\"query-input\":\"required name=search_term_string\"}],\"inLanguage\":\"fr-CA\"}]}<\/script>\n<!-- \/ Yoast SEO Premium plugin. -->","yoast_head_json":{"title":"De directrice de compte \u00e0 repr\u00e9sentante en services financiers | Edward Jones","description":"Vid\u00e9o en audio description avec transcription. Jennifer a quitt\u00e9 la vie en entreprise pour prendre le contr\u00f4le de sa carri\u00e8re en devenant repr\u00e9sentante en services financiers Edward Jones. Trouvez des occasions chez Edward Jones.","robots":{"index":"noindex","follow":"follow","max-snippet":"max-snippet:-1","max-image-preview":"max-image-preview:large","max-video-preview":"max-video-preview:-1"},"og_locale":"fr_CA","og_type":"article","og_title":"Vid\u00e9o: Des attentes claires et fiables","og_description":"Vid\u00e9o en audio description avec transcription. Jennifer a quitt\u00e9 la vie en entreprise pour prendre le contr\u00f4le de sa carri\u00e8re en devenant repr\u00e9sentante en services financiers Edward Jones. Trouvez des occasions chez Edward Jones.","og_url":"http:\/\/edwardjones-stage.site.findly.com\/fr-CA\/video-des-attentes-claires-et-fiables\/","og_site_name":"Edward jones Career Stage","article_modified_time":"2021-02-06T00:36:32+00:00","og_image":[{"width":200,"height":200,"url":"https:\/\/edwardjones-stage.xcc.smashfly.io\/wp-content\/uploads\/sites\/2815\/2020\/10\/EdwardJonesCareers-logo-200x200px.jpg","type":"image\/jpeg"}],"twitter_misc":{"Estimation du temps de lecture":"3 minutes"},"schema":{"@context":"https:\/\/schema.org","@graph":[{"@type":"WebPage","@id":"http:\/\/edwardjones-stage.site.findly.com\/fr-CA\/video-des-attentes-claires-et-fiables\/","url":"http:\/\/edwardjones-stage.site.findly.com\/fr-CA\/video-des-attentes-claires-et-fiables\/","name":"De directrice de compte \u00e0 repr\u00e9sentante en services financiers | Edward Jones","isPartOf":{"@id":"http:\/\/edwardjones-stage.site.findly.com\/#website"},"datePublished":"2020-11-11T21:03:12+00:00","dateModified":"2021-02-06T00:36:32+00:00","description":"Vid\u00e9o en audio description avec transcription. Jennifer a quitt\u00e9 la vie en entreprise pour prendre le contr\u00f4le de sa carri\u00e8re en devenant repr\u00e9sentante en services financiers Edward Jones. Trouvez des occasions chez Edward Jones.","breadcrumb":{"@id":"http:\/\/edwardjones-stage.site.findly.com\/fr-CA\/video-des-attentes-claires-et-fiables\/#breadcrumb"},"inLanguage":"fr-CA","potentialAction":[{"@type":"ReadAction","target":["http:\/\/edwardjones-stage.site.findly.com\/fr-CA\/video-des-attentes-claires-et-fiables\/"]}]},{"@type":"BreadcrumbList","@id":"http:\/\/edwardjones-stage.site.findly.com\/fr-CA\/video-des-attentes-claires-et-fiables\/#breadcrumb","itemListElement":[{"@type":"ListItem","position":1,"name":"Home","item":"https:\/\/edwardjones-stage.site.findly.com\/fr-CA\/"},{"@type":"ListItem","position":2,"name":"Vid\u00e9o: Des attentes claires et fiables"}]},{"@type":"WebSite","@id":"http:\/\/edwardjones-stage.site.findly.com\/#website","url":"http:\/\/edwardjones-stage.site.findly.com\/","name":"Edward jones Career Stage","description":"ibee Demo Site","potentialAction":[{"@type":"SearchAction","target":{"@type":"EntryPoint","urlTemplate":"http:\/\/edwardjones-stage.site.findly.com\/?s={search_term_string}"},"query-input":"required name=search_term_string"}],"inLanguage":"fr-CA"}]}},"pgc_meta":"","_links":{"self":[{"href":"https:\/\/edwardjones-stage.xcc.smashfly.io\/fr-CA\/wp-json\/wp\/v2\/pages\/20732","targetHints":{"allow":["GET"]}}],"collection":[{"href":"https:\/\/edwardjones-stage.xcc.smashfly.io\/fr-CA\/wp-json\/wp\/v2\/pages"}],"about":[{"href":"https:\/\/edwardjones-stage.xcc.smashfly.io\/fr-CA\/wp-json\/wp\/v2\/types\/page"}],"author":[{"embeddable":true,"href":"https:\/\/edwardjones-stage.xcc.smashfly.io\/fr-CA\/wp-json\/wp\/v2\/users\/442"}],"replies":[{"embeddable":true,"href":"https:\/\/edwardjones-stage.xcc.smashfly.io\/fr-CA\/wp-json\/wp\/v2\/comments?post=20732"}],"version-history":[{"count":0,"href":"https:\/\/edwardjones-stage.xcc.smashfly.io\/fr-CA\/wp-json\/wp\/v2\/pages\/20732\/revisions"}],"wp:attachment":[{"href":"https:\/\/edwardjones-stage.xcc.smashfly.io\/fr-CA\/wp-json\/wp\/v2\/media?parent=20732"}],"wp:term":[{"taxonomy":"persona","embeddable":true,"href":"https:\/\/edwardjones-stage.xcc.smashfly.io\/fr-CA\/wp-json\/wp\/v2\/persona?post=20732"}],"curies":[{"name":"wp","href":"https:\/\/api.w.org\/{rel}","templated":true}]}}