{"id":20247,"date":"2021-01-13T15:10:18","date_gmt":"2021-01-13T15:10:18","guid":{"rendered":"https:\/\/careers.edwardjones.com\/?page_id=20247"},"modified":"2021-02-05T20:47:43","modified_gmt":"2021-02-05T20:47:43","slug":"video-travaillez-pour-vous-meme-et-non-par-vous-meme","status":"publish","type":"page","link":"https:\/\/edwardjones-stage.xcc.smashfly.io\/fr-CA\/video-travaillez-pour-vous-meme-et-non-par-vous-meme\/","title":{"rendered":"Vid\u00e9o : Travaillez pour vous-m\u00eame, et non par vous-m\u00eame"},"content":{"rendered":"<\/div><\/div><\/div><!-- close content main div --><\/div><\/div><div id='av_section_1' class='avia-section main_color avia-section-no-padding avia-no-border-styling avia-bg-style-scroll  banner-text container_wrap fullsize'   ><div class='container' ><div class='template-page content  av-content-full alpha units'><div class='post-entry post-entry-type-page post-entry-20247'><div class='entry-content-wrapper clearfix'>\n<section class=\"av_textblock_section\"  itemscope=\"itemscope\" itemtype=\"https:\/\/schema.org\/CreativeWork\" ><div class='avia_textblock pt70 pb70'   itemprop=\"text\" ><h1>Travaillez pour vous-m\u00eame, et non par vous-m\u00eame.<\/h1>\n<\/div><\/section>\n\n<\/div><\/div><\/div><!-- close content main div --><\/div><\/div><div id='av_section_2' class='avia-section main_color avia-section-no-padding avia-no-border-styling avia-bg-style-scroll  pb130 locations-text-widget search-widget-vertical-container pt90 container_wrap fullsize'   ><div class='container' ><div class='template-page content  av-content-full alpha units'><div class='post-entry post-entry-type-page post-entry-20247'><div class='entry-content-wrapper clearfix'>\n<div class=\"flex_column av_three_fourth  flex_column_div av-zero-column-padding first   \" style='border-radius:0px; '><p><section class=\"av_textblock_section\"  itemscope=\"itemscope\" itemtype=\"https:\/\/schema.org\/CreativeWork\" ><div class='avia_textblock locations-list pl30 pb40'   itemprop=\"text\" ><p><a class=\"edj-link\" onclick=\"goBack()\" href=\"#\">&lt; Retour \u00e0 la page pr\u00e9c\u00e9dente<\/a><\/p>\n<h2 class=\"pb20\">Vid\u00e9o avec audio description<\/h2>\n<div style=\"padding: 56.25% 0 0 0; position: relative;\"><iframe style=\"position: absolute; top: 0; left: 0; width: 100%; height: 100%;\" title=\"Vid\u00e9o : Travaillez pour vous-m\u00eame, et non par vous-m\u00eame\" src=\"https:\/\/player.vimeo.com\/video\/476053408?color=ffc001&amp;title=0&amp;byline=0&amp;portrait=0\" frameborder=\"0\" allow=\"autoplay; fullscreen\" allowfullscreen=\"allowfullscreen\" data-mce-fragment=\"1\"><\/iframe><\/div>\n<p><script src=\"https:\/\/player.vimeo.com\/api\/player.js\"><\/script><\/p>\n<\/div><\/section><br \/>\n<section class=\"av_textblock_section\"  itemscope=\"itemscope\" itemtype=\"https:\/\/schema.org\/CreativeWork\" ><div class='avia_textblock locations-list pl30 pb40'   itemprop=\"text\" ><h2 class=\"pb20\">Transcription de la vid\u00e9o<\/h2>\n<p>[Musique]<\/p>\n<p>[Texte] Occasions d\u2019emploi \u00e0 Edward Jones | Carri\u00e8re de repr\u00e9sentant en services financiers<\/p>\n<p>[Texte] Brad McRae II &#8211; Repr\u00e9sentant en services financiers<\/p>\n<p>[Brad] J\u2019\u00e9tais en qu\u00eate d\u2019une carri\u00e8re qui me permettrait de grandir au lieu d\u2019une carri\u00e8re o\u00f9 je stagnais. Je cherchais aussi une entreprise ayant r\u00e9sist\u00e9 \u00e0 l\u2019\u00e9preuve du temps.<\/p>\n<p>[Texte] Travaillez pour vous-m\u00eame, et non par vous-m\u00eame.<\/p>\n<p>[Texte] David Tam &#8211; Repr\u00e9sentant en services financiers<\/p>\n<p>[David] Edward Jones a \u00e9t\u00e9 la seule entreprise \u00e0 m\u2019offrir mon propre bureau et un administrateur de succursale \u00e0 temps plein. Je me suis donc dit que s\u2019ils traitaient aussi bien les recrues, les repr\u00e9sentants chevronn\u00e9s ne sont certainement pas \u00e0 plaindre. J\u2019avais raison.<\/p>\n<p>[Texte] Helen Rice &#8211; Repr\u00e9sentante en services financiers<\/p>\n<p>[Helen] J\u2019ai b\u00e9n\u00e9fici\u00e9 de la souplesse et de la libert\u00e9 de b\u00e2tir la pratique que je voulais et ma progression a surpass\u00e9 tout ce que j\u2019avais pu imaginer.<\/p>\n<p>[Texte] Ernie Gamino &#8211; Repr\u00e9sentant en services financiers<\/p>\n<p>[Ernie] Vous n\u2019avez pas \u00e0 investir un seul dollar et l\u2019entreprise vous \u00e9paule dans votre r\u00e9ussite. Je ne sais pas o\u00f9 vous pouvez trouver cela ailleurs.<\/p>\n<p>[Texte] \u00c9quilibre travail-vie personnelle<\/p>\n<p>[Brad] L\u2019entreprise reconna\u00eet que plus j\u2019obtiens de soutien de ma famille, plus je connais de succ\u00e8s.<\/p>\n<p>[Texte] Crystal Dempsey &#8211; Repr\u00e9sentante en services financiers<\/p>\n<p>[Crystal] Gr\u00e2ce \u00e0 la souplesse des horaires, je peux m\u2019occuper de tout ce qui se passe avec ma famille et organiser ma journ\u00e9e en cons\u00e9quence.<\/p>\n<p>[Texte] \u00c9videmment, je dois parfois travailler \u00e0 des heures d\u00e9cal\u00e9es, mais je peux choisir, personne ne m\u2019impose d\u2019emploi du temps.<\/p>\n<p>[Texte] Formation et soutien. Tout au long de votre carri\u00e8re.<\/p>\n<p>[Texte] Shawn Creger &#8211; Repr\u00e9sentant en services financiers<\/p>\n<p>[Shawn] Vous n\u2019avez pas \u00e0 \u00eatre expert au d\u00e9part. Nous avons un programme de formation et des gens qui se soucient de votre r\u00e9ussite et y investissent. Vous aurez des accompagnateurs, des mentors. \u00c0 chaque \u00e9tape, quelqu\u2019un s\u2019investit dans vos r\u00e9sultats.<\/p>\n<p>[Texte] Travaillez fort. Soyez r\u00e9compens\u00e9.<\/p>\n<p>[Texte] Geoff Meno &#8211; Repr\u00e9sentant en services financiers<\/p>\n<p>[Geoff] La possibilit\u00e9 de contr\u00f4ler mon propre destin est tr\u00e8s importante pour moi. Si je travaille dur, je veux en r\u00e9colter les fruits. Edward Jones m\u2019offre un potentiel de revenu illimit\u00e9.<\/p>\n<p>[Texte] Cindy Jones &#8211; Repr\u00e9sentante en services financiers<\/p>\n<p>[Cindy] Tout tourne autour de la passion et de la compassion \u00e0 l\u2019\u00e9gard de vos clients. C\u2019est ce qui vous permettra de faire cro\u00eetre vos affaires : les relations avec vos clients.<\/p>\n<p>[Texte] L\u2019avantage du partenariat<\/p>\n<p>[Texte] Jill Clifton &#8211; Repr\u00e9sentante en services financiers<\/p>\n<p>[Jill] Comme nous formons un partenariat, nous travaillons ensemble pour nous soutenir mutuellement et contribuer au succ\u00e8s d\u2019Edward Jones.<\/p>\n<p>[Texte] Anson Sobers &#8211; Repr\u00e9sentant en services financiers<\/p>\n<p>[Anson] Nous ne consid\u00e9rons pas les recrues comme des d\u00e9penses, mais comme un r\u00e9el investissement.<\/p>\n<p>[Texte] Un travail valorisant<\/p>\n<p>[Texte] Nanette Fahrenbruch &#8211; Repr\u00e9sentante en services financiers<\/p>\n<p>[Nanette] Ce que j\u2019aime le plus du m\u00e9tier de repr\u00e9sentante en services financiers, c\u2019est la possibilit\u00e9 et le privil\u00e8ge d\u2019avoir une incidence importante dans la vie de nos clients. Nous faisons une telle diff\u00e9rence chaque jour; j\u2019adore mon travail au quotidien. Ce n\u2019est m\u00eame pas du travail!<\/p>\n<p>[Logo] Edward Jones<\/p>\n<p>[Texte] \u00a9 2019 Edward D. Jones &amp; Co., L.P. Tous droits r\u00e9serv\u00e9s. Membre \u2013 Fonds canadien de protection des \u00e9pargnants. edwardjones.ca. Edward Jones ne fait aucune discrimination fond\u00e9e sur la race, la couleur, le sexe, la religion, le pays d\u2019origine, l\u2019\u00e2ge, un handicap, l\u2019orientation sexuelle, une grossesse, un statut d\u2019ancien combattant, les caract\u00e9ristiques g\u00e9n\u00e9tiques ou sur tout autre crit\u00e8re interdit par la loi.<\/p>\n<p>[Musique]<\/p>\n<\/div><\/section><br \/>\n<section class=\"av_textblock_section\"  itemscope=\"itemscope\" itemtype=\"https:\/\/schema.org\/CreativeWork\" ><div class='avia_textblock locations-list pl30'   itemprop=\"text\" ><p><a class=\"edj-btn wid458\" onclick=\"goBack()\" href=\"#\">Retour \u00e0 la page pr\u00e9c\u00e9dente<\/a><\/p>\n<\/div><\/section><\/p><\/div><div class=\"flex_column av_one_fourth  flex_column_div av-zero-column-padding   search-widget search-widget-vertical \" style='background-color:#fde57f; border-radius:0px; '><div class='avia-builder-widget-area clearfix '><div id=\"widget_job_search_v2-7\" class=\"widget clearfix widget-jobsearch widget-jobsearch-v2\"><form method=\"GET\" id=\"cws_quickjobsearch\" role=\"search\" class=\"clearfix g-cols offset_medium\" action=\"\/fr-CA\/resultats-de-la-recherche-demploi\/\"><div class=\"quicksearch-title first avia-builder-el-first flex_column av_one_third\"><h2 class=\"widgettitle cws-widgetitle\">Recherche d\u2019emplois par mot cl\u00e9<\/h2><\/div><div class=\"quicksearch-field quicksearch-SearchText  flex_column av_one_third horizontal\"><div class=\"w-form-row\"><div class=\"w-form-row-label\"><label for=\"cws_quickjobsearch_keywords\">Keyword<\/label><\/div><div class=\"w-form-row-field\"><input type=\"text\" class=\"text_input keyword_suggest\" name=\"keyword\" id=\"cws_quickjobsearch_keywords\" data-autocomplete_limit=\"5\" data-param=\"SearchText\" aria-describedby=\"keyword-help\" value=\"\" \/><span id=\"keyword-help\" class=\"visually-hidden sr-only\" aria-live=\"polite\">Begin typing to find suggestions.<\/span><span class=\"w-form-row-field-bar\"><\/span><\/div><input type=\"hidden\" name=\"fuzzy\" id=\"cws_quickjobsearch_fuzzy\" data-param=\"fuzzy\" value=\"\" \/><\/div><\/div><div class=\"quicksearch-btn avia-builder-el-last flex_column av_one_third\"><input class=\"avia-button avia-color-theme-color avia-size-small quicksearch-submit\" type=\"submit\" value=\"Recherche d\u2019emplois\" \/><\/div><\/form><\/div><\/div><\/div>\n","protected":false},"excerpt":{"rendered":"","protected":false},"author":1415,"featured_media":0,"parent":0,"menu_order":0,"comment_status":"closed","ping_status":"closed","template":"","meta":{"pgc_meta":"","footnotes":""},"persona":[],"class_list":["post-20247","page","type-page","status-publish","hentry"],"yoast_head":"<!-- This site is optimized with the Yoast SEO Premium plugin v23.0 (Yoast SEO v23.0) - https:\/\/yoast.com\/wordpress\/plugins\/seo\/ -->\n<title>Le poste de repr\u00e9sentant en services financiers | Edward Jones<\/title>\n<meta name=\"description\" content=\"Vid\u00e9o en audio description avec transcription. De nouveaux repr\u00e9sentants en services financiers discutent de la possibilit\u00e9 de b\u00e2tir leur propre entreprise gr\u00e2ce \u00e0 notre soutien et \u00e0 nos ressources. Trouvez des occasions chez Edward Jones.\" \/>\n<meta name=\"robots\" content=\"noindex, follow, max-snippet:-1, max-image-preview:large, max-video-preview:-1\" \/>\n<meta property=\"og:locale\" content=\"fr_CA\" \/>\n<meta property=\"og:type\" content=\"article\" \/>\n<meta property=\"og:title\" content=\"Vid\u00e9o : Travaillez pour vous-m\u00eame, et non par vous-m\u00eame\" \/>\n<meta property=\"og:description\" content=\"Vid\u00e9o en audio description avec transcription. De nouveaux repr\u00e9sentants en services financiers discutent de la possibilit\u00e9 de b\u00e2tir leur propre entreprise gr\u00e2ce \u00e0 notre soutien et \u00e0 nos ressources. Trouvez des occasions chez Edward Jones.\" \/>\n<meta property=\"og:url\" content=\"http:\/\/edwardjones-stage.site.findly.com\/fr-CA\/video-travaillez-pour-vous-meme-et-non-par-vous-meme\/\" \/>\n<meta property=\"og:site_name\" content=\"Edward jones Career Stage\" \/>\n<meta property=\"article:modified_time\" content=\"2021-02-05T20:47:43+00:00\" \/>\n<meta property=\"og:image\" content=\"https:\/\/edwardjones-stage.xcc.smashfly.io\/wp-content\/uploads\/sites\/2815\/2020\/10\/EdwardJonesCareers-logo-200x200px.jpg\" \/>\n\t<meta property=\"og:image:width\" content=\"200\" \/>\n\t<meta property=\"og:image:height\" content=\"200\" \/>\n\t<meta property=\"og:image:type\" content=\"image\/jpeg\" \/>\n<meta name=\"twitter:label1\" content=\"Estimation du temps de lecture\" \/>\n\t<meta name=\"twitter:data1\" content=\"5 minutes\" \/>\n<script type=\"application\/ld+json\" class=\"yoast-schema-graph\">{\"@context\":\"https:\/\/schema.org\",\"@graph\":[{\"@type\":\"WebPage\",\"@id\":\"http:\/\/edwardjones-stage.site.findly.com\/fr-CA\/video-travaillez-pour-vous-meme-et-non-par-vous-meme\/\",\"url\":\"http:\/\/edwardjones-stage.site.findly.com\/fr-CA\/video-travaillez-pour-vous-meme-et-non-par-vous-meme\/\",\"name\":\"Le poste de repr\u00e9sentant en services financiers | Edward Jones\",\"isPartOf\":{\"@id\":\"http:\/\/edwardjones-stage.site.findly.com\/#website\"},\"datePublished\":\"2021-01-13T15:10:18+00:00\",\"dateModified\":\"2021-02-05T20:47:43+00:00\",\"description\":\"Vid\u00e9o en audio description avec transcription. De nouveaux repr\u00e9sentants en services financiers discutent de la possibilit\u00e9 de b\u00e2tir leur propre entreprise gr\u00e2ce \u00e0 notre soutien et \u00e0 nos ressources. Trouvez des occasions chez Edward Jones.\",\"breadcrumb\":{\"@id\":\"http:\/\/edwardjones-stage.site.findly.com\/fr-CA\/video-travaillez-pour-vous-meme-et-non-par-vous-meme\/#breadcrumb\"},\"inLanguage\":\"fr-CA\",\"potentialAction\":[{\"@type\":\"ReadAction\",\"target\":[\"http:\/\/edwardjones-stage.site.findly.com\/fr-CA\/video-travaillez-pour-vous-meme-et-non-par-vous-meme\/\"]}]},{\"@type\":\"BreadcrumbList\",\"@id\":\"http:\/\/edwardjones-stage.site.findly.com\/fr-CA\/video-travaillez-pour-vous-meme-et-non-par-vous-meme\/#breadcrumb\",\"itemListElement\":[{\"@type\":\"ListItem\",\"position\":1,\"name\":\"Home\",\"item\":\"https:\/\/edwardjones-stage.site.findly.com\/fr-CA\/\"},{\"@type\":\"ListItem\",\"position\":2,\"name\":\"Vid\u00e9o : Travaillez pour vous-m\u00eame, et non par vous-m\u00eame\"}]},{\"@type\":\"WebSite\",\"@id\":\"http:\/\/edwardjones-stage.site.findly.com\/#website\",\"url\":\"http:\/\/edwardjones-stage.site.findly.com\/\",\"name\":\"Edward jones Career Stage\",\"description\":\"ibee Demo Site\",\"potentialAction\":[{\"@type\":\"SearchAction\",\"target\":{\"@type\":\"EntryPoint\",\"urlTemplate\":\"http:\/\/edwardjones-stage.site.findly.com\/?s={search_term_string}\"},\"query-input\":\"required name=search_term_string\"}],\"inLanguage\":\"fr-CA\"}]}<\/script>\n<!-- \/ Yoast SEO Premium plugin. -->","yoast_head_json":{"title":"Le poste de repr\u00e9sentant en services financiers | Edward Jones","description":"Vid\u00e9o en audio description avec transcription. De nouveaux repr\u00e9sentants en services financiers discutent de la possibilit\u00e9 de b\u00e2tir leur propre entreprise gr\u00e2ce \u00e0 notre soutien et \u00e0 nos ressources. Trouvez des occasions chez Edward Jones.","robots":{"index":"noindex","follow":"follow","max-snippet":"max-snippet:-1","max-image-preview":"max-image-preview:large","max-video-preview":"max-video-preview:-1"},"og_locale":"fr_CA","og_type":"article","og_title":"Vid\u00e9o : Travaillez pour vous-m\u00eame, et non par vous-m\u00eame","og_description":"Vid\u00e9o en audio description avec transcription. De nouveaux repr\u00e9sentants en services financiers discutent de la possibilit\u00e9 de b\u00e2tir leur propre entreprise gr\u00e2ce \u00e0 notre soutien et \u00e0 nos ressources. Trouvez des occasions chez Edward Jones.","og_url":"http:\/\/edwardjones-stage.site.findly.com\/fr-CA\/video-travaillez-pour-vous-meme-et-non-par-vous-meme\/","og_site_name":"Edward jones Career Stage","article_modified_time":"2021-02-05T20:47:43+00:00","og_image":[{"width":200,"height":200,"url":"https:\/\/edwardjones-stage.xcc.smashfly.io\/wp-content\/uploads\/sites\/2815\/2020\/10\/EdwardJonesCareers-logo-200x200px.jpg","type":"image\/jpeg"}],"twitter_misc":{"Estimation du temps de lecture":"5 minutes"},"schema":{"@context":"https:\/\/schema.org","@graph":[{"@type":"WebPage","@id":"http:\/\/edwardjones-stage.site.findly.com\/fr-CA\/video-travaillez-pour-vous-meme-et-non-par-vous-meme\/","url":"http:\/\/edwardjones-stage.site.findly.com\/fr-CA\/video-travaillez-pour-vous-meme-et-non-par-vous-meme\/","name":"Le poste de repr\u00e9sentant en services financiers | Edward Jones","isPartOf":{"@id":"http:\/\/edwardjones-stage.site.findly.com\/#website"},"datePublished":"2021-01-13T15:10:18+00:00","dateModified":"2021-02-05T20:47:43+00:00","description":"Vid\u00e9o en audio description avec transcription. De nouveaux repr\u00e9sentants en services financiers discutent de la possibilit\u00e9 de b\u00e2tir leur propre entreprise gr\u00e2ce \u00e0 notre soutien et \u00e0 nos ressources. Trouvez des occasions chez Edward Jones.","breadcrumb":{"@id":"http:\/\/edwardjones-stage.site.findly.com\/fr-CA\/video-travaillez-pour-vous-meme-et-non-par-vous-meme\/#breadcrumb"},"inLanguage":"fr-CA","potentialAction":[{"@type":"ReadAction","target":["http:\/\/edwardjones-stage.site.findly.com\/fr-CA\/video-travaillez-pour-vous-meme-et-non-par-vous-meme\/"]}]},{"@type":"BreadcrumbList","@id":"http:\/\/edwardjones-stage.site.findly.com\/fr-CA\/video-travaillez-pour-vous-meme-et-non-par-vous-meme\/#breadcrumb","itemListElement":[{"@type":"ListItem","position":1,"name":"Home","item":"https:\/\/edwardjones-stage.site.findly.com\/fr-CA\/"},{"@type":"ListItem","position":2,"name":"Vid\u00e9o : Travaillez pour vous-m\u00eame, et non par vous-m\u00eame"}]},{"@type":"WebSite","@id":"http:\/\/edwardjones-stage.site.findly.com\/#website","url":"http:\/\/edwardjones-stage.site.findly.com\/","name":"Edward jones Career Stage","description":"ibee Demo Site","potentialAction":[{"@type":"SearchAction","target":{"@type":"EntryPoint","urlTemplate":"http:\/\/edwardjones-stage.site.findly.com\/?s={search_term_string}"},"query-input":"required name=search_term_string"}],"inLanguage":"fr-CA"}]}},"pgc_meta":"","_links":{"self":[{"href":"https:\/\/edwardjones-stage.xcc.smashfly.io\/fr-CA\/wp-json\/wp\/v2\/pages\/20247","targetHints":{"allow":["GET"]}}],"collection":[{"href":"https:\/\/edwardjones-stage.xcc.smashfly.io\/fr-CA\/wp-json\/wp\/v2\/pages"}],"about":[{"href":"https:\/\/edwardjones-stage.xcc.smashfly.io\/fr-CA\/wp-json\/wp\/v2\/types\/page"}],"author":[{"embeddable":true,"href":"https:\/\/edwardjones-stage.xcc.smashfly.io\/fr-CA\/wp-json\/wp\/v2\/users\/1415"}],"replies":[{"embeddable":true,"href":"https:\/\/edwardjones-stage.xcc.smashfly.io\/fr-CA\/wp-json\/wp\/v2\/comments?post=20247"}],"version-history":[{"count":0,"href":"https:\/\/edwardjones-stage.xcc.smashfly.io\/fr-CA\/wp-json\/wp\/v2\/pages\/20247\/revisions"}],"wp:attachment":[{"href":"https:\/\/edwardjones-stage.xcc.smashfly.io\/fr-CA\/wp-json\/wp\/v2\/media?parent=20247"}],"wp:term":[{"taxonomy":"persona","embeddable":true,"href":"https:\/\/edwardjones-stage.xcc.smashfly.io\/fr-CA\/wp-json\/wp\/v2\/persona?post=20247"}],"curies":[{"name":"wp","href":"https:\/\/api.w.org\/{rel}","templated":true}]}}