{"id":20238,"date":"2021-01-13T14:32:47","date_gmt":"2021-01-13T14:32:47","guid":{"rendered":"https:\/\/careers.edwardjones.com\/?page_id=20238"},"modified":"2021-02-04T23:16:03","modified_gmt":"2021-02-04T23:16:03","slug":"video-lavenir-des-conseils-financiers","status":"publish","type":"page","link":"https:\/\/edwardjones-stage.xcc.smashfly.io\/fr-CA\/video-lavenir-des-conseils-financiers\/","title":{"rendered":"Vid\u00e9o : L\u2019avenir des conseils financiers"},"content":{"rendered":"<\/div><\/div><\/div><!-- close content main div --><\/div><\/div><div id='av_section_1' class='avia-section main_color avia-section-no-padding avia-no-border-styling avia-bg-style-scroll  banner-text container_wrap fullsize'   ><div class='container' ><div class='template-page content  av-content-full alpha units'><div class='post-entry post-entry-type-page post-entry-20238'><div class='entry-content-wrapper clearfix'>\n<section class=\"av_textblock_section\"  itemscope=\"itemscope\" itemtype=\"https:\/\/schema.org\/CreativeWork\" ><div class='avia_textblock pt70 pb70'   itemprop=\"text\" ><h1>L\u2019avenir des Conseils Financiers<\/h1>\n<\/div><\/section>\n\n<\/div><\/div><\/div><!-- close content main div --><\/div><\/div><div id='av_section_2' class='avia-section main_color avia-section-no-padding avia-no-border-styling avia-bg-style-scroll  pb130 locations-text-widget search-widget-vertical-container pt90 container_wrap fullsize'   ><div class='container' ><div class='template-page content  av-content-full alpha units'><div class='post-entry post-entry-type-page post-entry-20238'><div class='entry-content-wrapper clearfix'>\n<div class=\"flex_column av_three_fourth  flex_column_div av-zero-column-padding first   \" style='border-radius:0px; '><p><section class=\"av_textblock_section\"  itemscope=\"itemscope\" itemtype=\"https:\/\/schema.org\/CreativeWork\" ><div class='avia_textblock locations-list pl30 pb40'   itemprop=\"text\" ><p><a class=\"edj-link\" onclick=\"goBack()\" href=\"#\">&lt; Retour \u00e0 la page pr\u00e9c\u00e9dente<\/a><\/p>\n<h2 class=\"pb20\">Vid\u00e9o avec audio description<\/h2>\n<div style=\"padding: 56.25% 0 0 0; position: relative;\"><iframe style=\"position: absolute; top: 0; left: 0; width: 100%; height: 100%;\" title=\"L\u2019avenir des conseils financiers\" src=\"https:\/\/player.vimeo.com\/video\/473437033?color=ffc001&amp;title=0&amp;byline=0&amp;portrait=0\" frameborder=\"0\" allow=\"autoplay; fullscreen\" allowfullscreen=\"allowfullscreen\" data-mce-fragment=\"1\"><\/iframe><\/div>\n<p><script src=\"https:\/\/player.vimeo.com\/api\/player.js\"><\/script><\/p>\n<\/div><\/section><br \/>\n<section class=\"av_textblock_section\"  itemscope=\"itemscope\" itemtype=\"https:\/\/schema.org\/CreativeWork\" ><div class='avia_textblock locations-list pl30 pb40'   itemprop=\"text\" ><h2 class=\"pb20\">Transcription de la vid\u00e9o<\/h2>\n<p>[Text] L\u2019AVENIR DES CONSEILS FINANCIERS<\/p>\n<p>[Text] QUELLES SONT LES GRANDES TENDANCES DANS LE DOMAINE DES CONSEILS FINANCIERS ET LEURS CONS\u00c9QUENCES?<\/p>\n<p>[Penny] N\u2019est-il pas int\u00e9ressant de demander au chef de la direction et associ\u00e9 directeur d\u2019une soci\u00e9t\u00e9 fond\u00e9e il y a 97 ans ce que nous r\u00e9serve l\u2019avenir? Quels sont les \u00e9l\u00e9ments perturbateurs, les vecteurs de changement, les tendances? Je crois personnellement que nous sommes bien plac\u00e9s pour r\u00e9pondre, car nous songeons \u00e0 l\u2019avenir et y travaillons avec succ\u00e8s depuis 97 ans. Ce que je vais vous dire au sujet de ces tendances ne vous surprendra pas \u00e0 mon avis. Comment allions-nous une exp\u00e9rience tr\u00e8s humaine et une relation individuelle avec nos repr\u00e9sentants en services financiers, avec une technologie qui rehausse la confiance de nos clients et de nos investisseurs quant \u00e0 leurs plans afin qu\u2019ils les respectent? Savoir concilier march\u00e9 et r\u00e9glementation, alors que les organismes et les d\u00e9cideurs se multiplient.<\/p>\n<p>[Text] L\u2019AVENIR DES CONSEILS FINANCIERS<\/p>\n<p>[Text] QUELLES SONT VOS STRAT\u00c9GIES DE BASE POUR EXPLOITER CES TENDANCES?<\/p>\n<p>[Penny] Nos clients sont des investisseurs individuels qui valorisent les conseils, qui appr\u00e9cient une relation agr\u00e9able et qui s\u2019efforcent de r\u00e9aliser de grandes choses pour eux-m\u00eames et leur famille sur une longue p\u00e9riode, tout au long de leur vie, c\u2019est-\u00e0-dire des projets qui comptent vraiment. Ils doivent composer avec la complexit\u00e9 de plusieurs objectifs en m\u00eame temps. Les cons\u00e9quences d\u2019un choix sur un objectif donn\u00e9 ont une incidence sur les r\u00e9sultats d\u2019un autre.<\/p>\n<p>[Penny] Les recherches que nous effectuons aupr\u00e8s de nos clients vont bien au-del\u00e0 des groupes de discussion. Il s\u2019agit de les rencontrer \u00e0 domicile, de comprendre d\u2019un point de vue \u00e9motionnel ce qui les touche, eux et leur famille, et de savoir proposer une solution adapt\u00e9e sur le plan \u00e9motif et intellectuel, pour continuer de cro\u00eetre. Nous comptons 17 500 repr\u00e9sentants en services financiers. Notre prochain jalon consiste \u00e0 franchir la barre des 20 000 repr\u00e9sentants en services financiers, mais pas seulement dans le but d\u2019afficher une croissance. Nos recherches d\u00e9montrent qu\u2019il existe un bassin de 40 \u00e0 50 millions de clients qui ressemblent aux clients d\u2019Edward Jones et qui m\u00e9ritent le genre de conseils centr\u00e9s sur la personne que nous offrons. Pour r\u00e9pondre aux besoins de ces clients, nous avons besoin de plus<br \/>\nd\u2019associ\u00e9s talentueux au sein de notre entreprise. C\u2019est ainsi que nous poursuivons notre croissance.<\/p>\n<p>[Text] L\u2019AVENIR DES CONSEILS FINANCIERS<\/p>\n<p>[Text] QUELS SERONT \u00c0 VOTRE AVIS LES PLUS GRANDS ENJEUX?<\/p>\n<p>[Penny] Nous ne vendons plus de produits dans ce secteur. Les produits et les services sont importants, mais ce n\u2019est pas l\u00e0 que r\u00e9side la valeur. La valeur est dans l\u2019accompagnement d\u2019une famille et ses proches durant la vie, dans l\u2019ensemble des besoins complexes qui \u00e9voluent et qui seront touch\u00e9s par toutes sortes d\u2019\u00e9v\u00e9nements pr\u00e9vus et impr\u00e9vus, (soins de sant\u00e9, avantages sociaux, imp\u00f4ts). Il s\u2019agit donc d\u2019un grand d\u00e9fi et d\u2019une occasion extraordinaire de tout synth\u00e9tiser et d\u2019aider nos repr\u00e9sentants en services financiers et nos \u00e9quipes en succursale \u00e0 b\u00e2tir leur pratique pour servir nos clients<\/p>\n<p>[Penny] Lorsqu\u2019on pense \u00e0 ce secteur et \u00e0 l\u2019avenir du m\u00e9tier de repr\u00e9sentant en services financiers, la cr\u00e9ativit\u00e9 fait partie des aspects les plus int\u00e9ressants. La cr\u00e9ativit\u00e9 qu\u2019un repr\u00e9sentant en services financiers ou un professionnel du service \u00e0 la client\u00e8le en succursale apporte \u00e0 la relation, aux solutions \u00e9labor\u00e9es sur mesure pour une famille, c\u2019est incroyable. Notre valeur fondamentale veut que nos clients soient au c\u0153ur de tout ce que nous faisons. Il est facile de dire pourquoi je porte cette petite \u00e9pinglette au revers de ma veste. Elle rappelle la chaise sur laquelle nos sept millions de clients s\u2019assoient et me rappelle chaque jour pour qui je travaille. L\u2019avenir des conseils financiers d\u00e9pend beaucoup de la technologie et de la compr\u00e9hension de l\u2019exp\u00e9rience que les clients souhaitent vivre aujourd\u2019hui et demain. Nous croyons toutefois fermement que ce qui ne changera pas dans l\u2019avenir du conseil financier, c\u2019est la relation humaine qui permet de comprendre ce qui est important pour le client, d\u2019\u00e9laborer un ensemble de strat\u00e9gies efficaces et de collaborer avec ce client pendant toute une vie pour veiller \u00e0 ce qu\u2019il soit en mesure de r\u00e9aliser ce qui compte le plus pour lui. Cette pr\u00e9misse ne changera pas \u00e0 notre avis.<\/p>\n<\/div><\/section><br \/>\n<section class=\"av_textblock_section\"  itemscope=\"itemscope\" itemtype=\"https:\/\/schema.org\/CreativeWork\" ><div class='avia_textblock locations-list pl30'   itemprop=\"text\" ><p><a class=\"edj-btn wid458\" onclick=\"goBack()\" href=\"#\">Retour \u00e0 la page pr\u00e9c\u00e9dente<\/a><\/p>\n<\/div><\/section><\/p><\/div><div class=\"flex_column av_one_fourth  flex_column_div av-zero-column-padding   search-widget search-widget-vertical \" style='background-color:#fde57f; border-radius:0px; '><div class='avia-builder-widget-area clearfix '><div id=\"widget_job_search_v2-7\" class=\"widget clearfix widget-jobsearch widget-jobsearch-v2\"><form method=\"GET\" id=\"cws_quickjobsearch\" role=\"search\" class=\"clearfix g-cols offset_medium\" action=\"\/fr-CA\/resultats-de-la-recherche-demploi\/\"><div class=\"quicksearch-title first avia-builder-el-first flex_column av_one_third\"><h2 class=\"widgettitle cws-widgetitle\">Recherche d\u2019emplois par mot cl\u00e9<\/h2><\/div><div class=\"quicksearch-field quicksearch-SearchText  flex_column av_one_third horizontal\"><div class=\"w-form-row\"><div class=\"w-form-row-label\"><label for=\"cws_quickjobsearch_keywords\">Keyword<\/label><\/div><div class=\"w-form-row-field\"><input type=\"text\" class=\"text_input keyword_suggest\" name=\"keyword\" id=\"cws_quickjobsearch_keywords\" data-autocomplete_limit=\"5\" data-param=\"SearchText\" aria-describedby=\"keyword-help\" value=\"\" \/><span id=\"keyword-help\" class=\"visually-hidden sr-only\" aria-live=\"polite\">Begin typing to find suggestions.<\/span><span class=\"w-form-row-field-bar\"><\/span><\/div><input type=\"hidden\" name=\"fuzzy\" id=\"cws_quickjobsearch_fuzzy\" data-param=\"fuzzy\" value=\"\" \/><\/div><\/div><div class=\"quicksearch-btn avia-builder-el-last flex_column av_one_third\"><input class=\"avia-button avia-color-theme-color avia-size-small quicksearch-submit\" type=\"submit\" value=\"Recherche d\u2019emplois\" \/><\/div><\/form><\/div><\/div><\/div>\n","protected":false},"excerpt":{"rendered":"","protected":false},"author":1415,"featured_media":0,"parent":0,"menu_order":0,"comment_status":"closed","ping_status":"closed","template":"","meta":{"pgc_meta":"","footnotes":""},"persona":[],"class_list":["post-20238","page","type-page","status-publish","hentry"],"yoast_head":"<!-- This site is optimized with the Yoast SEO Premium plugin v23.0 (Yoast SEO v23.0) - https:\/\/yoast.com\/wordpress\/plugins\/seo\/ -->\n<title>Guider nos clients vers l\u2019avenir | Edward Jones<\/title>\n<meta name=\"description\" content=\"Vid\u00e9o en audio description avec transcription. Penny Pennington, associ\u00e9e directrice, explique notre r\u00f4le de leader dans l\u2019avenir des conseils financiers. Exploitez votre potentiel chez Edward Jones.\" \/>\n<meta name=\"robots\" content=\"noindex, follow, max-snippet:-1, max-image-preview:large, max-video-preview:-1\" \/>\n<meta property=\"og:locale\" content=\"fr_CA\" \/>\n<meta property=\"og:type\" content=\"article\" \/>\n<meta property=\"og:title\" content=\"Vid\u00e9o : L\u2019avenir des conseils financiers\" \/>\n<meta property=\"og:description\" content=\"Vid\u00e9o en audio description avec transcription. Penny Pennington, associ\u00e9e directrice, explique notre r\u00f4le de leader dans l\u2019avenir des conseils financiers. Exploitez votre potentiel chez Edward Jones.\" \/>\n<meta property=\"og:url\" content=\"http:\/\/edwardjones-stage.site.findly.com\/fr-CA\/video-lavenir-des-conseils-financiers\/\" \/>\n<meta property=\"og:site_name\" content=\"Edward jones Career Stage\" \/>\n<meta property=\"article:modified_time\" content=\"2021-02-04T23:16:03+00:00\" \/>\n<meta property=\"og:image\" content=\"https:\/\/edwardjones-stage.xcc.smashfly.io\/wp-content\/uploads\/sites\/2815\/2020\/10\/EdwardJonesCareers-logo-200x200px.jpg\" \/>\n\t<meta property=\"og:image:width\" content=\"200\" \/>\n\t<meta property=\"og:image:height\" content=\"200\" \/>\n\t<meta property=\"og:image:type\" content=\"image\/jpeg\" \/>\n<meta name=\"twitter:label1\" content=\"Estimation du temps de lecture\" \/>\n\t<meta name=\"twitter:data1\" content=\"6 minutes\" \/>\n<script type=\"application\/ld+json\" class=\"yoast-schema-graph\">{\"@context\":\"https:\/\/schema.org\",\"@graph\":[{\"@type\":\"WebPage\",\"@id\":\"http:\/\/edwardjones-stage.site.findly.com\/fr-CA\/video-lavenir-des-conseils-financiers\/\",\"url\":\"http:\/\/edwardjones-stage.site.findly.com\/fr-CA\/video-lavenir-des-conseils-financiers\/\",\"name\":\"Guider nos clients vers l\u2019avenir | Edward Jones\",\"isPartOf\":{\"@id\":\"http:\/\/edwardjones-stage.site.findly.com\/#website\"},\"datePublished\":\"2021-01-13T14:32:47+00:00\",\"dateModified\":\"2021-02-04T23:16:03+00:00\",\"description\":\"Vid\u00e9o en audio description avec transcription. Penny Pennington, associ\u00e9e directrice, explique notre r\u00f4le de leader dans l\u2019avenir des conseils financiers. Exploitez votre potentiel chez Edward Jones.\",\"breadcrumb\":{\"@id\":\"http:\/\/edwardjones-stage.site.findly.com\/fr-CA\/video-lavenir-des-conseils-financiers\/#breadcrumb\"},\"inLanguage\":\"fr-CA\",\"potentialAction\":[{\"@type\":\"ReadAction\",\"target\":[\"http:\/\/edwardjones-stage.site.findly.com\/fr-CA\/video-lavenir-des-conseils-financiers\/\"]}]},{\"@type\":\"BreadcrumbList\",\"@id\":\"http:\/\/edwardjones-stage.site.findly.com\/fr-CA\/video-lavenir-des-conseils-financiers\/#breadcrumb\",\"itemListElement\":[{\"@type\":\"ListItem\",\"position\":1,\"name\":\"Home\",\"item\":\"https:\/\/edwardjones-stage.site.findly.com\/fr-CA\/\"},{\"@type\":\"ListItem\",\"position\":2,\"name\":\"Vid\u00e9o : L\u2019avenir des conseils financiers\"}]},{\"@type\":\"WebSite\",\"@id\":\"http:\/\/edwardjones-stage.site.findly.com\/#website\",\"url\":\"http:\/\/edwardjones-stage.site.findly.com\/\",\"name\":\"Edward jones Career Stage\",\"description\":\"ibee Demo Site\",\"potentialAction\":[{\"@type\":\"SearchAction\",\"target\":{\"@type\":\"EntryPoint\",\"urlTemplate\":\"http:\/\/edwardjones-stage.site.findly.com\/?s={search_term_string}\"},\"query-input\":\"required name=search_term_string\"}],\"inLanguage\":\"fr-CA\"}]}<\/script>\n<!-- \/ Yoast SEO Premium plugin. -->","yoast_head_json":{"title":"Guider nos clients vers l\u2019avenir | Edward Jones","description":"Vid\u00e9o en audio description avec transcription. Penny Pennington, associ\u00e9e directrice, explique notre r\u00f4le de leader dans l\u2019avenir des conseils financiers. Exploitez votre potentiel chez Edward Jones.","robots":{"index":"noindex","follow":"follow","max-snippet":"max-snippet:-1","max-image-preview":"max-image-preview:large","max-video-preview":"max-video-preview:-1"},"og_locale":"fr_CA","og_type":"article","og_title":"Vid\u00e9o : L\u2019avenir des conseils financiers","og_description":"Vid\u00e9o en audio description avec transcription. Penny Pennington, associ\u00e9e directrice, explique notre r\u00f4le de leader dans l\u2019avenir des conseils financiers. Exploitez votre potentiel chez Edward Jones.","og_url":"http:\/\/edwardjones-stage.site.findly.com\/fr-CA\/video-lavenir-des-conseils-financiers\/","og_site_name":"Edward jones Career Stage","article_modified_time":"2021-02-04T23:16:03+00:00","og_image":[{"width":200,"height":200,"url":"https:\/\/edwardjones-stage.xcc.smashfly.io\/wp-content\/uploads\/sites\/2815\/2020\/10\/EdwardJonesCareers-logo-200x200px.jpg","type":"image\/jpeg"}],"twitter_misc":{"Estimation du temps de lecture":"6 minutes"},"schema":{"@context":"https:\/\/schema.org","@graph":[{"@type":"WebPage","@id":"http:\/\/edwardjones-stage.site.findly.com\/fr-CA\/video-lavenir-des-conseils-financiers\/","url":"http:\/\/edwardjones-stage.site.findly.com\/fr-CA\/video-lavenir-des-conseils-financiers\/","name":"Guider nos clients vers l\u2019avenir | Edward Jones","isPartOf":{"@id":"http:\/\/edwardjones-stage.site.findly.com\/#website"},"datePublished":"2021-01-13T14:32:47+00:00","dateModified":"2021-02-04T23:16:03+00:00","description":"Vid\u00e9o en audio description avec transcription. Penny Pennington, associ\u00e9e directrice, explique notre r\u00f4le de leader dans l\u2019avenir des conseils financiers. Exploitez votre potentiel chez Edward Jones.","breadcrumb":{"@id":"http:\/\/edwardjones-stage.site.findly.com\/fr-CA\/video-lavenir-des-conseils-financiers\/#breadcrumb"},"inLanguage":"fr-CA","potentialAction":[{"@type":"ReadAction","target":["http:\/\/edwardjones-stage.site.findly.com\/fr-CA\/video-lavenir-des-conseils-financiers\/"]}]},{"@type":"BreadcrumbList","@id":"http:\/\/edwardjones-stage.site.findly.com\/fr-CA\/video-lavenir-des-conseils-financiers\/#breadcrumb","itemListElement":[{"@type":"ListItem","position":1,"name":"Home","item":"https:\/\/edwardjones-stage.site.findly.com\/fr-CA\/"},{"@type":"ListItem","position":2,"name":"Vid\u00e9o : L\u2019avenir des conseils financiers"}]},{"@type":"WebSite","@id":"http:\/\/edwardjones-stage.site.findly.com\/#website","url":"http:\/\/edwardjones-stage.site.findly.com\/","name":"Edward jones Career Stage","description":"ibee Demo Site","potentialAction":[{"@type":"SearchAction","target":{"@type":"EntryPoint","urlTemplate":"http:\/\/edwardjones-stage.site.findly.com\/?s={search_term_string}"},"query-input":"required name=search_term_string"}],"inLanguage":"fr-CA"}]}},"pgc_meta":"","_links":{"self":[{"href":"https:\/\/edwardjones-stage.xcc.smashfly.io\/fr-CA\/wp-json\/wp\/v2\/pages\/20238","targetHints":{"allow":["GET"]}}],"collection":[{"href":"https:\/\/edwardjones-stage.xcc.smashfly.io\/fr-CA\/wp-json\/wp\/v2\/pages"}],"about":[{"href":"https:\/\/edwardjones-stage.xcc.smashfly.io\/fr-CA\/wp-json\/wp\/v2\/types\/page"}],"author":[{"embeddable":true,"href":"https:\/\/edwardjones-stage.xcc.smashfly.io\/fr-CA\/wp-json\/wp\/v2\/users\/1415"}],"replies":[{"embeddable":true,"href":"https:\/\/edwardjones-stage.xcc.smashfly.io\/fr-CA\/wp-json\/wp\/v2\/comments?post=20238"}],"version-history":[{"count":0,"href":"https:\/\/edwardjones-stage.xcc.smashfly.io\/fr-CA\/wp-json\/wp\/v2\/pages\/20238\/revisions"}],"wp:attachment":[{"href":"https:\/\/edwardjones-stage.xcc.smashfly.io\/fr-CA\/wp-json\/wp\/v2\/media?parent=20238"}],"wp:term":[{"taxonomy":"persona","embeddable":true,"href":"https:\/\/edwardjones-stage.xcc.smashfly.io\/fr-CA\/wp-json\/wp\/v2\/persona?post=20238"}],"curies":[{"name":"wp","href":"https:\/\/api.w.org\/{rel}","templated":true}]}}