{"id":20220,"date":"2021-01-13T07:57:25","date_gmt":"2021-01-13T07:57:25","guid":{"rendered":"https:\/\/careers.edwardjones.com\/?page_id=20220"},"modified":"2021-02-05T20:29:51","modified_gmt":"2021-02-05T20:29:51","slug":"video-propulsez-votre-pratique-au-prochain-echelon","status":"publish","type":"page","link":"https:\/\/edwardjones-stage.xcc.smashfly.io\/fr-CA\/video-propulsez-votre-pratique-au-prochain-echelon\/","title":{"rendered":"Vid\u00e9o : Propulsez votre pratique au prochain \u00e9chelon"},"content":{"rendered":"<\/div><\/div><\/div><!-- close content main div --><\/div><\/div><div id='av_section_1' class='avia-section main_color avia-section-no-padding avia-no-border-styling avia-bg-style-scroll  banner-text container_wrap fullsize'   ><div class='container' ><div class='template-page content  av-content-full alpha units'><div class='post-entry post-entry-type-page post-entry-20220'><div class='entry-content-wrapper clearfix'>\n<section class=\"av_textblock_section\"  itemscope=\"itemscope\" itemtype=\"https:\/\/schema.org\/CreativeWork\" ><div class='avia_textblock pt70 pb70'   itemprop=\"text\" ><h1>Propulsez votre pratique au prochain \u00e9chelon<\/h1>\n<\/div><\/section>\n\n<\/div><\/div><\/div><!-- close content main div --><\/div><\/div><div id='av_section_2' class='avia-section main_color avia-section-no-padding avia-no-border-styling avia-bg-style-scroll  pb130 locations-text-widget search-widget-vertical-container pt90 container_wrap fullsize'   ><div class='container' ><div class='template-page content  av-content-full alpha units'><div class='post-entry post-entry-type-page post-entry-20220'><div class='entry-content-wrapper clearfix'>\n<div class=\"flex_column av_three_fourth  flex_column_div av-zero-column-padding first   \" style='border-radius:0px; '><p><section class=\"av_textblock_section\"  itemscope=\"itemscope\" itemtype=\"https:\/\/schema.org\/CreativeWork\" ><div class='avia_textblock locations-list pl30 pb40'   itemprop=\"text\" ><p><a class=\"edj-link\" onclick=\"goBack()\" href=\"#\">&lt; Retour \u00e0 la page pr\u00e9c\u00e9dente<\/a><\/p>\n<h2 class=\"pb20\">Vid\u00e9o avec audio description<\/h2>\n<div style=\"padding: 56.25% 0 0 0; position: relative;\"><iframe style=\"position: absolute; top: 0; left: 0; width: 100%; height: 100%;\" title=\"EFAs talking about how EJ helped them grow their practice\" src=\"https:\/\/player.vimeo.com\/video\/473461105?color=ffc001&amp;title=0&amp;byline=0&amp;portrait=0\" frameborder=\"0\" allow=\"autoplay; fullscreen\" allowfullscreen=\"allowfullscreen\" data-mce-fragment=\"1\"><\/iframe><\/div>\n<p><script src=\"https:\/\/player.vimeo.com\/api\/player.js\"><\/script><\/p>\n<\/div><\/section><br \/>\n<section class=\"av_textblock_section\"  itemscope=\"itemscope\" itemtype=\"https:\/\/schema.org\/CreativeWork\" ><div class='avia_textblock locations-list pl30 pb40'   itemprop=\"text\" ><h2 class=\"pb20\">Transcription de la vid\u00e9o<\/h2>\n<p>[Musique]<\/p>\n<p>[Texte] Jennifer Mackie &#8211; Repr\u00e9sentante en services financiers<\/p>\n<p>[Jennifer] Je travaillais pour une autre entreprise puis j\u2019ai d\u00e9cid\u00e9 qu\u2019il \u00e9tait temps de chercher quelque chose de diff\u00e9rent pour mes clients.<\/p>\n<p>[Texte] Eric Borggard &#8211; Repr\u00e9sentant en services financiers<\/p>\n<p>[Eric] Nous voulons faire passer notre pratique \u00e0 un niveau sup\u00e9rieur, et nous croyons avoir trouv\u00e9 l\u2019endroit tout indiqu\u00e9 pour y arriver.<\/p>\n<p>[Texte] Nick Lalonde &#8211; Repr\u00e9sentant en services financiers<\/p>\n<p>[Nick] Il est cruellement important de faire ce changement.<\/p>\n<p>[Texte] Propulsez votre pratique au prochain \u00e9chelon<\/p>\n<p>[Nick] Je vois ma pratique exploser et je crois que c\u2019est en partie en raison du mod\u00e8le de service d\u2019Edward Jones et des types de produits que nous pouvons offrir \u00e0 nos clients.<\/p>\n<p>[Jennifer] Nous avons la possibilit\u00e9 d\u2019effectuer des op\u00e9rations et d\u2019avoir un compte \u00e0 commission, ou d\u2019ouvrir un compte \u00e0 honoraires.<\/p>\n<p>[Eric] Je me suis senti tr\u00e8s \u00e0 l\u2019aise avec les plateformes de services-conseils.<\/p>\n<p>[Texte] \u00c9quipe en succursale<\/p>\n<p>[Nick] Je pense que l\u2019une des armes secr\u00e8tes d\u2019Edward Jones r\u00e9side dans l\u2019administrateur de succursale.<\/p>\n<p>[Eric] La collaboration entre un repr\u00e9sentant et un administrateur de succursale peut faire une diff\u00e9rence bien plus profonde dans la vie de nos clients.<\/p>\n<p>[Jennifer] Si vous avez un administrateur de succursale dans votre propre bureau, il conna\u00eet vos clients aussi bien que vous. Je ne suis pas li\u00e9 \u00e0 ce bureau, je peux aller \u00e0 la d\u00e9couverte d\u2019occasions sans attendre que les clients potentiels se pr\u00e9sentent \u00e0 moi.<\/p>\n<p>[Texte] Une transition adapt\u00e9e \u00e0 vos besoins<\/p>\n<p>[Nick] J\u2019ai b\u00e9n\u00e9fici\u00e9 d\u2019un immense soutien. Nous avons un repr\u00e9sentant de transition qui vous aide \u00e0 chaque \u00e9tape de votre changement d\u2019entreprise.<\/p>\n<p>[Eric] Il se concentre \u00e0 soutenir vos efforts, il s\u2019assure que nous n\u2019avons pas de soucis de paperasse, il nous aide avec la formation sur les syst\u00e8mes et il nous laisse essentiellement faire le travail n\u00e9cessaire pour communiquer avec les clients et tisser des relations.<\/p>\n<p>[Texte] Occasions de leadership<\/p>\n<p>[Jennifer] Ce qui est vraiment emballant avec Edward Jones, c\u2019est que vous n\u2019avez pas \u00e0 abandonner votre pratique pour exercer un r\u00f4le de leadership.<\/p>\n<p>[Eric] On nous donne plus d\u2019occasions de perfectionnement professionnel que partout ailleurs.<\/p>\n<p>[Texte] Le client d\u2019abord<\/p>\n<p>[Jennifer] Je crois que la meilleure chose \u00e0 faire est de travailler en \u00e9troite collaboration avec vos clients pour apprendre \u00e0 mieux les conna\u00eetre.<\/p>\n<p>[Eric] Les outils dont nous disposons pour r\u00e9pondre \u00e0 leurs besoins sont exceptionnels. Nous n\u2019avons re\u00e7u que des commentaires positifs de la part de nos clients.<\/p>\n<p>[Texte] Notre culture de collaboration<\/p>\n<p>[Jennifer] C\u2019est la culture d\u2019entreprise qui m\u2019a le plus surpris. Tout le monde \u00e9tait pr\u00eat \u00e0 nous aider, dans notre int\u00e9gration et dans notre compr\u00e9hension de l\u2019entreprise.<\/p>\n<p>[Nick] Tous les associ\u00e9s directeurs ont d\u00e9j\u00e0 occup\u00e9 notre poste. Ils connaissent la r\u00e9alit\u00e9 du m\u00e9tier, et les besoins des clients et des repr\u00e9sentants.<\/p>\n<p>[Eric] Le succ\u00e8s chez Edward Jones repose selon moi sur deux ou trois facteurs tr\u00e8s importants : l\u2019int\u00e9grit\u00e9, l\u2019honn\u00eatet\u00e9 et l\u2019empathie \u00e0 l\u2019\u00e9gard des clients. Autant de qualit\u00e9s que j\u2019ai observ\u00e9es \u00e0 l\u2019\u00e9chelle de notre syst\u00e8me.<\/p>\n<p>[Nick] \u00c0 chaque jour de travail chez Edward Jones, j\u2019ai l\u2019impression de faire une \u00e9norme diff\u00e9rence dans la vie de mes clients.<\/p>\n<p>[Jennifer] J\u2019ai le sentiment que je peux r\u00e9ussir ici. Et j\u2019ai l\u2019impression que je peux attirer les clients avec qui je veux vraiment travailler. Je me sens \u00e0 l\u2019aise. Je veux progresser et aider ces clients \u00e0 concr\u00e9tiser leurs projets.<\/p>\n<p>[Logo] Edward Jones<\/p>\n<p>[Texte] \u00a9 2020 Edward D. Jones &amp; Co., L.P. Tous droits r\u00e9serv\u00e9s. Membre du Fonds canadien de protection des \u00e9pargnants<\/p>\n<p>[Musique]<\/p>\n<\/div><\/section><br \/>\n<section class=\"av_textblock_section\"  itemscope=\"itemscope\" itemtype=\"https:\/\/schema.org\/CreativeWork\" ><div class='avia_textblock locations-list pl30'   itemprop=\"text\" ><p><a class=\"edj-btn wid458\" onclick=\"goBack()\" href=\"#\">Retour \u00e0 la page pr\u00e9c\u00e9dente<\/a><\/p>\n<\/div><\/section><\/p><\/div><div class=\"flex_column av_one_fourth  flex_column_div av-zero-column-padding   search-widget search-widget-vertical \" style='background-color:#fde57f; border-radius:0px; '><div class='avia-builder-widget-area clearfix '><div id=\"widget_job_search_v2-7\" class=\"widget clearfix widget-jobsearch widget-jobsearch-v2\"><form method=\"GET\" id=\"cws_quickjobsearch\" role=\"search\" class=\"clearfix g-cols offset_medium\" action=\"\/fr-CA\/resultats-de-la-recherche-demploi\/\"><div class=\"quicksearch-title first avia-builder-el-first flex_column av_one_third\"><h2 class=\"widgettitle cws-widgetitle\">Recherche d\u2019emplois par mot cl\u00e9<\/h2><\/div><div class=\"quicksearch-field quicksearch-SearchText  flex_column av_one_third horizontal\"><div class=\"w-form-row\"><div class=\"w-form-row-label\"><label for=\"cws_quickjobsearch_keywords\">Keyword<\/label><\/div><div class=\"w-form-row-field\"><input type=\"text\" class=\"text_input keyword_suggest\" name=\"keyword\" id=\"cws_quickjobsearch_keywords\" data-autocomplete_limit=\"5\" data-param=\"SearchText\" aria-describedby=\"keyword-help\" value=\"\" \/><span id=\"keyword-help\" class=\"visually-hidden sr-only\" aria-live=\"polite\">Begin typing to find suggestions.<\/span><span class=\"w-form-row-field-bar\"><\/span><\/div><input type=\"hidden\" name=\"fuzzy\" id=\"cws_quickjobsearch_fuzzy\" data-param=\"fuzzy\" value=\"\" \/><\/div><\/div><div class=\"quicksearch-btn avia-builder-el-last flex_column av_one_third\"><input class=\"avia-button avia-color-theme-color avia-size-small quicksearch-submit\" type=\"submit\" value=\"Recherche d\u2019emplois\" \/><\/div><\/form><\/div><\/div><\/div>\n","protected":false},"excerpt":{"rendered":"","protected":false},"author":1415,"featured_media":0,"parent":0,"menu_order":0,"comment_status":"closed","ping_status":"closed","template":"","meta":{"pgc_meta":"","footnotes":""},"persona":[],"class_list":["post-20220","page","type-page","status-publish","hentry"],"yoast_head":"<!-- This site is optimized with the Yoast SEO Premium plugin v23.0 (Yoast SEO v23.0) - https:\/\/yoast.com\/wordpress\/plugins\/seo\/ -->\n<title>Transf\u00e9rez vos activit\u00e9s chez Edward Jones | Edward Jones<\/title>\n<meta name=\"description\" content=\"Vid\u00e9o en audio description avec transcription. Des repr\u00e9sentants en services financiers expliquent comment le transfert de leurs activit\u00e9s chez Edward Jones les a aid\u00e9s \u00e0 passer au niveau sup\u00e9rieur. Envisagez de transf\u00e9rer vos activit\u00e9s chez Edward Jones.\" \/>\n<meta name=\"robots\" content=\"noindex, follow, max-snippet:-1, max-image-preview:large, max-video-preview:-1\" \/>\n<meta property=\"og:locale\" content=\"fr_CA\" \/>\n<meta property=\"og:type\" content=\"article\" \/>\n<meta property=\"og:title\" content=\"Vid\u00e9o : Propulsez votre pratique au prochain \u00e9chelon\" \/>\n<meta property=\"og:description\" content=\"Vid\u00e9o en audio description avec transcription. Des repr\u00e9sentants en services financiers expliquent comment le transfert de leurs activit\u00e9s chez Edward Jones les a aid\u00e9s \u00e0 passer au niveau sup\u00e9rieur. Envisagez de transf\u00e9rer vos activit\u00e9s chez Edward Jones.\" \/>\n<meta property=\"og:url\" content=\"https:\/\/edwardjones-stage.site.findly.com\/fr-CA\/video-propulsez-votre-pratique-au-prochain-echelon\/\" \/>\n<meta property=\"og:site_name\" content=\"Edward jones Career Stage\" \/>\n<meta property=\"article:modified_time\" content=\"2021-02-05T20:29:51+00:00\" \/>\n<meta property=\"og:image\" content=\"https:\/\/edwardjones-stage.xcc.smashfly.io\/wp-content\/uploads\/sites\/2815\/2020\/10\/EdwardJonesCareers-logo-200x200px.jpg\" \/>\n\t<meta property=\"og:image:width\" content=\"200\" \/>\n\t<meta property=\"og:image:height\" content=\"200\" \/>\n\t<meta property=\"og:image:type\" content=\"image\/jpeg\" \/>\n<meta name=\"twitter:label1\" content=\"Estimation du temps de lecture\" \/>\n\t<meta name=\"twitter:data1\" content=\"5 minutes\" \/>\n<script type=\"application\/ld+json\" class=\"yoast-schema-graph\">{\"@context\":\"https:\/\/schema.org\",\"@graph\":[{\"@type\":\"WebPage\",\"@id\":\"https:\/\/edwardjones-stage.site.findly.com\/fr-CA\/video-propulsez-votre-pratique-au-prochain-echelon\/\",\"url\":\"https:\/\/edwardjones-stage.site.findly.com\/fr-CA\/video-propulsez-votre-pratique-au-prochain-echelon\/\",\"name\":\"Transf\u00e9rez vos activit\u00e9s chez Edward Jones | Edward Jones\",\"isPartOf\":{\"@id\":\"http:\/\/edwardjones-stage.site.findly.com\/#website\"},\"datePublished\":\"2021-01-13T07:57:25+00:00\",\"dateModified\":\"2021-02-05T20:29:51+00:00\",\"description\":\"Vid\u00e9o en audio description avec transcription. Des repr\u00e9sentants en services financiers expliquent comment le transfert de leurs activit\u00e9s chez Edward Jones les a aid\u00e9s \u00e0 passer au niveau sup\u00e9rieur. Envisagez de transf\u00e9rer vos activit\u00e9s chez Edward Jones.\",\"breadcrumb\":{\"@id\":\"https:\/\/edwardjones-stage.site.findly.com\/fr-CA\/video-propulsez-votre-pratique-au-prochain-echelon\/#breadcrumb\"},\"inLanguage\":\"fr-CA\",\"potentialAction\":[{\"@type\":\"ReadAction\",\"target\":[\"https:\/\/edwardjones-stage.site.findly.com\/fr-CA\/video-propulsez-votre-pratique-au-prochain-echelon\/\"]}]},{\"@type\":\"BreadcrumbList\",\"@id\":\"https:\/\/edwardjones-stage.site.findly.com\/fr-CA\/video-propulsez-votre-pratique-au-prochain-echelon\/#breadcrumb\",\"itemListElement\":[{\"@type\":\"ListItem\",\"position\":1,\"name\":\"Home\",\"item\":\"https:\/\/edwardjones-stage.site.findly.com\/fr-CA\/\"},{\"@type\":\"ListItem\",\"position\":2,\"name\":\"Vid\u00e9o : Propulsez votre pratique au prochain \u00e9chelon\"}]},{\"@type\":\"WebSite\",\"@id\":\"http:\/\/edwardjones-stage.site.findly.com\/#website\",\"url\":\"http:\/\/edwardjones-stage.site.findly.com\/\",\"name\":\"Edward jones Career Stage\",\"description\":\"ibee Demo Site\",\"potentialAction\":[{\"@type\":\"SearchAction\",\"target\":{\"@type\":\"EntryPoint\",\"urlTemplate\":\"http:\/\/edwardjones-stage.site.findly.com\/?s={search_term_string}\"},\"query-input\":\"required name=search_term_string\"}],\"inLanguage\":\"fr-CA\"}]}<\/script>\n<!-- \/ Yoast SEO Premium plugin. -->","yoast_head_json":{"title":"Transf\u00e9rez vos activit\u00e9s chez Edward Jones | Edward Jones","description":"Vid\u00e9o en audio description avec transcription. Des repr\u00e9sentants en services financiers expliquent comment le transfert de leurs activit\u00e9s chez Edward Jones les a aid\u00e9s \u00e0 passer au niveau sup\u00e9rieur. Envisagez de transf\u00e9rer vos activit\u00e9s chez Edward Jones.","robots":{"index":"noindex","follow":"follow","max-snippet":"max-snippet:-1","max-image-preview":"max-image-preview:large","max-video-preview":"max-video-preview:-1"},"og_locale":"fr_CA","og_type":"article","og_title":"Vid\u00e9o : Propulsez votre pratique au prochain \u00e9chelon","og_description":"Vid\u00e9o en audio description avec transcription. Des repr\u00e9sentants en services financiers expliquent comment le transfert de leurs activit\u00e9s chez Edward Jones les a aid\u00e9s \u00e0 passer au niveau sup\u00e9rieur. Envisagez de transf\u00e9rer vos activit\u00e9s chez Edward Jones.","og_url":"https:\/\/edwardjones-stage.site.findly.com\/fr-CA\/video-propulsez-votre-pratique-au-prochain-echelon\/","og_site_name":"Edward jones Career Stage","article_modified_time":"2021-02-05T20:29:51+00:00","og_image":[{"width":200,"height":200,"url":"https:\/\/edwardjones-stage.xcc.smashfly.io\/wp-content\/uploads\/sites\/2815\/2020\/10\/EdwardJonesCareers-logo-200x200px.jpg","type":"image\/jpeg"}],"twitter_misc":{"Estimation du temps de lecture":"5 minutes"},"schema":{"@context":"https:\/\/schema.org","@graph":[{"@type":"WebPage","@id":"https:\/\/edwardjones-stage.site.findly.com\/fr-CA\/video-propulsez-votre-pratique-au-prochain-echelon\/","url":"https:\/\/edwardjones-stage.site.findly.com\/fr-CA\/video-propulsez-votre-pratique-au-prochain-echelon\/","name":"Transf\u00e9rez vos activit\u00e9s chez Edward Jones | Edward Jones","isPartOf":{"@id":"http:\/\/edwardjones-stage.site.findly.com\/#website"},"datePublished":"2021-01-13T07:57:25+00:00","dateModified":"2021-02-05T20:29:51+00:00","description":"Vid\u00e9o en audio description avec transcription. Des repr\u00e9sentants en services financiers expliquent comment le transfert de leurs activit\u00e9s chez Edward Jones les a aid\u00e9s \u00e0 passer au niveau sup\u00e9rieur. Envisagez de transf\u00e9rer vos activit\u00e9s chez Edward Jones.","breadcrumb":{"@id":"https:\/\/edwardjones-stage.site.findly.com\/fr-CA\/video-propulsez-votre-pratique-au-prochain-echelon\/#breadcrumb"},"inLanguage":"fr-CA","potentialAction":[{"@type":"ReadAction","target":["https:\/\/edwardjones-stage.site.findly.com\/fr-CA\/video-propulsez-votre-pratique-au-prochain-echelon\/"]}]},{"@type":"BreadcrumbList","@id":"https:\/\/edwardjones-stage.site.findly.com\/fr-CA\/video-propulsez-votre-pratique-au-prochain-echelon\/#breadcrumb","itemListElement":[{"@type":"ListItem","position":1,"name":"Home","item":"https:\/\/edwardjones-stage.site.findly.com\/fr-CA\/"},{"@type":"ListItem","position":2,"name":"Vid\u00e9o : Propulsez votre pratique au prochain \u00e9chelon"}]},{"@type":"WebSite","@id":"http:\/\/edwardjones-stage.site.findly.com\/#website","url":"http:\/\/edwardjones-stage.site.findly.com\/","name":"Edward jones Career Stage","description":"ibee Demo Site","potentialAction":[{"@type":"SearchAction","target":{"@type":"EntryPoint","urlTemplate":"http:\/\/edwardjones-stage.site.findly.com\/?s={search_term_string}"},"query-input":"required name=search_term_string"}],"inLanguage":"fr-CA"}]}},"pgc_meta":"","_links":{"self":[{"href":"https:\/\/edwardjones-stage.xcc.smashfly.io\/fr-CA\/wp-json\/wp\/v2\/pages\/20220","targetHints":{"allow":["GET"]}}],"collection":[{"href":"https:\/\/edwardjones-stage.xcc.smashfly.io\/fr-CA\/wp-json\/wp\/v2\/pages"}],"about":[{"href":"https:\/\/edwardjones-stage.xcc.smashfly.io\/fr-CA\/wp-json\/wp\/v2\/types\/page"}],"author":[{"embeddable":true,"href":"https:\/\/edwardjones-stage.xcc.smashfly.io\/fr-CA\/wp-json\/wp\/v2\/users\/1415"}],"replies":[{"embeddable":true,"href":"https:\/\/edwardjones-stage.xcc.smashfly.io\/fr-CA\/wp-json\/wp\/v2\/comments?post=20220"}],"version-history":[{"count":0,"href":"https:\/\/edwardjones-stage.xcc.smashfly.io\/fr-CA\/wp-json\/wp\/v2\/pages\/20220\/revisions"}],"wp:attachment":[{"href":"https:\/\/edwardjones-stage.xcc.smashfly.io\/fr-CA\/wp-json\/wp\/v2\/media?parent=20220"}],"wp:term":[{"taxonomy":"persona","embeddable":true,"href":"https:\/\/edwardjones-stage.xcc.smashfly.io\/fr-CA\/wp-json\/wp\/v2\/persona?post=20220"}],"curies":[{"name":"wp","href":"https:\/\/api.w.org\/{rel}","templated":true}]}}