{"id":20201,"date":"2021-01-13T05:09:21","date_gmt":"2021-01-13T05:09:21","guid":{"rendered":"https:\/\/careers.edwardjones.com\/?page_id=20201"},"modified":"2021-01-25T01:55:41","modified_gmt":"2021-01-25T01:55:41","slug":"video-nous-vous-accueillerons-et-nous-vous-apprendrons-tout-ce-que-vous-devez-savoir","status":"publish","type":"page","link":"https:\/\/edwardjones-stage.xcc.smashfly.io\/fr-CA\/video-nous-vous-accueillerons-et-nous-vous-apprendrons-tout-ce-que-vous-devez-savoir\/","title":{"rendered":"Vid\u00e9o: Nous vous accueillerons et nous vous apprendrons tout ce que vous devez savoir."},"content":{"rendered":"<\/div><\/div><\/div><!-- close content main div --><\/div><\/div><div id='av_section_1' class='avia-section main_color avia-section-no-padding avia-no-border-styling avia-bg-style-scroll  banner-text container_wrap fullsize'   ><div class='container' ><div class='template-page content  av-content-full alpha units'><div class='post-entry post-entry-type-page post-entry-20201'><div class='entry-content-wrapper clearfix'>\n<section class=\"av_textblock_section\"  itemscope=\"itemscope\" itemtype=\"https:\/\/schema.org\/CreativeWork\" ><div class='avia_textblock pt70 pb70'   itemprop=\"text\" ><h1>Nous vous accueillerons et nous vous apprendrons tout ce que vous devez savoir.<\/h1>\n<\/div><\/section>\n\n<\/div><\/div><\/div><!-- close content main div --><\/div><\/div><div id='av_section_2' class='avia-section main_color avia-section-no-padding avia-no-border-styling avia-bg-style-scroll  pb130 locations-text-widget search-widget-vertical-container pt90 container_wrap fullsize'   ><div class='container' ><div class='template-page content  av-content-full alpha units'><div class='post-entry post-entry-type-page post-entry-20201'><div class='entry-content-wrapper clearfix'>\n<div class=\"flex_column av_three_fourth  flex_column_div av-zero-column-padding first   \" style='border-radius:0px; '><p><section class=\"av_textblock_section\"  itemscope=\"itemscope\" itemtype=\"https:\/\/schema.org\/CreativeWork\" ><div class='avia_textblock locations-list pl30 pb40'   itemprop=\"text\" ><p><a class=\"edj-link\" onclick=\"goBack()\" href=\"#\">&lt; Retour \u00e0 la page pr\u00e9c\u00e9dente<\/a><\/p>\n<h2 class=\"pb20\">Vid\u00e9o avec audio description<\/h2>\n<div style=\"padding: 56.25% 0 0 0; position: relative;\"><iframe style=\"position: absolute; top: 0; left: 0; width: 100%; height: 100%;\" title=\"Vid\u00e9o : Nous vous accueillerons et nous vous apprendrons tout ce que vous devez savoir.\" src=\"https:\/\/player.vimeo.com\/video\/473456491?color=ffc001&amp;title=0&amp;byline=0&amp;portrait=0\" frameborder=\"0\" allow=\"autoplay; fullscreen\" allowfullscreen=\"allowfullscreen\" data-mce-fragment=\"1\"><\/iframe><\/div>\n<p><script src=\"https:\/\/player.vimeo.com\/api\/player.js\"><\/script><\/p>\n<\/div><\/section><br \/>\n<section class=\"av_textblock_section\"  itemscope=\"itemscope\" itemtype=\"https:\/\/schema.org\/CreativeWork\" ><div class='avia_textblock locations-list pl30 pb40'   itemprop=\"text\" ><h2 class=\"pb20\">Transcription de la vid\u00e9o<\/h2>\n<p>[Musique]<\/p>\n<p>[Texte] Nous vous accueillerons et nous vous apprendrons tout ce que vous devez savoir.<\/p>\n<p>[Texte] Joe Hollar &#8211; administratrice de succursale principale<\/p>\n<p>[Joe] <span style=\"font-weight: 400;\">L\u2019avantage d\u2019Edward Jones r\u00e9side dans l\u2019excellence de sa formation. Lorsque vous vous joignez \u00e0 l\u2019entreprise, un mentor vous est affect\u00e9 pour vous aider tout au long du processus. Vous recevez une formation au bureau, par l\u2019interm\u00e9diaire du site d\u2019apprentissage. On communique r\u00e9guli\u00e8rement avec vous pour v\u00e9rifier vos progr\u00e8s et r\u00e9pondre \u00e0 vos questions. Si vous avez des doutes ou le sentiment d\u2019\u00eatre d\u00e9pass\u00e9, vous pouvez communiquer avec quelqu\u2019un qui sera l\u00e0 pour vous aider.<\/span><\/p>\n<p>[Texte] Simona Bolton &#8211; administratrice de succursale principale<\/p>\n<p>[Simona] Nous apprenons constamment. Si nous voulons prendre l\u2019initiative de faire plus de recherches, il y a une foule de ressources d\u2019apprentissage \u00e0 notre disposition.<\/p>\n<p>[Joe] Il est si agr\u00e9able de travailler avec les autres administrateurs de succursale de la r\u00e9gion. Ils offrent un grand soutien et sont toujours pr\u00eats \u00e0 aider. Vous pouvez toujours leur t\u00e9l\u00e9phoner.<\/p>\n<p>[Simona] Je pense qu\u2019au d\u00e9but, on a l\u2019impression d\u2019\u00eatre un peu d\u00e9pass\u00e9. C\u2019est le cas \u00e0 mon avis pour n\u2019importe quel emploi. Ce qu\u2019il y a de bien chez Edward Jones, c\u2019est qu\u2019on vous offre les outils pour r\u00e9ussir. Il existe un sentiment absolu de partenariat : je sens que je fais r\u00e9ellement partie de l\u2019entreprise et des dossiers de mes clients. Je veux vraiment faire de mon mieux pour continuer de me perfectionner, d\u00e9velopper ma client\u00e8le, appuyer mon repr\u00e9sentant en services financiers et \u00eatre l\u00e0 pour l\u2019entreprise.<\/p>\n<p>[Logo] Edward Jones<\/p>\n<p>[Texte] \u00a9 2020 Edward D. Jones &amp; Co., L.P. Tous droits r\u00e9serv\u00e9s. Membre du Fonds canadien de protection des \u00e9pargnants<\/p>\n<p>[Musique]<\/p>\n<\/div><\/section><br \/>\n<section class=\"av_textblock_section\"  itemscope=\"itemscope\" itemtype=\"https:\/\/schema.org\/CreativeWork\" ><div class='avia_textblock locations-list pl30'   itemprop=\"text\" ><p><a class=\"edj-btn wid458\" onclick=\"goBack()\" href=\"#\">Back to previous page<\/a><\/p>\n<\/div><\/section><\/p><\/div><div class=\"flex_column av_one_fourth  flex_column_div av-zero-column-padding   search-widget search-widget-vertical \" style='background-color:#fde57f; border-radius:0px; '><div class='avia-builder-widget-area clearfix '><div id=\"widget_job_search_v2-7\" class=\"widget clearfix widget-jobsearch widget-jobsearch-v2\"><form method=\"GET\" id=\"cws_quickjobsearch\" role=\"search\" class=\"clearfix g-cols offset_medium\" action=\"\/fr-CA\/resultats-de-la-recherche-demploi\/\"><div class=\"quicksearch-title first avia-builder-el-first flex_column av_one_third\"><h2 class=\"widgettitle cws-widgetitle\">Recherche d\u2019emplois par mot cl\u00e9<\/h2><\/div><div class=\"quicksearch-field quicksearch-SearchText  flex_column av_one_third horizontal\"><div class=\"w-form-row\"><div class=\"w-form-row-label\"><label for=\"cws_quickjobsearch_keywords\">Keyword<\/label><\/div><div class=\"w-form-row-field\"><input type=\"text\" class=\"text_input keyword_suggest\" name=\"keyword\" id=\"cws_quickjobsearch_keywords\" data-autocomplete_limit=\"5\" data-param=\"SearchText\" aria-describedby=\"keyword-help\" value=\"\" \/><span id=\"keyword-help\" class=\"visually-hidden sr-only\" aria-live=\"polite\">Begin typing to find suggestions.<\/span><span class=\"w-form-row-field-bar\"><\/span><\/div><input type=\"hidden\" name=\"fuzzy\" id=\"cws_quickjobsearch_fuzzy\" data-param=\"fuzzy\" value=\"\" \/><\/div><\/div><div class=\"quicksearch-btn avia-builder-el-last flex_column av_one_third\"><input class=\"avia-button avia-color-theme-color avia-size-small quicksearch-submit\" type=\"submit\" value=\"Recherche d\u2019emplois\" \/><\/div><\/form><\/div><\/div><\/div>\n","protected":false},"excerpt":{"rendered":"","protected":false},"author":1415,"featured_media":0,"parent":0,"menu_order":0,"comment_status":"closed","ping_status":"closed","template":"","meta":{"pgc_meta":"","footnotes":""},"persona":[],"class_list":["post-20201","page","type-page","status-publish","hentry"],"yoast_head":"<!-- This site is optimized with the Yoast SEO Premium plugin v23.0 (Yoast SEO v23.0) - https:\/\/yoast.com\/wordpress\/plugins\/seo\/ -->\n<title>Formation et perfectionnement en mati\u00e8re de soutien en succursale | Edward Jones<\/title>\n<meta name=\"description\" content=\"Vid\u00e9o en audio description avec transcription. Les administrateurs de succursale discutent de la formation, du perfectionnement et du soutien qui contribuent \u00e0 leur succ\u00e8s. Exploitez votre potentiel chez Edward Jones.\" \/>\n<meta name=\"robots\" content=\"noindex, follow, max-snippet:-1, max-image-preview:large, max-video-preview:-1\" \/>\n<meta property=\"og:locale\" content=\"fr_CA\" \/>\n<meta property=\"og:type\" content=\"article\" \/>\n<meta property=\"og:title\" content=\"Vid\u00e9o: Nous vous accueillerons et nous vous apprendrons tout ce que vous devez savoir.\" \/>\n<meta property=\"og:description\" content=\"Vid\u00e9o en audio description avec transcription. Les administrateurs de succursale discutent de la formation, du perfectionnement et du soutien qui contribuent \u00e0 leur succ\u00e8s. Exploitez votre potentiel chez Edward Jones.\" \/>\n<meta property=\"og:url\" content=\"http:\/\/edwardjones-stage.site.findly.com\/fr-CA\/video-nous-vous-accueillerons-et-nous-vous-apprendrons-tout-ce-que-vous-devez-savoir\/\" \/>\n<meta property=\"og:site_name\" content=\"Edward jones Career Stage\" \/>\n<meta property=\"article:modified_time\" content=\"2021-01-25T01:55:41+00:00\" \/>\n<meta property=\"og:image\" content=\"https:\/\/edwardjones-stage.xcc.smashfly.io\/wp-content\/uploads\/sites\/2815\/2020\/10\/EdwardJonesCareers-logo-200x200px.jpg\" \/>\n\t<meta property=\"og:image:width\" content=\"200\" \/>\n\t<meta property=\"og:image:height\" content=\"200\" \/>\n\t<meta property=\"og:image:type\" content=\"image\/jpeg\" \/>\n<meta name=\"twitter:label1\" content=\"Estimation du temps de lecture\" \/>\n\t<meta name=\"twitter:data1\" content=\"4 minutes\" \/>\n<script type=\"application\/ld+json\" class=\"yoast-schema-graph\">{\"@context\":\"https:\/\/schema.org\",\"@graph\":[{\"@type\":\"WebPage\",\"@id\":\"http:\/\/edwardjones-stage.site.findly.com\/fr-CA\/video-nous-vous-accueillerons-et-nous-vous-apprendrons-tout-ce-que-vous-devez-savoir\/\",\"url\":\"http:\/\/edwardjones-stage.site.findly.com\/fr-CA\/video-nous-vous-accueillerons-et-nous-vous-apprendrons-tout-ce-que-vous-devez-savoir\/\",\"name\":\"Formation et perfectionnement en mati\u00e8re de soutien en succursale | Edward Jones\",\"isPartOf\":{\"@id\":\"http:\/\/edwardjones-stage.site.findly.com\/#website\"},\"datePublished\":\"2021-01-13T05:09:21+00:00\",\"dateModified\":\"2021-01-25T01:55:41+00:00\",\"description\":\"Vid\u00e9o en audio description avec transcription. Les administrateurs de succursale discutent de la formation, du perfectionnement et du soutien qui contribuent \u00e0 leur succ\u00e8s. Exploitez votre potentiel chez Edward Jones.\",\"breadcrumb\":{\"@id\":\"http:\/\/edwardjones-stage.site.findly.com\/fr-CA\/video-nous-vous-accueillerons-et-nous-vous-apprendrons-tout-ce-que-vous-devez-savoir\/#breadcrumb\"},\"inLanguage\":\"fr-CA\",\"potentialAction\":[{\"@type\":\"ReadAction\",\"target\":[\"http:\/\/edwardjones-stage.site.findly.com\/fr-CA\/video-nous-vous-accueillerons-et-nous-vous-apprendrons-tout-ce-que-vous-devez-savoir\/\"]}]},{\"@type\":\"BreadcrumbList\",\"@id\":\"http:\/\/edwardjones-stage.site.findly.com\/fr-CA\/video-nous-vous-accueillerons-et-nous-vous-apprendrons-tout-ce-que-vous-devez-savoir\/#breadcrumb\",\"itemListElement\":[{\"@type\":\"ListItem\",\"position\":1,\"name\":\"Home\",\"item\":\"https:\/\/edwardjones-stage.site.findly.com\/fr-CA\/\"},{\"@type\":\"ListItem\",\"position\":2,\"name\":\"Vid\u00e9o: Nous vous accueillerons et nous vous apprendrons tout ce que vous devez savoir.\"}]},{\"@type\":\"WebSite\",\"@id\":\"http:\/\/edwardjones-stage.site.findly.com\/#website\",\"url\":\"http:\/\/edwardjones-stage.site.findly.com\/\",\"name\":\"Edward jones Career Stage\",\"description\":\"ibee Demo Site\",\"potentialAction\":[{\"@type\":\"SearchAction\",\"target\":{\"@type\":\"EntryPoint\",\"urlTemplate\":\"http:\/\/edwardjones-stage.site.findly.com\/?s={search_term_string}\"},\"query-input\":\"required name=search_term_string\"}],\"inLanguage\":\"fr-CA\"}]}<\/script>\n<!-- \/ Yoast SEO Premium plugin. -->","yoast_head_json":{"title":"Formation et perfectionnement en mati\u00e8re de soutien en succursale | Edward Jones","description":"Vid\u00e9o en audio description avec transcription. Les administrateurs de succursale discutent de la formation, du perfectionnement et du soutien qui contribuent \u00e0 leur succ\u00e8s. Exploitez votre potentiel chez Edward Jones.","robots":{"index":"noindex","follow":"follow","max-snippet":"max-snippet:-1","max-image-preview":"max-image-preview:large","max-video-preview":"max-video-preview:-1"},"og_locale":"fr_CA","og_type":"article","og_title":"Vid\u00e9o: Nous vous accueillerons et nous vous apprendrons tout ce que vous devez savoir.","og_description":"Vid\u00e9o en audio description avec transcription. Les administrateurs de succursale discutent de la formation, du perfectionnement et du soutien qui contribuent \u00e0 leur succ\u00e8s. Exploitez votre potentiel chez Edward Jones.","og_url":"http:\/\/edwardjones-stage.site.findly.com\/fr-CA\/video-nous-vous-accueillerons-et-nous-vous-apprendrons-tout-ce-que-vous-devez-savoir\/","og_site_name":"Edward jones Career Stage","article_modified_time":"2021-01-25T01:55:41+00:00","og_image":[{"width":200,"height":200,"url":"https:\/\/edwardjones-stage.xcc.smashfly.io\/wp-content\/uploads\/sites\/2815\/2020\/10\/EdwardJonesCareers-logo-200x200px.jpg","type":"image\/jpeg"}],"twitter_misc":{"Estimation du temps de lecture":"4 minutes"},"schema":{"@context":"https:\/\/schema.org","@graph":[{"@type":"WebPage","@id":"http:\/\/edwardjones-stage.site.findly.com\/fr-CA\/video-nous-vous-accueillerons-et-nous-vous-apprendrons-tout-ce-que-vous-devez-savoir\/","url":"http:\/\/edwardjones-stage.site.findly.com\/fr-CA\/video-nous-vous-accueillerons-et-nous-vous-apprendrons-tout-ce-que-vous-devez-savoir\/","name":"Formation et perfectionnement en mati\u00e8re de soutien en succursale | Edward Jones","isPartOf":{"@id":"http:\/\/edwardjones-stage.site.findly.com\/#website"},"datePublished":"2021-01-13T05:09:21+00:00","dateModified":"2021-01-25T01:55:41+00:00","description":"Vid\u00e9o en audio description avec transcription. Les administrateurs de succursale discutent de la formation, du perfectionnement et du soutien qui contribuent \u00e0 leur succ\u00e8s. Exploitez votre potentiel chez Edward Jones.","breadcrumb":{"@id":"http:\/\/edwardjones-stage.site.findly.com\/fr-CA\/video-nous-vous-accueillerons-et-nous-vous-apprendrons-tout-ce-que-vous-devez-savoir\/#breadcrumb"},"inLanguage":"fr-CA","potentialAction":[{"@type":"ReadAction","target":["http:\/\/edwardjones-stage.site.findly.com\/fr-CA\/video-nous-vous-accueillerons-et-nous-vous-apprendrons-tout-ce-que-vous-devez-savoir\/"]}]},{"@type":"BreadcrumbList","@id":"http:\/\/edwardjones-stage.site.findly.com\/fr-CA\/video-nous-vous-accueillerons-et-nous-vous-apprendrons-tout-ce-que-vous-devez-savoir\/#breadcrumb","itemListElement":[{"@type":"ListItem","position":1,"name":"Home","item":"https:\/\/edwardjones-stage.site.findly.com\/fr-CA\/"},{"@type":"ListItem","position":2,"name":"Vid\u00e9o: Nous vous accueillerons et nous vous apprendrons tout ce que vous devez savoir."}]},{"@type":"WebSite","@id":"http:\/\/edwardjones-stage.site.findly.com\/#website","url":"http:\/\/edwardjones-stage.site.findly.com\/","name":"Edward jones Career Stage","description":"ibee Demo Site","potentialAction":[{"@type":"SearchAction","target":{"@type":"EntryPoint","urlTemplate":"http:\/\/edwardjones-stage.site.findly.com\/?s={search_term_string}"},"query-input":"required name=search_term_string"}],"inLanguage":"fr-CA"}]}},"pgc_meta":"","_links":{"self":[{"href":"https:\/\/edwardjones-stage.xcc.smashfly.io\/fr-CA\/wp-json\/wp\/v2\/pages\/20201","targetHints":{"allow":["GET"]}}],"collection":[{"href":"https:\/\/edwardjones-stage.xcc.smashfly.io\/fr-CA\/wp-json\/wp\/v2\/pages"}],"about":[{"href":"https:\/\/edwardjones-stage.xcc.smashfly.io\/fr-CA\/wp-json\/wp\/v2\/types\/page"}],"author":[{"embeddable":true,"href":"https:\/\/edwardjones-stage.xcc.smashfly.io\/fr-CA\/wp-json\/wp\/v2\/users\/1415"}],"replies":[{"embeddable":true,"href":"https:\/\/edwardjones-stage.xcc.smashfly.io\/fr-CA\/wp-json\/wp\/v2\/comments?post=20201"}],"version-history":[{"count":0,"href":"https:\/\/edwardjones-stage.xcc.smashfly.io\/fr-CA\/wp-json\/wp\/v2\/pages\/20201\/revisions"}],"wp:attachment":[{"href":"https:\/\/edwardjones-stage.xcc.smashfly.io\/fr-CA\/wp-json\/wp\/v2\/media?parent=20201"}],"wp:term":[{"taxonomy":"persona","embeddable":true,"href":"https:\/\/edwardjones-stage.xcc.smashfly.io\/fr-CA\/wp-json\/wp\/v2\/persona?post=20201"}],"curies":[{"name":"wp","href":"https:\/\/api.w.org\/{rel}","templated":true}]}}