{"id":20118,"date":"2021-01-12T17:27:47","date_gmt":"2021-01-12T17:27:47","guid":{"rendered":"https:\/\/careers.edwardjones.com\/?page_id=20118"},"modified":"2021-02-06T16:34:23","modified_gmt":"2021-02-06T16:34:23","slug":"video-toutes-les-questions-sont-les-bienvenues","status":"publish","type":"page","link":"https:\/\/edwardjones-stage.xcc.smashfly.io\/fr-CA\/video-toutes-les-questions-sont-les-bienvenues\/","title":{"rendered":"Vid\u00e9o : Toutes les questions sont les bienvenues"},"content":{"rendered":"<\/div><\/div><\/div><!-- close content main div --><\/div><\/div><div id='av_section_1' class='avia-section main_color avia-section-no-padding avia-no-border-styling avia-bg-style-scroll  banner-text container_wrap fullsize'   ><div class='container' ><div class='template-page content  av-content-full alpha units'><div class='post-entry post-entry-type-page post-entry-20118'><div class='entry-content-wrapper clearfix'>\n<section class=\"av_textblock_section\"  itemscope=\"itemscope\" itemtype=\"https:\/\/schema.org\/CreativeWork\" ><div class='avia_textblock pt70 pb70'   itemprop=\"text\" ><h1>Toutes les questions sont les bienvenues<\/h1>\n<\/div><\/section>\n\n<\/div><\/div><\/div><!-- close content main div --><\/div><\/div><div id='av_section_2' class='avia-section main_color avia-section-no-padding avia-no-border-styling avia-bg-style-scroll  pb130 locations-text-widget search-widget-vertical-container pt90 container_wrap fullsize'   ><div class='container' ><div class='template-page content  av-content-full alpha units'><div class='post-entry post-entry-type-page post-entry-20118'><div class='entry-content-wrapper clearfix'>\n<div class=\"flex_column av_three_fourth  flex_column_div av-zero-column-padding first   \" style='border-radius:0px; '><p><section class=\"av_textblock_section\"  itemscope=\"itemscope\" itemtype=\"https:\/\/schema.org\/CreativeWork\" ><div class='avia_textblock locations-list pl30 pb40'   itemprop=\"text\" ><p><a class=\"edj-link\" onclick=\"goBack()\" href=\"#\">&lt; Retour \u00e0 la page pr\u00e9c\u00e9dente<\/a><\/p>\n<h2 class=\"pb20\">Vid\u00e9o avec audio description<\/h2>\n<div style=\"padding: 56.25% 0 0 0; position: relative;\"><iframe style=\"position: absolute; top: 0; left: 0; width: 100%; height: 100%;\" lang=\"en\" title=\"EFAs talking about how EJ helped them grow their practice\" src=\"https:\/\/player.vimeo.com\/video\/476343688?color=ffc001&amp;title=0&amp;byline=0&amp;portrait=0\" frameborder=\"0\" allow=\"autoplay; fullscreen\" allowfullscreen=\"allowfullscreen\"><\/iframe><\/div>\n<p><script src=\"https:\/\/player.vimeo.com\/api\/player.js\"><\/script><\/p>\n<\/div><\/section><br \/>\n<section class=\"av_textblock_section\"  itemscope=\"itemscope\" itemtype=\"https:\/\/schema.org\/CreativeWork\" ><div class='avia_textblock locations-list pl30 pb40'   itemprop=\"text\" ><h2 class=\"pb20\">Transcription de la vid\u00e9o<\/h2>\n<p>[Musique]<\/p>\n<p>[Texte] \u00c9v\u00e9nement li\u00e9 \u00e0 la diligence raisonnable Edward Jones<\/p>\n<p>[Texte] Un aper\u00e7u<\/p>\n<p>[Andrew] Lorsque vous \u00eates pr\u00e9sents physiquement, votre fa\u00e7on de voir les choses change r\u00e9ellement.<\/p>\n<p>[Texte] Brett Davis &#8211; Transition \u00e0 Edward Jones, Octobre 2017<\/p>\n<p>[Brett] Je fais surtout affaire avec des clients fortun\u00e9s. Je voulais m\u2019assurer qu\u2019en partant, je n\u2019aurais aucune pr\u00e9occupation. La haute direction \u00e9tait repr\u00e9sent\u00e9e \u00e0 tous les \u00e9gards : technologie, marketing, solutions financi\u00e8res. Aucune question n\u2019a \u00e9t\u00e9 \u00e9cart\u00e9e. Ils ont \u00e9t\u00e9 tr\u00e8s francs, ce que j\u2019ai appr\u00e9ci\u00e9. Nous avons tous pos\u00e9 des questions tr\u00e8s serr\u00e9es. Ils n\u2019ont jamais h\u00e9sit\u00e9.<\/p>\n<p>[Jennifer] Il s\u2019agissait de repr\u00e9sentants en services financiers chevronn\u00e9s, parmi les plus performants, qui nous ont permis de poser toutes nos questions, m\u00eame les plus pointues auxquelles vous pensez que personne ne peut vraiment r\u00e9pondre. Ils ne cherchent pas \u00e0 savoir ce que vous pouvez faire pour eux, mais ce qu\u2019ils peuvent faire pour vous aider \u00e0 r\u00e9aliser quelque chose d\u2019extraordinaire.<\/p>\n<p>[Texte] Andrew Coats &#8211; Transition \u00e0 Edward Jones, Septembre 2017<\/p>\n<p>[Andrew] J\u2019ai rencontr\u00e9 un associ\u00e9 commandit\u00e9 qui m\u2019a donn\u00e9 beaucoup de renseignements sur l\u2019utilisation de la g\u00e9olocalisation et d\u2019autres moyens d\u2019attirer des clients vers nos sites web. C\u2019est trouv\u00e9 tout cela tr\u00e8s novateur.<\/p>\n<p>[Texte] Jennifer Mackie &#8211; Transition \u00e0 Edward Jones, Mars 2018<\/p>\n<p>[Jennifer] Ce qui a boucl\u00e9 la boucle pour moi est que je comprenais comment je serais pay\u00e9 et que je savais que mes clients seraient bien trait\u00e9s. Ma rencontre avec des personnes qui incarnent v\u00e9ritablement cette culture a \u00e9t\u00e9 formidable.<\/p>\n<p>[Andrew] Le fait d\u2019avoir une succursale attitr\u00e9e et un administrateur attitr\u00e9 m\u2019a totalement convaincu. Savez-vous pourquoi? Je vais gagner des heures que je pourrai mettre au service de mes clients comme jamais auparavant.<\/p>\n<p>[Brett] Ayez un plan. Posez vos questions, car ils r\u00e9pondront, et appr\u00e9ciez cette atmosph\u00e8re, lorsque quelqu\u2019un veut r\u00e9ellement vous aider \u00e0 b\u00e2tir votre entreprise et renforcer votre marque. Pour moi, c\u2019\u00e9tait le d\u00e9clic pour mon aventure Edward Jones et ce n\u2019\u00e9tait qu\u2019un d\u00e9but.<\/p>\n<p>[Texte] \u00c9v\u00e9nement li\u00e9 \u00e0 la diligence raisonnable Edward Jones<\/p>\n<p>[Texte] Venez en faire l\u2019exp\u00e9rience par vous-m\u00eame.<\/p>\n<p>[Texte] \u00a9 2020 Edward D. Jones &amp; Co., L.P. Tous droits r\u00e9serv\u00e9s. Membre du Fonds canadien de protection des \u00e9pargnants<\/p>\n<\/div><\/section><br \/>\n<section class=\"av_textblock_section\"  itemscope=\"itemscope\" itemtype=\"https:\/\/schema.org\/CreativeWork\" ><div class='avia_textblock locations-list pl30'   itemprop=\"text\" ><p><a class=\"edj-btn wid458\" onclick=\"goBack()\" href=\"#\">Retour \u00e0 la page pr\u00e9c\u00e9dente<\/a><\/p>\n<\/div><\/section><\/p><\/div><div class=\"flex_column av_one_fourth  flex_column_div av-zero-column-padding   search-widget search-widget-vertical \" style='background-color:#fde57f; border-radius:0px; '><div class='avia-builder-widget-area clearfix '><div id=\"widget_job_search_v2-7\" class=\"widget clearfix widget-jobsearch widget-jobsearch-v2\"><form method=\"GET\" id=\"cws_quickjobsearch\" role=\"search\" class=\"clearfix g-cols offset_medium\" action=\"\/fr-CA\/resultats-de-la-recherche-demploi\/\"><div class=\"quicksearch-title first avia-builder-el-first flex_column av_one_third\"><h2 class=\"widgettitle cws-widgetitle\">Recherche d\u2019emplois par mot cl\u00e9<\/h2><\/div><div class=\"quicksearch-field quicksearch-SearchText  flex_column av_one_third horizontal\"><div class=\"w-form-row\"><div class=\"w-form-row-label\"><label for=\"cws_quickjobsearch_keywords\">Keyword<\/label><\/div><div class=\"w-form-row-field\"><input type=\"text\" class=\"text_input keyword_suggest\" name=\"keyword\" id=\"cws_quickjobsearch_keywords\" data-autocomplete_limit=\"5\" data-param=\"SearchText\" aria-describedby=\"keyword-help\" value=\"\" \/><span id=\"keyword-help\" class=\"visually-hidden sr-only\" aria-live=\"polite\">Begin typing to find suggestions.<\/span><span class=\"w-form-row-field-bar\"><\/span><\/div><input type=\"hidden\" name=\"fuzzy\" id=\"cws_quickjobsearch_fuzzy\" data-param=\"fuzzy\" value=\"\" \/><\/div><\/div><div class=\"quicksearch-btn avia-builder-el-last flex_column av_one_third\"><input class=\"avia-button avia-color-theme-color avia-size-small quicksearch-submit\" type=\"submit\" value=\"Recherche d\u2019emplois\" \/><\/div><\/form><\/div><\/div><\/div>\n","protected":false},"excerpt":{"rendered":"","protected":false},"author":442,"featured_media":0,"parent":0,"menu_order":0,"comment_status":"closed","ping_status":"closed","template":"","meta":{"pgc_meta":"","footnotes":""},"persona":[],"class_list":["post-20118","page","type-page","status-publish","hentry"],"yoast_head":"<!-- This site is optimized with the Yoast SEO Premium plugin v23.0 (Yoast SEO v23.0) - https:\/\/yoast.com\/wordpress\/plugins\/seo\/ -->\n<title>Communiquez avec nous lors d\u2019un \u00e9v\u00e9nement virtuel ou en personne | Edward Jones<\/title>\n<meta name=\"description\" content=\"Vid\u00e9o en audio description avec transcription. Des repr\u00e9sentants en services financiers chevronn\u00e9s discutent de la valeur de nos \u00e9v\u00e9nements en personne et virtuels. Assistez \u00e0 un \u00e9v\u00e9nement li\u00e9 \u00e0 la diligence raisonnable Edward Jones.\" \/>\n<meta name=\"robots\" content=\"noindex, follow, max-snippet:-1, max-image-preview:large, max-video-preview:-1\" \/>\n<meta property=\"og:locale\" content=\"fr_CA\" \/>\n<meta property=\"og:type\" content=\"article\" \/>\n<meta property=\"og:title\" content=\"Vid\u00e9o : Toutes les questions sont les bienvenues\" \/>\n<meta property=\"og:description\" content=\"Vid\u00e9o en audio description avec transcription. Des repr\u00e9sentants en services financiers chevronn\u00e9s discutent de la valeur de nos \u00e9v\u00e9nements en personne et virtuels. Assistez \u00e0 un \u00e9v\u00e9nement li\u00e9 \u00e0 la diligence raisonnable Edward Jones.\" \/>\n<meta property=\"og:url\" content=\"https:\/\/edwardjones-stage.site.findly.com\/fr-CA\/video-toutes-les-questions-sont-les-bienvenues\/\" \/>\n<meta property=\"og:site_name\" content=\"Edward jones Career Stage\" \/>\n<meta property=\"article:modified_time\" content=\"2021-02-06T16:34:23+00:00\" \/>\n<meta property=\"og:image\" content=\"https:\/\/edwardjones-stage.xcc.smashfly.io\/wp-content\/uploads\/sites\/2815\/2020\/10\/EdwardJonesCareers-logo-200x200px.jpg\" \/>\n\t<meta property=\"og:image:width\" content=\"200\" \/>\n\t<meta property=\"og:image:height\" content=\"200\" \/>\n\t<meta property=\"og:image:type\" content=\"image\/jpeg\" \/>\n<meta name=\"twitter:label1\" content=\"Estimation du temps de lecture\" \/>\n\t<meta name=\"twitter:data1\" content=\"4 minutes\" \/>\n<script type=\"application\/ld+json\" class=\"yoast-schema-graph\">{\"@context\":\"https:\/\/schema.org\",\"@graph\":[{\"@type\":\"WebPage\",\"@id\":\"https:\/\/edwardjones-stage.site.findly.com\/fr-CA\/video-toutes-les-questions-sont-les-bienvenues\/\",\"url\":\"https:\/\/edwardjones-stage.site.findly.com\/fr-CA\/video-toutes-les-questions-sont-les-bienvenues\/\",\"name\":\"Communiquez avec nous lors d\u2019un \u00e9v\u00e9nement virtuel ou en personne | Edward Jones\",\"isPartOf\":{\"@id\":\"http:\/\/edwardjones-stage.site.findly.com\/#website\"},\"datePublished\":\"2021-01-12T17:27:47+00:00\",\"dateModified\":\"2021-02-06T16:34:23+00:00\",\"description\":\"Vid\u00e9o en audio description avec transcription. Des repr\u00e9sentants en services financiers chevronn\u00e9s discutent de la valeur de nos \u00e9v\u00e9nements en personne et virtuels. Assistez \u00e0 un \u00e9v\u00e9nement li\u00e9 \u00e0 la diligence raisonnable Edward Jones.\",\"breadcrumb\":{\"@id\":\"https:\/\/edwardjones-stage.site.findly.com\/fr-CA\/video-toutes-les-questions-sont-les-bienvenues\/#breadcrumb\"},\"inLanguage\":\"fr-CA\",\"potentialAction\":[{\"@type\":\"ReadAction\",\"target\":[\"https:\/\/edwardjones-stage.site.findly.com\/fr-CA\/video-toutes-les-questions-sont-les-bienvenues\/\"]}]},{\"@type\":\"BreadcrumbList\",\"@id\":\"https:\/\/edwardjones-stage.site.findly.com\/fr-CA\/video-toutes-les-questions-sont-les-bienvenues\/#breadcrumb\",\"itemListElement\":[{\"@type\":\"ListItem\",\"position\":1,\"name\":\"Home\",\"item\":\"https:\/\/edwardjones-stage.site.findly.com\/fr-CA\/\"},{\"@type\":\"ListItem\",\"position\":2,\"name\":\"Vid\u00e9o : Toutes les questions sont les bienvenues\"}]},{\"@type\":\"WebSite\",\"@id\":\"http:\/\/edwardjones-stage.site.findly.com\/#website\",\"url\":\"http:\/\/edwardjones-stage.site.findly.com\/\",\"name\":\"Edward jones Career Stage\",\"description\":\"ibee Demo Site\",\"potentialAction\":[{\"@type\":\"SearchAction\",\"target\":{\"@type\":\"EntryPoint\",\"urlTemplate\":\"http:\/\/edwardjones-stage.site.findly.com\/?s={search_term_string}\"},\"query-input\":\"required name=search_term_string\"}],\"inLanguage\":\"fr-CA\"}]}<\/script>\n<!-- \/ Yoast SEO Premium plugin. -->","yoast_head_json":{"title":"Communiquez avec nous lors d\u2019un \u00e9v\u00e9nement virtuel ou en personne | Edward Jones","description":"Vid\u00e9o en audio description avec transcription. Des repr\u00e9sentants en services financiers chevronn\u00e9s discutent de la valeur de nos \u00e9v\u00e9nements en personne et virtuels. Assistez \u00e0 un \u00e9v\u00e9nement li\u00e9 \u00e0 la diligence raisonnable Edward Jones.","robots":{"index":"noindex","follow":"follow","max-snippet":"max-snippet:-1","max-image-preview":"max-image-preview:large","max-video-preview":"max-video-preview:-1"},"og_locale":"fr_CA","og_type":"article","og_title":"Vid\u00e9o : Toutes les questions sont les bienvenues","og_description":"Vid\u00e9o en audio description avec transcription. Des repr\u00e9sentants en services financiers chevronn\u00e9s discutent de la valeur de nos \u00e9v\u00e9nements en personne et virtuels. Assistez \u00e0 un \u00e9v\u00e9nement li\u00e9 \u00e0 la diligence raisonnable Edward Jones.","og_url":"https:\/\/edwardjones-stage.site.findly.com\/fr-CA\/video-toutes-les-questions-sont-les-bienvenues\/","og_site_name":"Edward jones Career Stage","article_modified_time":"2021-02-06T16:34:23+00:00","og_image":[{"width":200,"height":200,"url":"https:\/\/edwardjones-stage.xcc.smashfly.io\/wp-content\/uploads\/sites\/2815\/2020\/10\/EdwardJonesCareers-logo-200x200px.jpg","type":"image\/jpeg"}],"twitter_misc":{"Estimation du temps de lecture":"4 minutes"},"schema":{"@context":"https:\/\/schema.org","@graph":[{"@type":"WebPage","@id":"https:\/\/edwardjones-stage.site.findly.com\/fr-CA\/video-toutes-les-questions-sont-les-bienvenues\/","url":"https:\/\/edwardjones-stage.site.findly.com\/fr-CA\/video-toutes-les-questions-sont-les-bienvenues\/","name":"Communiquez avec nous lors d\u2019un \u00e9v\u00e9nement virtuel ou en personne | Edward Jones","isPartOf":{"@id":"http:\/\/edwardjones-stage.site.findly.com\/#website"},"datePublished":"2021-01-12T17:27:47+00:00","dateModified":"2021-02-06T16:34:23+00:00","description":"Vid\u00e9o en audio description avec transcription. Des repr\u00e9sentants en services financiers chevronn\u00e9s discutent de la valeur de nos \u00e9v\u00e9nements en personne et virtuels. Assistez \u00e0 un \u00e9v\u00e9nement li\u00e9 \u00e0 la diligence raisonnable Edward Jones.","breadcrumb":{"@id":"https:\/\/edwardjones-stage.site.findly.com\/fr-CA\/video-toutes-les-questions-sont-les-bienvenues\/#breadcrumb"},"inLanguage":"fr-CA","potentialAction":[{"@type":"ReadAction","target":["https:\/\/edwardjones-stage.site.findly.com\/fr-CA\/video-toutes-les-questions-sont-les-bienvenues\/"]}]},{"@type":"BreadcrumbList","@id":"https:\/\/edwardjones-stage.site.findly.com\/fr-CA\/video-toutes-les-questions-sont-les-bienvenues\/#breadcrumb","itemListElement":[{"@type":"ListItem","position":1,"name":"Home","item":"https:\/\/edwardjones-stage.site.findly.com\/fr-CA\/"},{"@type":"ListItem","position":2,"name":"Vid\u00e9o : Toutes les questions sont les bienvenues"}]},{"@type":"WebSite","@id":"http:\/\/edwardjones-stage.site.findly.com\/#website","url":"http:\/\/edwardjones-stage.site.findly.com\/","name":"Edward jones Career Stage","description":"ibee Demo Site","potentialAction":[{"@type":"SearchAction","target":{"@type":"EntryPoint","urlTemplate":"http:\/\/edwardjones-stage.site.findly.com\/?s={search_term_string}"},"query-input":"required name=search_term_string"}],"inLanguage":"fr-CA"}]}},"pgc_meta":"","_links":{"self":[{"href":"https:\/\/edwardjones-stage.xcc.smashfly.io\/fr-CA\/wp-json\/wp\/v2\/pages\/20118","targetHints":{"allow":["GET"]}}],"collection":[{"href":"https:\/\/edwardjones-stage.xcc.smashfly.io\/fr-CA\/wp-json\/wp\/v2\/pages"}],"about":[{"href":"https:\/\/edwardjones-stage.xcc.smashfly.io\/fr-CA\/wp-json\/wp\/v2\/types\/page"}],"author":[{"embeddable":true,"href":"https:\/\/edwardjones-stage.xcc.smashfly.io\/fr-CA\/wp-json\/wp\/v2\/users\/442"}],"replies":[{"embeddable":true,"href":"https:\/\/edwardjones-stage.xcc.smashfly.io\/fr-CA\/wp-json\/wp\/v2\/comments?post=20118"}],"version-history":[{"count":0,"href":"https:\/\/edwardjones-stage.xcc.smashfly.io\/fr-CA\/wp-json\/wp\/v2\/pages\/20118\/revisions"}],"wp:attachment":[{"href":"https:\/\/edwardjones-stage.xcc.smashfly.io\/fr-CA\/wp-json\/wp\/v2\/media?parent=20118"}],"wp:term":[{"taxonomy":"persona","embeddable":true,"href":"https:\/\/edwardjones-stage.xcc.smashfly.io\/fr-CA\/wp-json\/wp\/v2\/persona?post=20118"}],"curies":[{"name":"wp","href":"https:\/\/api.w.org\/{rel}","templated":true}]}}