{"id":20108,"date":"2021-01-12T17:14:24","date_gmt":"2021-01-12T17:14:24","guid":{"rendered":"https:\/\/careers.edwardjones.com\/?page_id=20108"},"modified":"2021-02-06T16:32:26","modified_gmt":"2021-02-06T16:32:26","slug":"video-tisser-des-liens-un-client-a-la-fois","status":"publish","type":"page","link":"https:\/\/edwardjones-stage.xcc.smashfly.io\/fr-CA\/video-tisser-des-liens-un-client-a-la-fois\/","title":{"rendered":"Vid\u00e9o : Tisser-des-liens-un-client-a-la-fois"},"content":{"rendered":"<\/div><\/div><\/div><!-- close content main div --><\/div><\/div><div id='av_section_1' class='avia-section main_color avia-section-no-padding avia-no-border-styling avia-bg-style-scroll  banner-text container_wrap fullsize'   ><div class='container' ><div class='template-page content  av-content-full alpha units'><div class='post-entry post-entry-type-page post-entry-20108'><div class='entry-content-wrapper clearfix'>\n<section class=\"av_textblock_section\"  itemscope=\"itemscope\" itemtype=\"https:\/\/schema.org\/CreativeWork\" ><div class='avia_textblock pt70 pb70'   itemprop=\"text\" ><h1>Tisser des liens un client \u00e0 la fois<\/h1>\n<\/div><\/section>\n\n<\/div><\/div><\/div><!-- close content main div --><\/div><\/div><div id='av_section_2' class='avia-section main_color avia-section-no-padding avia-no-border-styling avia-bg-style-scroll  pb130 locations-text-widget search-widget-vertical-container pt90 container_wrap fullsize'   ><div class='container' ><div class='template-page content  av-content-full alpha units'><div class='post-entry post-entry-type-page post-entry-20108'><div class='entry-content-wrapper clearfix'>\n<div class=\"flex_column av_three_fourth  flex_column_div av-zero-column-padding first   \" style='border-radius:0px; '><p><section class=\"av_textblock_section\"  itemscope=\"itemscope\" itemtype=\"https:\/\/schema.org\/CreativeWork\" ><div class='avia_textblock locations-list pl30 pb40'   itemprop=\"text\" ><p><a class=\"edj-link\" onclick=\"goBack()\" href=\"#\">&lt; Retour \u00e0 la page pr\u00e9c\u00e9dente<\/a><\/p>\n<h2 class=\"pb20\">Vid\u00e9o avec audio description<\/h2>\n<div style=\"padding: 56.25% 0 0 0; position: relative;\"><iframe style=\"position: absolute; top: 0; left: 0; width: 100%; height: 100%;\" title=\"EFAs talking about how EJ helped them grow their practice\" src=\"https:\/\/player.vimeo.com\/video\/473454769?color=ffc001&amp;title=0&amp;byline=0&amp;portrait=0\" frameborder=\"0\" allow=\"autoplay; fullscreen\" allowfullscreen=\"allowfullscreen\" data-mce-fragment=\"1\"><\/iframe><\/div>\n<p><script src=\"https:\/\/player.vimeo.com\/api\/player.js\"><\/script><\/p>\n<\/div><\/section><br \/>\n<section class=\"av_textblock_section\"  itemscope=\"itemscope\" itemtype=\"https:\/\/schema.org\/CreativeWork\" ><div class='avia_textblock locations-list pl30 pb40'   itemprop=\"text\" ><h2 class=\"pb20\">Transcription de la vid\u00e9o<\/h2>\n<p>[Musique]<\/p>\n<p>[Texte] Catalyseur de relations.<\/p>\n<p>[Texte] Joe Hollar &#8211; administratrice de succursale principale<\/p>\n<p>[Joe] Lorsque je rencontre un client, une des choses que je lui explique au sujet de la diff\u00e9rence Edward Jones, c\u2019est que l\u2019entreprise n\u2019est pas cot\u00e9e en bourse. Nous sommes nos propres propri\u00e9taires et la responsabilit\u00e9 de satisfaire le client et de nous assurer que nous faisons ce qu\u2019il faut nous incombe. \u00c9couter un client d\u00e9crire sa vie au quotidien vous permettra de mieux comprendre ce dont il a besoin.<\/p>\n<p>[Texte] Simona Bolton &#8211; administratrice de succursale principale<\/p>\n<p>[Simona] J\u2019approfondis constamment cette relation et je d\u00e9couvre ce qui est important pour eux. J\u2019apprends simplement \u00e0 les conna\u00eetre en tant que personne et en tant qu\u2019ami.<\/p>\n<p>[Joe] C\u2019est emballant de voir les clients atteindre leurs objectifs. Lorsqu\u2019ils partent en vacances, prennent leur retraite \u00e0 l\u2019\u00e2ge voulu ou envoient leur enfant \u00e0 l\u2019universit\u00e9 sans avoir \u00e0 se soucier du financement.<\/p>\n<p>[Simona] Lorsque j\u2019ai commenc\u00e9, les administrateurs de succursale me racontaient qu\u2019ils avaient assist\u00e9 \u00e0 la f\u00eate d\u2019anniversaire de leur client ou \u00e0 la remise de dipl\u00f4me de leur enfant, et je me suis dit que c\u2019\u00e9tait int\u00e9ressant. Je ne pensais jamais que cela m\u2019arriverait, mais quelques ann\u00e9es plus tard, j\u2019\u00e9tais assis au soixanti\u00e8me anniversaire de mon client et j\u2019ai constat\u00e9 \u00e0 quel point c\u2019\u00e9tait formidable de participer \u00e0 ces jalons.<\/p>\n<p>[Texte] R\u00e9solution de probl\u00e8mes<\/p>\n<p>[Joe] Les administrateurs de succursale qui r\u00e9ussissent portent une attention particuli\u00e8re aux d\u00e9tails. Ce sont des gens autonomes. Lorsqu\u2019ils se heurtent \u00e0 un obstacle, ils savent utiliser les outils que nous avons ici pour trouver des r\u00e9ponses \u00e0 leurs questions tr\u00e8s facilement.<\/p>\n<p>[Simona] Dans chacune de nos succursales, il est important d\u2019\u00eatre centr\u00e9 sur le client, de penser comme nos clients, de vouloir les aider \u00e0 atteindre leurs objectifs.<\/p>\n<p>[Texte] \u00c9quipe en succursale<\/p>\n<p>[Simona] Nous sommes partenaires en succursale. Mon repr\u00e9sentant en services financiers est celui qui d\u00e9tient le permis. Il est donc responsable de faire tout ce qui n\u00e9cessite un permis et je suis responsable de faire tout ce qui n\u2019exige pas de permis. Notre description de poste est \u00e9tablie et il n\u2019y a pas zone d\u2019ombre.<\/p>\n<p>[Texte] Investir en vous<\/p>\n<p>[Simona] L\u2019avancement chez Edward Jones d\u00e9pend de vous. Vous pouvez commencer en tant qu\u2019administrateur de succursale. Vous pouvez commencer \u00e0 travailler \u00e0 temps partiel \u00e0 titre d\u2019administrateur de succursale sur appel. Vous pouvez effectuer un changement vers un poste \u00e0 domicile. Vous pouvez devenir repr\u00e9sentant en services financiers. Il y a toujours des occasions de perfectionnement.<\/p>\n<p>[Joe] J\u2019ai eu l\u2019occasion de travailler dans diff\u00e9rents r\u00f4les et d\u2019assumer plusieurs responsabilit\u00e9s. L\u2019occasion est l\u00e0, il suffit de la saisir.<\/p>\n<p>[Texte] Une entreprise dont vous pouvez \u00eatre fier<\/p>\n<p>[Joe] Ce que j\u2019aime le plus de cette entreprise, c\u2019est l\u2019esprit de partenariat. Nous sommes une r\u00e9elle famille. Nous travaillons vraiment bien ensemble en tant qu\u2019entreprise pour aider le client \u00e0 atteindre ses objectifs. Edward Jones a cr\u00e9\u00e9 cette culture qui consiste \u00e0 faire ce qu\u2019il faut, ce qui fait du bien dans notre monde actuel. Nous pouvons \u00eatre fiers de qui nous sommes et de ce que nous faisons.<\/p>\n<p>[Simona] La d\u00e9cision de me joindre \u00e0 Edward Jones a \u00e9t\u00e9 une des meilleures que j\u2019ai prises au cours de ma carri\u00e8re, et je parle ainsi avec mon c\u0153ur. L\u2019entreprise accorde autant d\u2019importance \u00e0 ses employ\u00e9s qu\u2019\u00e0 ses clients. Nous sommes bien r\u00e9mun\u00e9r\u00e9s. Nous avons acc\u00e8s \u00e0 de nombreuses possibilit\u00e9s d\u2019avancement. Nous avons des avantages, un r\u00e9gime de retraite, un r\u00e9gime de participation aux b\u00e9n\u00e9fices. Je suis associ\u00e9 commanditaire de l\u2019entreprise, ce qui signifie que j\u2019en suis copropri\u00e9taire; c\u2019est quelque chose de tr\u00e8s gros pour moi.<\/p>\n<p>[Joe] Si vous \u00eates \u00e0 la recherche d\u2019une carri\u00e8re dans le cadre de laquelle vous pouvez faire une diff\u00e9rence dans la vie des gens et d\u2019une entreprise dont vous \u00eates fier, si vous d\u00e9sirez rentrer chez vous \u00e0 la fin de la journ\u00e9e en sachant que vous avez chang\u00e9 des vies, Edward Jones est pour vous.<\/p>\n<p>[Logo] Edward Jones<\/p>\n<p>[Texte] \u00a9 2020 Edward D. Jones &amp; Co., L.P. Tous droits r\u00e9serv\u00e9s. Membre du Fonds canadien de protection des \u00e9pargnants<\/p>\n<p>[Musique]<\/p>\n<\/div><\/section><br \/>\n<section class=\"av_textblock_section\"  itemscope=\"itemscope\" itemtype=\"https:\/\/schema.org\/CreativeWork\" ><div class='avia_textblock locations-list pl30'   itemprop=\"text\" ><p><a class=\"edj-btn wid458\" onclick=\"goBack()\" href=\"#\">Retour \u00e0 la page pr\u00e9c\u00e9dente<\/a><\/p>\n<\/div><\/section><\/p><\/div><div class=\"flex_column av_one_fourth  flex_column_div av-zero-column-padding   search-widget search-widget-vertical \" style='background-color:#fde57f; border-radius:0px; '><div class='avia-builder-widget-area clearfix '><div id=\"widget_job_search_v2-7\" class=\"widget clearfix widget-jobsearch widget-jobsearch-v2\"><form method=\"GET\" id=\"cws_quickjobsearch\" role=\"search\" class=\"clearfix g-cols offset_medium\" action=\"\/fr-CA\/resultats-de-la-recherche-demploi\/\"><div class=\"quicksearch-title first avia-builder-el-first flex_column av_one_third\"><h2 class=\"widgettitle cws-widgetitle\">Recherche d\u2019emplois par mot cl\u00e9<\/h2><\/div><div class=\"quicksearch-field quicksearch-SearchText  flex_column av_one_third horizontal\"><div class=\"w-form-row\"><div class=\"w-form-row-label\"><label for=\"cws_quickjobsearch_keywords\">Keyword<\/label><\/div><div class=\"w-form-row-field\"><input type=\"text\" class=\"text_input keyword_suggest\" name=\"keyword\" id=\"cws_quickjobsearch_keywords\" data-autocomplete_limit=\"5\" data-param=\"SearchText\" aria-describedby=\"keyword-help\" value=\"\" \/><span id=\"keyword-help\" class=\"visually-hidden sr-only\" aria-live=\"polite\">Begin typing to find suggestions.<\/span><span class=\"w-form-row-field-bar\"><\/span><\/div><input type=\"hidden\" name=\"fuzzy\" id=\"cws_quickjobsearch_fuzzy\" data-param=\"fuzzy\" value=\"\" \/><\/div><\/div><div class=\"quicksearch-btn avia-builder-el-last flex_column av_one_third\"><input class=\"avia-button avia-color-theme-color avia-size-small quicksearch-submit\" type=\"submit\" value=\"Recherche d\u2019emplois\" \/><\/div><\/form><\/div><\/div><\/div>\n","protected":false},"excerpt":{"rendered":"","protected":false},"author":442,"featured_media":0,"parent":0,"menu_order":0,"comment_status":"closed","ping_status":"closed","template":"","meta":{"pgc_meta":"","footnotes":""},"persona":[],"class_list":["post-20108","page","type-page","status-publish","hentry"],"yoast_head":"<!-- This site is optimized with the Yoast SEO Premium plugin v23.0 (Yoast SEO v23.0) - https:\/\/yoast.com\/wordpress\/plugins\/seo\/ -->\n<title>\u00c9tablir des relations-clients \u00e0 la succursale | Edward Jones<\/title>\n<meta name=\"description\" content=\"Vid\u00e9o en audio description avec transcription. Des administrateurs de succursale discutent de la satisfaction qu\u2019ils \u00e9prouvent en tissant des liens \u00e9troits avec les clients. Trouvez des occasions chez Edward Jones.\" \/>\n<meta name=\"robots\" content=\"noindex, follow, max-snippet:-1, max-image-preview:large, max-video-preview:-1\" \/>\n<meta property=\"og:locale\" content=\"fr_CA\" \/>\n<meta property=\"og:type\" content=\"article\" \/>\n<meta property=\"og:title\" content=\"Vid\u00e9o : Tisser-des-liens-un-client-a-la-fois\" \/>\n<meta property=\"og:description\" content=\"Vid\u00e9o en audio description avec transcription. Des administrateurs de succursale discutent de la satisfaction qu\u2019ils \u00e9prouvent en tissant des liens \u00e9troits avec les clients. Trouvez des occasions chez Edward Jones.\" \/>\n<meta property=\"og:url\" content=\"https:\/\/edwardjones-stage.site.findly.com\/fr-CA\/video-tisser-des-liens-un-client-a-la-fois\/\" \/>\n<meta property=\"og:site_name\" content=\"Edward jones Career Stage\" \/>\n<meta property=\"article:modified_time\" content=\"2021-02-06T16:32:26+00:00\" \/>\n<meta property=\"og:image\" content=\"https:\/\/edwardjones-stage.xcc.smashfly.io\/wp-content\/uploads\/sites\/2815\/2020\/10\/EdwardJonesCareers-logo-200x200px.jpg\" \/>\n\t<meta property=\"og:image:width\" content=\"200\" \/>\n\t<meta property=\"og:image:height\" content=\"200\" \/>\n\t<meta property=\"og:image:type\" content=\"image\/jpeg\" \/>\n<meta name=\"twitter:label1\" content=\"Estimation du temps de lecture\" \/>\n\t<meta name=\"twitter:data1\" content=\"6 minutes\" \/>\n<script type=\"application\/ld+json\" class=\"yoast-schema-graph\">{\"@context\":\"https:\/\/schema.org\",\"@graph\":[{\"@type\":\"WebPage\",\"@id\":\"https:\/\/edwardjones-stage.site.findly.com\/fr-CA\/video-tisser-des-liens-un-client-a-la-fois\/\",\"url\":\"https:\/\/edwardjones-stage.site.findly.com\/fr-CA\/video-tisser-des-liens-un-client-a-la-fois\/\",\"name\":\"\u00c9tablir des relations-clients \u00e0 la succursale | Edward Jones\",\"isPartOf\":{\"@id\":\"http:\/\/edwardjones-stage.site.findly.com\/#website\"},\"datePublished\":\"2021-01-12T17:14:24+00:00\",\"dateModified\":\"2021-02-06T16:32:26+00:00\",\"description\":\"Vid\u00e9o en audio description avec transcription. Des administrateurs de succursale discutent de la satisfaction qu\u2019ils \u00e9prouvent en tissant des liens \u00e9troits avec les clients. Trouvez des occasions chez Edward Jones.\",\"breadcrumb\":{\"@id\":\"https:\/\/edwardjones-stage.site.findly.com\/fr-CA\/video-tisser-des-liens-un-client-a-la-fois\/#breadcrumb\"},\"inLanguage\":\"fr-CA\",\"potentialAction\":[{\"@type\":\"ReadAction\",\"target\":[\"https:\/\/edwardjones-stage.site.findly.com\/fr-CA\/video-tisser-des-liens-un-client-a-la-fois\/\"]}]},{\"@type\":\"BreadcrumbList\",\"@id\":\"https:\/\/edwardjones-stage.site.findly.com\/fr-CA\/video-tisser-des-liens-un-client-a-la-fois\/#breadcrumb\",\"itemListElement\":[{\"@type\":\"ListItem\",\"position\":1,\"name\":\"Home\",\"item\":\"https:\/\/edwardjones-stage.site.findly.com\/fr-CA\/\"},{\"@type\":\"ListItem\",\"position\":2,\"name\":\"Vid\u00e9o : Tisser-des-liens-un-client-a-la-fois\"}]},{\"@type\":\"WebSite\",\"@id\":\"http:\/\/edwardjones-stage.site.findly.com\/#website\",\"url\":\"http:\/\/edwardjones-stage.site.findly.com\/\",\"name\":\"Edward jones Career Stage\",\"description\":\"ibee Demo Site\",\"potentialAction\":[{\"@type\":\"SearchAction\",\"target\":{\"@type\":\"EntryPoint\",\"urlTemplate\":\"http:\/\/edwardjones-stage.site.findly.com\/?s={search_term_string}\"},\"query-input\":\"required name=search_term_string\"}],\"inLanguage\":\"fr-CA\"}]}<\/script>\n<!-- \/ Yoast SEO Premium plugin. -->","yoast_head_json":{"title":"\u00c9tablir des relations-clients \u00e0 la succursale | Edward Jones","description":"Vid\u00e9o en audio description avec transcription. Des administrateurs de succursale discutent de la satisfaction qu\u2019ils \u00e9prouvent en tissant des liens \u00e9troits avec les clients. Trouvez des occasions chez Edward Jones.","robots":{"index":"noindex","follow":"follow","max-snippet":"max-snippet:-1","max-image-preview":"max-image-preview:large","max-video-preview":"max-video-preview:-1"},"og_locale":"fr_CA","og_type":"article","og_title":"Vid\u00e9o : Tisser-des-liens-un-client-a-la-fois","og_description":"Vid\u00e9o en audio description avec transcription. Des administrateurs de succursale discutent de la satisfaction qu\u2019ils \u00e9prouvent en tissant des liens \u00e9troits avec les clients. Trouvez des occasions chez Edward Jones.","og_url":"https:\/\/edwardjones-stage.site.findly.com\/fr-CA\/video-tisser-des-liens-un-client-a-la-fois\/","og_site_name":"Edward jones Career Stage","article_modified_time":"2021-02-06T16:32:26+00:00","og_image":[{"width":200,"height":200,"url":"https:\/\/edwardjones-stage.xcc.smashfly.io\/wp-content\/uploads\/sites\/2815\/2020\/10\/EdwardJonesCareers-logo-200x200px.jpg","type":"image\/jpeg"}],"twitter_misc":{"Estimation du temps de lecture":"6 minutes"},"schema":{"@context":"https:\/\/schema.org","@graph":[{"@type":"WebPage","@id":"https:\/\/edwardjones-stage.site.findly.com\/fr-CA\/video-tisser-des-liens-un-client-a-la-fois\/","url":"https:\/\/edwardjones-stage.site.findly.com\/fr-CA\/video-tisser-des-liens-un-client-a-la-fois\/","name":"\u00c9tablir des relations-clients \u00e0 la succursale | Edward Jones","isPartOf":{"@id":"http:\/\/edwardjones-stage.site.findly.com\/#website"},"datePublished":"2021-01-12T17:14:24+00:00","dateModified":"2021-02-06T16:32:26+00:00","description":"Vid\u00e9o en audio description avec transcription. Des administrateurs de succursale discutent de la satisfaction qu\u2019ils \u00e9prouvent en tissant des liens \u00e9troits avec les clients. Trouvez des occasions chez Edward Jones.","breadcrumb":{"@id":"https:\/\/edwardjones-stage.site.findly.com\/fr-CA\/video-tisser-des-liens-un-client-a-la-fois\/#breadcrumb"},"inLanguage":"fr-CA","potentialAction":[{"@type":"ReadAction","target":["https:\/\/edwardjones-stage.site.findly.com\/fr-CA\/video-tisser-des-liens-un-client-a-la-fois\/"]}]},{"@type":"BreadcrumbList","@id":"https:\/\/edwardjones-stage.site.findly.com\/fr-CA\/video-tisser-des-liens-un-client-a-la-fois\/#breadcrumb","itemListElement":[{"@type":"ListItem","position":1,"name":"Home","item":"https:\/\/edwardjones-stage.site.findly.com\/fr-CA\/"},{"@type":"ListItem","position":2,"name":"Vid\u00e9o : Tisser-des-liens-un-client-a-la-fois"}]},{"@type":"WebSite","@id":"http:\/\/edwardjones-stage.site.findly.com\/#website","url":"http:\/\/edwardjones-stage.site.findly.com\/","name":"Edward jones Career Stage","description":"ibee Demo Site","potentialAction":[{"@type":"SearchAction","target":{"@type":"EntryPoint","urlTemplate":"http:\/\/edwardjones-stage.site.findly.com\/?s={search_term_string}"},"query-input":"required name=search_term_string"}],"inLanguage":"fr-CA"}]}},"pgc_meta":"","_links":{"self":[{"href":"https:\/\/edwardjones-stage.xcc.smashfly.io\/fr-CA\/wp-json\/wp\/v2\/pages\/20108","targetHints":{"allow":["GET"]}}],"collection":[{"href":"https:\/\/edwardjones-stage.xcc.smashfly.io\/fr-CA\/wp-json\/wp\/v2\/pages"}],"about":[{"href":"https:\/\/edwardjones-stage.xcc.smashfly.io\/fr-CA\/wp-json\/wp\/v2\/types\/page"}],"author":[{"embeddable":true,"href":"https:\/\/edwardjones-stage.xcc.smashfly.io\/fr-CA\/wp-json\/wp\/v2\/users\/442"}],"replies":[{"embeddable":true,"href":"https:\/\/edwardjones-stage.xcc.smashfly.io\/fr-CA\/wp-json\/wp\/v2\/comments?post=20108"}],"version-history":[{"count":0,"href":"https:\/\/edwardjones-stage.xcc.smashfly.io\/fr-CA\/wp-json\/wp\/v2\/pages\/20108\/revisions"}],"wp:attachment":[{"href":"https:\/\/edwardjones-stage.xcc.smashfly.io\/fr-CA\/wp-json\/wp\/v2\/media?parent=20108"}],"wp:term":[{"taxonomy":"persona","embeddable":true,"href":"https:\/\/edwardjones-stage.xcc.smashfly.io\/fr-CA\/wp-json\/wp\/v2\/persona?post=20108"}],"curies":[{"name":"wp","href":"https:\/\/api.w.org\/{rel}","templated":true}]}}