{"id":20067,"date":"2021-01-11T14:22:08","date_gmt":"2021-01-11T14:22:08","guid":{"rendered":"https:\/\/careers.edwardjones.com\/?page_id=20067"},"modified":"2021-02-06T16:15:45","modified_gmt":"2021-02-06T16:15:45","slug":"carte-du-site","status":"publish","type":"page","link":"https:\/\/edwardjones-stage.xcc.smashfly.io\/fr-CA\/carte-du-site\/","title":{"rendered":"Carte du site \u2013 Canada"},"content":{"rendered":"<\/div><\/div><\/div><!-- close content main div --><\/div><\/div><div id='av_section_1' class='avia-section main_color avia-section-no-padding avia-no-border-styling avia-bg-style-scroll  banner-text container_wrap fullsize'   ><div class='container' ><div class='template-page content  av-content-full alpha units'><div class='post-entry post-entry-type-page post-entry-20067'><div class='entry-content-wrapper clearfix'>\n<section class=\"av_textblock_section\"  itemscope=\"itemscope\" itemtype=\"https:\/\/schema.org\/CreativeWork\" ><div class='avia_textblock pt70 pb70'   itemprop=\"text\" ><h1>Carte du site \u2013 Canada<\/h1>\n<\/div><\/section>\n\n<\/div><\/div><\/div><!-- close content main div --><\/div><\/div><div id='av_section_2' class='avia-section main_color avia-section-no-padding avia-no-border-styling avia-bg-style-scroll  pt60 pb90 sitemap-section container_wrap fullsize'   ><div class='container' ><div class='template-page content  av-content-full alpha units'><div class='post-entry post-entry-type-page post-entry-20067'><div class='entry-content-wrapper clearfix'>\n<div class='flex_column_table av-equal-height-column-flextable' ><div class=\"flex_column av_one_third  no_margin flex_column_table_cell av-equal-height-column av-align-top av-zero-column-padding first   \" style='border-radius:0px; '><section class=\"av_textblock_section\"  itemscope=\"itemscope\" itemtype=\"https:\/\/schema.org\/CreativeWork\" ><div class='avia_textblock h2fs17'   itemprop=\"text\" ><h2 class=\"pb0\">D\u00e9couvrir Edward Jones<\/h2>\n<ul class=\"list-style-none\">\n<li><a href=\"\/fr-CA\">Page d\u2019accueil<\/a><\/li>\n<li><a href=\"\/fr-CA\/concu-differemment\/\">Con\u00e7u diff\u00e9remment<\/a><\/li>\n<li><a href=\"\/fr-CA\/votre-potentiel\/\">Votre potentiel<\/a><\/li>\n<li><a href=\"\/fr-CA\/blogue\/\">Valeurs et points de vue<\/a><\/li>\n<li><a href=\"\/fr-CA\/remuneration-et-avantages-sociaux\/\">R\u00e9mun\u00e9ration et valeurs<\/a><\/li>\n<li><a href=\"\/fr-CA\/domaines-de-carriere\/\">Domaines de carri\u00e8re<\/a><\/li>\n<li><a href=\"\/fr-CA\/resultats-de-la-recherche-demploi\/\">Recherche d\u2019emploi<\/a><\/li>\n<li><a href=\"\/fr-CA\/selection-demplois\/\">S\u00e9lection d\u2019emplois<\/a><\/li>\n<li><a href=\"\/fr-CA\/profile\/login\/\">Connexion au r\u00e9seau de talents<\/a><\/li>\n<li><a href=\"\/fr-CA\/profile\/join\/\">Joignez-vous \u00e0 notre communaut\u00e9 de talents<\/a><\/li>\n<li><a href=\"\/fr-CA\/profile\/\">Profil<\/a><\/li>\n<li><a href=\"\/fr-CA\/page-pour-communiquer-avec-nous\/\">Communiquer avec nous<\/a><\/li>\n<li><a href=\"\/fr-CA\/renseignements-personnels\/\">M\u00e9fiez-vous des escroqueries dans le domaine de l\u2019emploi<\/a><\/li>\n<\/ul>\n<\/div><\/section><\/div><div class=\"flex_column av_one_third  no_margin flex_column_table_cell av-equal-height-column av-align-top av-zero-column-padding    \" style='border-radius:0px; '><section class=\"av_textblock_section\"  itemscope=\"itemscope\" itemtype=\"https:\/\/schema.org\/CreativeWork\" ><div class='avia_textblock h2fs17'   itemprop=\"text\" ><h2 class=\"pb0\">Repr\u00e9sentants en services financiers chevronn\u00e9s<\/h2>\n<ul class=\"list-style-none pb20\">\n<li><a href=\"\/fr-CA\/domaines-de-carriere\/representants-en-services-financiers-chevronnes\/\">\u00c0 propos des repr\u00e9sentants en services financiers chevronn\u00e9s<\/a><\/li>\n<li><a href=\"\/fr-CA\/domaines-de-carriere\/representants-en-services-financiers-chevronnes\/remuneration-et-avantages-sociaux\/\">R\u00e9mun\u00e9ration et avantages sociaux<\/a><\/li>\n<li><a href=\"\/fr-CA\/domaines-de-carriere\/representants-en-services-financiers-chevronnes\/technologie\/\">Technologie<\/a><\/li>\n<li><a href=\"\/fr-CA\/domaines-de-carriere\/domaines-de-carriere-sieges-sociaux\/soutien-et-perfectionnement\/\">Soutien et perfectionnement<\/a><\/li>\n<li><a href=\"\/fr-CA\/domaines-de-carriere\/representants-en-services-financiers-chevronnes\/produits-et-services\/\">Produits et services<\/a><\/li>\n<li><a href=\"\/fr-CA\/domaines-de-carriere\/representants-en-services-financiers-chevronnes\/transition-et-integration\/\">Transition et int\u00e9gration<\/a><\/li>\n<\/ul>\n<h2 class=\"pb0\">Nouveaux repr\u00e9sentants en services financiers<\/h2>\n<ul class=\"list-style-none\">\n<li><a href=\"\/fr-CA\/domaines-de-carriere\/domaines-de-carriere-nouveaux-representants-en-services-financiers\/\">\u00c0 propos des nouveaux repr\u00e9sentants en services financiers<\/a><\/li>\n<li><a href=\"\/fr-CA\/domaines-de-carriere\/domaines-de-carriere-nouveaux-representants-en-services-financiers\/remuneration\/\">R\u00e9mun\u00e9ration<\/a><\/li>\n<li><a href=\"\/fr-CA\/domaines-de-carriere\/domaines-de-carriere-nouveaux-representants-en-services-financiers\/permis-et-soutien\/\">Permis et soutien<\/a><\/li>\n<\/ul>\n<\/div><\/section><\/div><div class=\"flex_column av_one_third  no_margin flex_column_table_cell av-equal-height-column av-align-top av-zero-column-padding    \" style='border-radius:0px; '><section class=\"av_textblock_section\"  itemscope=\"itemscope\" itemtype=\"https:\/\/schema.org\/CreativeWork\" ><div class='avia_textblock h2fs17'   itemprop=\"text\" ><h2 class=\"pb0\">Soutien en succursale<\/h2>\n<ul class=\"list-style-none pb20\">\n<li><a href=\"\/fr-CA\/domaines-de-carriere\/soutien-en-succursale\/\">\u00c0 propos du soutien en succursale<\/a><\/li>\n<li><a href=\"\/fr-CA\/domaines-de-carriere\/soutien-en-succursale\/formation\/\">Formation<\/a><\/li>\n<li><a href=\"\/fr-CA\/domaines-de-carriere\/soutien-en-succursale\/notre-processus-dembauche\/\">Notre processus d\u2019embauche<\/a><\/li>\n<\/ul>\n<h2 class=\"pb0\">Si\u00e8ges sociaux<\/h2>\n<ul class=\"list-style-none\">\n<li><a href=\"\/fr-CA\/domaines-de-carriere\/domaines-de-carriere-sieges-sociaux\/\">\u00c0 propos des si\u00e8ges sociaux<\/a><\/li>\n<li><a href=\"\/fr-CA\/domaines-de-carriere\/domaines-de-carriere-sieges-sociaux\/services-des-sieges-sociaux\/\">Services<\/a><\/li>\n<li><a href=\"\/fr-CA\/domaines-de-carriere\/sieges-sociaux\/mississauga\/\">Mississauga<\/a><\/li>\n<li><a href=\"\/fr-CA\/domaines-de-carriere\/sieges-sociaux\/soutien-et-perfectionnement\/\">Soutien et perfectionnement<\/a><\/li>\n<li><a href=\"\/fr-CA\/domaines-de-carriere\/sieges-sociaux\/processus-dembauche\/\">Processus d\u2019embauche<\/a><\/li>\n<\/ul>\n<\/div><\/section><\/div><\/div><!--close column table wrapper. Autoclose:  -->\n","protected":false},"excerpt":{"rendered":"","protected":false},"author":423,"featured_media":0,"parent":0,"menu_order":0,"comment_status":"closed","ping_status":"closed","template":"","meta":{"pgc_meta":"","footnotes":""},"persona":[],"class_list":["post-20067","page","type-page","status-publish","hentry"],"yoast_head":"<!-- This site is optimized with the Yoast SEO Premium plugin v23.0 (Yoast SEO v23.0) - https:\/\/yoast.com\/wordpress\/plugins\/seo\/ -->\n<title>Sitemap - Edward Jones<\/title>\n<meta name=\"description\" content=\"Carte du site des carri\u00e8res \u00e0 Edward Jones\" \/>\n<meta name=\"robots\" content=\"noindex, follow, max-snippet:-1, max-image-preview:large, max-video-preview:-1\" \/>\n<meta property=\"og:locale\" content=\"fr_CA\" \/>\n<meta property=\"og:type\" content=\"article\" \/>\n<meta property=\"og:title\" content=\"Carte du site \u2013 Canada\" \/>\n<meta property=\"og:description\" content=\"Carte du site des carri\u00e8res \u00e0 Edward Jones\" \/>\n<meta property=\"og:url\" content=\"https:\/\/edwardjones-stage.site.findly.com\/fr-CA\/carte-du-site\/\" \/>\n<meta property=\"og:site_name\" content=\"Edward jones Career Stage\" \/>\n<meta property=\"article:modified_time\" content=\"2021-02-06T16:15:45+00:00\" \/>\n<meta property=\"og:image\" content=\"https:\/\/edwardjones-stage.xcc.smashfly.io\/wp-content\/uploads\/sites\/2815\/2020\/10\/EdwardJonesCareers-logo-200x200px.jpg\" \/>\n\t<meta property=\"og:image:width\" content=\"200\" \/>\n\t<meta property=\"og:image:height\" content=\"200\" \/>\n\t<meta property=\"og:image:type\" content=\"image\/jpeg\" \/>\n<meta name=\"twitter:label1\" content=\"Estimation du temps de lecture\" \/>\n\t<meta name=\"twitter:data1\" content=\"3 minutes\" \/>\n<script type=\"application\/ld+json\" class=\"yoast-schema-graph\">{\"@context\":\"https:\/\/schema.org\",\"@graph\":[{\"@type\":\"WebPage\",\"@id\":\"https:\/\/edwardjones-stage.site.findly.com\/fr-CA\/carte-du-site\/\",\"url\":\"https:\/\/edwardjones-stage.site.findly.com\/fr-CA\/carte-du-site\/\",\"name\":\"Sitemap - Edward Jones\",\"isPartOf\":{\"@id\":\"http:\/\/edwardjones-stage.site.findly.com\/#website\"},\"datePublished\":\"2021-01-11T14:22:08+00:00\",\"dateModified\":\"2021-02-06T16:15:45+00:00\",\"description\":\"Carte du site des carri\u00e8res \u00e0 Edward Jones\",\"breadcrumb\":{\"@id\":\"https:\/\/edwardjones-stage.site.findly.com\/fr-CA\/carte-du-site\/#breadcrumb\"},\"inLanguage\":\"fr-CA\",\"potentialAction\":[{\"@type\":\"ReadAction\",\"target\":[\"https:\/\/edwardjones-stage.site.findly.com\/fr-CA\/carte-du-site\/\"]}]},{\"@type\":\"BreadcrumbList\",\"@id\":\"https:\/\/edwardjones-stage.site.findly.com\/fr-CA\/carte-du-site\/#breadcrumb\",\"itemListElement\":[{\"@type\":\"ListItem\",\"position\":1,\"name\":\"Home\",\"item\":\"https:\/\/edwardjones-stage.site.findly.com\/fr-CA\/\"},{\"@type\":\"ListItem\",\"position\":2,\"name\":\"Carte du site \u2013 Canada\"}]},{\"@type\":\"WebSite\",\"@id\":\"http:\/\/edwardjones-stage.site.findly.com\/#website\",\"url\":\"http:\/\/edwardjones-stage.site.findly.com\/\",\"name\":\"Edward jones Career Stage\",\"description\":\"ibee Demo Site\",\"potentialAction\":[{\"@type\":\"SearchAction\",\"target\":{\"@type\":\"EntryPoint\",\"urlTemplate\":\"http:\/\/edwardjones-stage.site.findly.com\/?s={search_term_string}\"},\"query-input\":\"required name=search_term_string\"}],\"inLanguage\":\"fr-CA\"}]}<\/script>\n<!-- \/ Yoast SEO Premium plugin. -->","yoast_head_json":{"title":"Sitemap - Edward Jones","description":"Carte du site des carri\u00e8res \u00e0 Edward Jones","robots":{"index":"noindex","follow":"follow","max-snippet":"max-snippet:-1","max-image-preview":"max-image-preview:large","max-video-preview":"max-video-preview:-1"},"og_locale":"fr_CA","og_type":"article","og_title":"Carte du site \u2013 Canada","og_description":"Carte du site des carri\u00e8res \u00e0 Edward Jones","og_url":"https:\/\/edwardjones-stage.site.findly.com\/fr-CA\/carte-du-site\/","og_site_name":"Edward jones Career Stage","article_modified_time":"2021-02-06T16:15:45+00:00","og_image":[{"width":200,"height":200,"url":"https:\/\/edwardjones-stage.xcc.smashfly.io\/wp-content\/uploads\/sites\/2815\/2020\/10\/EdwardJonesCareers-logo-200x200px.jpg","type":"image\/jpeg"}],"twitter_misc":{"Estimation du temps de lecture":"3 minutes"},"schema":{"@context":"https:\/\/schema.org","@graph":[{"@type":"WebPage","@id":"https:\/\/edwardjones-stage.site.findly.com\/fr-CA\/carte-du-site\/","url":"https:\/\/edwardjones-stage.site.findly.com\/fr-CA\/carte-du-site\/","name":"Sitemap - Edward Jones","isPartOf":{"@id":"http:\/\/edwardjones-stage.site.findly.com\/#website"},"datePublished":"2021-01-11T14:22:08+00:00","dateModified":"2021-02-06T16:15:45+00:00","description":"Carte du site des carri\u00e8res \u00e0 Edward Jones","breadcrumb":{"@id":"https:\/\/edwardjones-stage.site.findly.com\/fr-CA\/carte-du-site\/#breadcrumb"},"inLanguage":"fr-CA","potentialAction":[{"@type":"ReadAction","target":["https:\/\/edwardjones-stage.site.findly.com\/fr-CA\/carte-du-site\/"]}]},{"@type":"BreadcrumbList","@id":"https:\/\/edwardjones-stage.site.findly.com\/fr-CA\/carte-du-site\/#breadcrumb","itemListElement":[{"@type":"ListItem","position":1,"name":"Home","item":"https:\/\/edwardjones-stage.site.findly.com\/fr-CA\/"},{"@type":"ListItem","position":2,"name":"Carte du site \u2013 Canada"}]},{"@type":"WebSite","@id":"http:\/\/edwardjones-stage.site.findly.com\/#website","url":"http:\/\/edwardjones-stage.site.findly.com\/","name":"Edward jones Career Stage","description":"ibee Demo Site","potentialAction":[{"@type":"SearchAction","target":{"@type":"EntryPoint","urlTemplate":"http:\/\/edwardjones-stage.site.findly.com\/?s={search_term_string}"},"query-input":"required name=search_term_string"}],"inLanguage":"fr-CA"}]}},"pgc_meta":"","_links":{"self":[{"href":"https:\/\/edwardjones-stage.xcc.smashfly.io\/fr-CA\/wp-json\/wp\/v2\/pages\/20067","targetHints":{"allow":["GET"]}}],"collection":[{"href":"https:\/\/edwardjones-stage.xcc.smashfly.io\/fr-CA\/wp-json\/wp\/v2\/pages"}],"about":[{"href":"https:\/\/edwardjones-stage.xcc.smashfly.io\/fr-CA\/wp-json\/wp\/v2\/types\/page"}],"author":[{"embeddable":true,"href":"https:\/\/edwardjones-stage.xcc.smashfly.io\/fr-CA\/wp-json\/wp\/v2\/users\/423"}],"replies":[{"embeddable":true,"href":"https:\/\/edwardjones-stage.xcc.smashfly.io\/fr-CA\/wp-json\/wp\/v2\/comments?post=20067"}],"version-history":[{"count":0,"href":"https:\/\/edwardjones-stage.xcc.smashfly.io\/fr-CA\/wp-json\/wp\/v2\/pages\/20067\/revisions"}],"wp:attachment":[{"href":"https:\/\/edwardjones-stage.xcc.smashfly.io\/fr-CA\/wp-json\/wp\/v2\/media?parent=20067"}],"wp:term":[{"taxonomy":"persona","embeddable":true,"href":"https:\/\/edwardjones-stage.xcc.smashfly.io\/fr-CA\/wp-json\/wp\/v2\/persona?post=20067"}],"curies":[{"name":"wp","href":"https:\/\/api.w.org\/{rel}","templated":true}]}}