{"id":19426,"date":"2021-01-03T17:01:37","date_gmt":"2021-01-03T17:01:37","guid":{"rendered":"https:\/\/careers.edwardjones.com\/?page_id=19426"},"modified":"2021-02-05T18:53:59","modified_gmt":"2021-02-05T18:53:59","slug":"blogue","status":"publish","type":"page","link":"https:\/\/edwardjones-stage.xcc.smashfly.io\/fr-CA\/blogue\/","title":{"rendered":"Blogue"},"content":{"rendered":"<\/div><\/div><\/div><!-- close content main div --><\/div><\/div><div id='av_section_1' class='avia-section main_color avia-section-no-padding avia-no-border-styling avia-bg-style-scroll  breadcrumb-section minht0 pb40 container_wrap fullsize'   ><div class='container' ><div class='template-page content  av-content-full alpha units'><div class='post-entry post-entry-type-page post-entry-19426'><div class='entry-content-wrapper clearfix'>\n<section class=\"av_textblock_section\"  itemscope=\"itemscope\" itemtype=\"https:\/\/schema.org\/CreativeWork\" ><div class='avia_textblock '   itemprop=\"text\" ><div class=\"breadcrumb breadcrumbs avia-breadcrumbs\"><div class=\"breadcrumb-trail\" ><a href=\"https:\/\/edwardjones-stage.xcc.smashfly.io\/fr-CA\/\" title=\"Edward jones Career Stage\" rel=\"home\" class=\"trail-begin\">Home<\/a><\/div><\/div>\n<\/div><\/section>\n\n<\/div><\/div><\/div><!-- close content main div --><\/div><\/div><div id='av_section_2' class='avia-section main_color avia-section-no-padding avia-no-border-styling avia-bg-style-scroll  banner-text banner-text-blog container_wrap fullsize'   ><div class='container' ><div class='template-page content  av-content-full alpha units'><div class='post-entry post-entry-type-page post-entry-19426'><div class='entry-content-wrapper clearfix'>\n<section class=\"av_textblock_section\"  itemscope=\"itemscope\" itemtype=\"https:\/\/schema.org\/CreativeWork\" ><div class='avia_textblock pt40 pb40 align-center'   itemprop=\"text\" ><h1 class=\"pb10\">Valeurs et points de vue<\/h1>\n<p>Nous pourrions vous faire part de la raison pour laquelle, selon nous, notre mod\u00e8le d\u2019affaires unique et notre culture ax\u00e9e sur la collaboration font d\u2019Edward Jones un excellent milieu de travail o\u00f9 b\u00e2tir une carri\u00e8re enrichissante; mais nos associ\u00e9s l\u2019expliquent beaucoup mieux que nous.<\/p>\n<h2 style=\"display: none;\">Blogs<\/h2>\n<div class=\"blog-filter-form\"><form data-sf-form-id='19434' data-is-rtl='0' data-maintain-state='' data-results-url='https:\/\/careers.edwardjones.com\/fr-CA\/blogue\/' data-ajax-form-url='https:\/\/edwardjones-stage.xcc.smashfly.io\/fr-CA\/?sfid=19434&amp;sf_action=get_data&amp;sf_data=form' data-display-result-method='custom' data-use-history-api='1' data-template-loaded='0' data-lang-code='fr-CA' data-ajax='0' data-init-paged='1' data-auto-update='' action='https:\/\/careers.edwardjones.com\/fr-CA\/blogue\/' method='post' class='searchandfilter' id='search-filter-form-19434' autocomplete='off' data-instance-count='1'><ul><li class=\"sf-field-category\" data-sf-field-name=\"_sft_category\" data-sf-field-type=\"category\" data-sf-field-input-type=\"select\">\t\t<label>\r\n\t\t<span class=\"screen-reader-text\">Filtrer les publications par cat\u00e9gorie<\/span>\t\t<select name=\"_sft_category[]\" class=\"sf-input-select\" title=\"Filtrer les publications par cat\u00e9gorie\">\r\n\t\t\t\r\n\t\t\t\t\t\t<option class=\"sf-level-0 sf-item-0 sf-option-active\" selected=\"selected\" data-sf-count=\"0\" data-sf-depth=\"0\" value=\"\">Toutes<\/option>\r\n\t\t\t\t\t\t<option class=\"sf-level-0 sf-item-3660\" data-sf-count=\"9\" data-sf-depth=\"0\" value=\"nouveaux-representants-en-services-financiers\">Nouveaux repr\u00e9sentants en services financiers&nbsp;&nbsp;(9)<\/option>\r\n\t\t\t\t\t\t<option class=\"sf-level-0 sf-item-3657\" data-sf-count=\"4\" data-sf-depth=\"0\" value=\"prix-et-distinctions\">Prix et distinctions&nbsp;&nbsp;(4)<\/option>\r\n\t\t\t\t\t\t<option class=\"sf-level-0 sf-item-3658\" data-sf-count=\"13\" data-sf-depth=\"0\" value=\"representant-en-services-financiers-chevronne\">Repr\u00e9sentant en services financiers chevronn\u00e9&nbsp;&nbsp;(13)<\/option>\r\n\t\t\t\t\t<\/select>\r\n\t\t<\/label>\t\t<\/li><li class=\"sf-field-submit\" data-sf-field-name=\"submit\" data-sf-field-type=\"submit\" data-sf-field-input-type=\"\"><input type=\"submit\" name=\"_sf_submit\" value=\"Filtrer les publications\"><\/li><\/ul><\/form><\/div>\n<\/div><\/section>\n<\/div><\/div><\/div><!-- close content main div --><\/div><\/div><div id='av_section_3' class='avia-section main_color avia-section-no-padding avia-no-border-styling avia-bg-style-scroll  pt60 pb130 blog-results-section container_wrap fullsize'   ><div class='container' ><div class='template-page content  av-content-full alpha units'><div class='post-entry post-entry-type-page post-entry-19426'><div class='entry-content-wrapper clearfix'>\n<section class=\"av_textblock_section\"  itemscope=\"itemscope\" itemtype=\"https:\/\/schema.org\/CreativeWork\" ><div class='avia_textblock '   itemprop=\"text\" ><p><div data-options='{&quot;id&quot;:&quot;9147&quot;,&quot;lazy_load&quot;:&quot;no&quot;,&quot;masonry_enable&quot;:&quot;no&quot;,&quot;view_type&quot;:&quot;grid&quot;}'\n  id=\"post-grid-9147\" class=\"post-grid grid\">\n  <div class=\"grid-items\">\n  <div class=\"item item-27474 skin flat even 0 \">\n    <div class=\"layer-wrapper layout-9192\">\n    <div class=\"element element_1596729408376  categories \">\n  <a target=\"_blank\" href=\"https:\/\/edwardjones-stage.xcc.smashfly.io\/en-CA\/blog\/category\/awards-accolades-en-ca\/\">Awards &amp; Accolades<\/a><a target=\"_blank\" href=\"https:\/\/edwardjones-stage.xcc.smashfly.io\/en-CA\/blog\/category\/experienced-financial-advisor-en-ca\/\">Experienced Financial Advisor<\/a><\/div>\n<div class=\"element element_1596730024819  title \">\n    <a target=\"_blank\"\n    href=\"https:\/\/edwardjones-stage.xcc.smashfly.io\/fr-CA\/blog\/edward-jones-a-ete-nomme-au-palmares-des-meilleurs-employeurs-au-canada-pour-2022\/\">Edward Jones a \u00e9t\u00e9 nomm\u00e9 au palmar\u00e8s des meilleurs employeurs au Canada pour 2022<\/a>\n\n  \n\n<\/div>\n<div class=\"element element_1596729847071  thumb \">\n    <img decoding=\"async\" alt=\"\" src=\"https:\/\/edwardjones-stage.xcc.smashfly.io\/wp-content\/uploads\/sites\/2815\/2022\/12\/can-kincentric-2022-en-368x200-1.png\">\n  \n\n<\/div>\n<div class=\"element element_1684308129384  author_link \">\n    Symphony Talent  \n<\/div>\n  <\/div>\n<\/div><div class=\"item item-25171 skin flat odd 1 \">\n    <div class=\"layer-wrapper layout-9192\">\n    <div class=\"element element_1596729408376  categories \">\n  <a target=\"_blank\" href=\"https:\/\/edwardjones-stage.xcc.smashfly.io\/fr-CA\/blog\/category\/representant-en-services-financiers-chevronne\/\">Repr\u00e9sentant en services financiers chevronn\u00e9<\/a><\/div>\n<div class=\"element element_1596730024819  title \">\n    <a target=\"_blank\"\n    href=\"https:\/\/edwardjones-stage.xcc.smashfly.io\/fr-CA\/blog\/cultiver-une-culture-dappartenance-morgan-sheridan\/\">Cultiver une culture d\u2019appartenance : Morgan Sheridan<\/a>\n\n  \n\n<\/div>\n<div class=\"element element_1684308129384  author_link \">\n      \n<\/div>\n  <\/div>\n<\/div><div class=\"item item-24942 skin flat even 2 \">\n    <div class=\"layer-wrapper layout-9192\">\n    <div class=\"element element_1596729408376  categories \">\n  <a target=\"_blank\" href=\"https:\/\/edwardjones-stage.xcc.smashfly.io\/fr-CA\/blog\/category\/representant-en-services-financiers-chevronne\/\">Repr\u00e9sentant en services financiers chevronn\u00e9<\/a><\/div>\n<div class=\"element element_1596730024819  title \">\n    <a target=\"_blank\"\n    href=\"https:\/\/edwardjones-stage.xcc.smashfly.io\/fr-CA\/blog\/des-services-financiers-foncierement-humains-le-parcours-dian-stock\/\">Des services financiers fonci\u00e8rement humains : le parcours d\u2019Ian Stock<\/a>\n\n  \n\n<\/div>\n<div class=\"element element_1684308129384  author_link \">\n      \n<\/div>\n  <\/div>\n<\/div><div class=\"item item-24711 skin flat odd 3 \">\n    <div class=\"layer-wrapper layout-9192\">\n    <div class=\"element element_1596729408376  categories \">\n  <a target=\"_blank\" href=\"https:\/\/edwardjones-stage.xcc.smashfly.io\/fr-CA\/blog\/category\/representant-en-services-financiers-chevronne\/\">Repr\u00e9sentant en services financiers chevronn\u00e9<\/a><\/div>\n<div class=\"element element_1596730024819  title \">\n    <a target=\"_blank\"\n    href=\"https:\/\/edwardjones-stage.xcc.smashfly.io\/fr-CA\/blog\/rentrer-au-bercail-le-retour-de-blaine-chez-edward-jones\/\">Rentrer au bercail : le retour de Blaine chez Edward Jones<\/a>\n\n  \n\n<\/div>\n<div class=\"element element_1684308129384  author_link \">\n      \n<\/div>\n  <\/div>\n<\/div><div class=\"item item-24304 skin flat even 4 \">\n    <div class=\"layer-wrapper layout-9192\">\n    <div class=\"element element_1596729408376  categories \">\n  <a target=\"_blank\" href=\"https:\/\/edwardjones-stage.xcc.smashfly.io\/fr-CA\/blog\/category\/representant-en-services-financiers-chevronne\/\">Repr\u00e9sentant en services financiers chevronn\u00e9<\/a><\/div>\n<div class=\"element element_1596730024819  title \">\n    <a target=\"_blank\"\n    href=\"https:\/\/edwardjones-stage.xcc.smashfly.io\/fr-CA\/blog\/soutien-et-durabilite-en-tant-que-representant-en-services-financiers-jake-wang\/\">Soutien et durabilit\u00e9 en tant que repr\u00e9sentant en services financiers : Jake Wang<\/a>\n\n  \n\n<\/div>\n<div class=\"element element_1684308129384  author_link \">\n      \n<\/div>\n  <\/div>\n<\/div><div class=\"item item-23968 skin flat odd 5 \">\n    <div class=\"layer-wrapper layout-9192\">\n    <div class=\"element element_1596729408376  categories \">\n  <a target=\"_blank\" href=\"https:\/\/edwardjones-stage.xcc.smashfly.io\/fr-CA\/blog\/category\/representant-en-services-financiers-chevronne\/\">Repr\u00e9sentant en services financiers chevronn\u00e9<\/a><\/div>\n<div class=\"element element_1596730024819  title \">\n    <a target=\"_blank\"\n    href=\"https:\/\/edwardjones-stage.xcc.smashfly.io\/fr-CA\/blog\/equilibre-entre-liberte-et-remuneration-garantie\/\">\u00c9quilibre entre libert\u00e9 et r\u00e9mun\u00e9ration garantie<\/a>\n\n  \n\n<\/div>\n<div class=\"element element_1684308129384  author_link \">\n    ndowney  \n<\/div>\n  <\/div>\n<\/div><div class=\"item item-22889 skin flat even 6 \">\n    <div class=\"layer-wrapper layout-9192\">\n    <div class=\"element element_1596729408376  categories \">\n  <a target=\"_blank\" href=\"https:\/\/edwardjones-stage.xcc.smashfly.io\/fr-CA\/blog\/category\/prix-et-distinctions\/\">Prix et distinctions<\/a><\/div>\n<div class=\"element element_1596730024819  title \">\n    <a target=\"_blank\"\n    href=\"https:\/\/edwardjones-stage.xcc.smashfly.io\/fr-CA\/blog\/edward-jones-sest-classe-en-deuxieme-place-ex-aequo-dans-le-cadre-du-sondage-annuel-des-conseillers-de-2021-dinvestment-executive\/\">Edward\u00a0Jones s\u2019est class\u00e9 en deuxi\u00e8me place ex \u00e6quo dans le cadre du sondage annuel des conseillers de\u00a02021 d\u2019Investment Executive<\/a>\n\n  \n\n<\/div>\n<div class=\"element element_1684308129384  author_link \">\n    Symphony Talent  \n<\/div>\n  <\/div>\n<\/div><div class=\"item item-22454 skin flat odd 7 \">\n    <div class=\"layer-wrapper layout-9192\">\n    <div class=\"element element_1596729408376  categories \">\n  <a target=\"_blank\" href=\"https:\/\/edwardjones-stage.xcc.smashfly.io\/fr-CA\/blog\/category\/prix-et-distinctions\/\">Prix et distinctions<\/a><\/div>\n<div class=\"element element_1596730024819  title \">\n    <a target=\"_blank\"\n    href=\"https:\/\/edwardjones-stage.xcc.smashfly.io\/fr-CA\/blog\/prix-de-courtage-5-star-2021\/\">Prix de courtage 5 Star, 2022<\/a>\n\n  \n\n<\/div>\n<div class=\"element element_1684308129384  author_link \">\n    Symphony Talent  \n<\/div>\n  <\/div>\n<\/div><div class=\"item item-19623 skin flat even 8 \">\n    <div class=\"layer-wrapper layout-9192\">\n    <div class=\"element element_1596729408376  categories \">\n  <a target=\"_blank\" href=\"https:\/\/edwardjones-stage.xcc.smashfly.io\/fr-CA\/blog\/category\/prix-et-distinctions\/\">Prix et distinctions<\/a><\/div>\n<div class=\"element element_1596730024819  title \">\n    <a target=\"_blank\"\n    href=\"https:\/\/edwardjones-stage.xcc.smashfly.io\/fr-CA\/blog\/brokerage-firm-of-the-year-prix-wealth-professional-awards-2020\/\">Brokerage Firm of the Year, Prix Wealth Professional Award 2020<\/a>\n\n  \n\n<\/div>\n<div class=\"element element_1684308129384  author_link \">\n      \n<\/div>\n  <\/div>\n<\/div><\/div>\n<div class=\"pagination\">\n  <div class=\"paginate\">\n  <span aria-current=\"page\" class=\"page-numbers current\" role=\"button\" tabindex=\"0\" aria-label=\"1 (Page 1 of 3)\">1<\/span>\n<a class=\"page-numbers\" aria-label=\"2 (Page 2 of 3)\" href=\"https:\/\/careers.edwardjones.com\/fr-CA\/blogue\/?sf_paged=2\">2<\/a>\n<a class=\"page-numbers\" aria-label=\"3 (Page 3 of 3)\" href=\"https:\/\/careers.edwardjones.com\/fr-CA\/blogue\/?sf_paged=3\">3<\/a>\n<a class=\"next page-numbers\" aria-label=\"Next Page\" href=\"https:\/\/careers.edwardjones.com\/fr-CA\/blogue\/?sf_paged=2\">Next<\/a><\/div>\n<style type=\"text\/css\">\n#post-grid-9147 .pagination .page-numbers {\n  font-size: 16px;\n  color: #fff;\n  background: #646464;\n}\n\n#post-grid-9147 .pagination .page-numbers:hover,\n#post-grid-9147 .pagination .page-numbers.current {\n  background: #4b4b4b;\n}\n<\/style>\n<\/div>\n<style type=\"text\/css\">\n.layout-9192 .element_1596729408376 {\n  text-align: left;\n  }\n\n.layout-9192 .element_1596729408376 a {\n  }\n\n<\/style>\n<style type=\"text\/css\">\n.layout-9192 .element_1596730024819 {\n  font-size: 20px;\n  margin: 10px 0;\n  text-align: left;\n  }\n\n.layout-9192 .element_1596730024819 a {\n  font-size: 20px;\n  margin: 10px 0;\n  text-align: left;\n  }\n<\/style>\n<style type=\"text\/css\">\n.layout-9192 .element_1596729847071 {\n  overflow: hidden;\n  }\n\n.layout-9192 .element_1596729847071 img {\n  max-width: 100%;\n  height: auto;\n}\n\n@media only screen and (min-width: 1024px) {\n  .layout-9192 .element_1596729847071 {\n      }\n}\n\n@media only screen and (min-width: 768px) and (max-width: 1023px) {\n  .layout-9192 .element_1596729847071 {\n      }\n}\n\n@media only screen and (min-width: 0px) and (max-width: 767px) {\n  .layout-9192 .element_1596729847071 {\n      }\n}\n<\/style>\n<style type=\"text\/css\">\n.layout-9192 .element_1684308129384 {\n  text-align: left;\n  }\n\n.layout-9192 .element_1684308129384 a {\n  }\n<\/style>\n\n\n\n\n<script>\n$(\".blog-results-section .grid-items .item\").each(function() { \r\n      $(this).find('a').attr('target','_self');\r\n});<\/script>\n<style type=\"text\/css\">\n#post-grid-9147 {\n  padding: 10px;\n  }\n\n#post-grid-9147 .item {\n  padding: 0px;\n  background: #fff;\n  }\n\n#post-grid-9147 .item .layer-media {\n  height:auto;}\n\n@media only screen and (min-width: 0px) and (max-width: 767px) {\n  #post-grid-9147 .grid-items {\n    text-align: center;\n      }\n\n  #post-grid-9147 .item {\n    width: 90%;\n    margin: 10px;\n    display: inline-block;\n    vertical-align: top;\n    height:auto;  }\n}\n\n@media only screen and (min-width: 768px) and (max-width: 1023px) {\n  #post-grid-9147 .grid-items {\n    text-align: center;\n      }\n\n  #post-grid-9147 .item {\n    width: 280px;\n    margin: 10px;\n    display: inline-block;\n    vertical-align: top;\n    max-height:auto;  }\n}\n\n@media only screen and (min-width: 1024px) {\n  #post-grid-9147 .grid-items {\n    text-align: center;\n      }\n\n  #post-grid-9147 .item {\n    width: 388px;\n    display: inline-block;\n    margin: 10px;\n    vertical-align: top;\n    height:auto;  }\n}\n\n<\/style>\n<\/div>\n<\/p>\n<\/div><\/section>\n<\/p>\n","protected":false},"excerpt":{"rendered":"","protected":false},"author":423,"featured_media":0,"parent":0,"menu_order":0,"comment_status":"closed","ping_status":"closed","template":"","meta":{"pgc_meta":"","footnotes":""},"persona":[],"class_list":["post-19426","page","type-page","status-publish","hentry"],"yoast_head":"<!-- This site is optimized with the Yoast SEO Premium plugin v23.0 (Yoast SEO v23.0) - https:\/\/yoast.com\/wordpress\/plugins\/seo\/ -->\n<title>Billets de blogue sur des points de vue ou des informations au sujet d\u2019Edward Jones<\/title>\n<meta name=\"description\" content=\"\u00cates-vous pr\u00eat \u00e0 donner une nouvelle direction \u00e0 votre carri\u00e8re? Obtenez des conseils professionnels, des recommandations de recruteurs, des nouvelles sur les emplois et plus encore pour vous aider \u00e0 propulser votre carri\u00e8re et \u00e0 exploiter votre potentiel.\" \/>\n<meta name=\"robots\" content=\"noindex, follow, max-snippet:-1, max-image-preview:large, max-video-preview:-1\" \/>\n<meta property=\"og:locale\" content=\"fr_CA\" \/>\n<meta property=\"og:type\" content=\"article\" \/>\n<meta property=\"og:title\" content=\"Blogue\" \/>\n<meta property=\"og:description\" content=\"\u00cates-vous pr\u00eat \u00e0 donner une nouvelle direction \u00e0 votre carri\u00e8re? Obtenez des conseils professionnels, des recommandations de recruteurs, des nouvelles sur les emplois et plus encore pour vous aider \u00e0 propulser votre carri\u00e8re et \u00e0 exploiter votre potentiel.\" \/>\n<meta property=\"og:url\" content=\"http:\/\/edwardjones-stage.site.findly.com\/fr-CA\/blogue\/\" \/>\n<meta property=\"og:site_name\" content=\"Edward jones Career Stage\" \/>\n<meta property=\"article:modified_time\" content=\"2021-02-05T18:53:59+00:00\" \/>\n<meta property=\"og:image\" content=\"https:\/\/edwardjones-stage.xcc.smashfly.io\/wp-content\/uploads\/sites\/2815\/2020\/10\/EdwardJonesCareers-logo-200x200px.jpg\" \/>\n\t<meta property=\"og:image:width\" content=\"200\" \/>\n\t<meta property=\"og:image:height\" content=\"200\" \/>\n\t<meta property=\"og:image:type\" content=\"image\/jpeg\" \/>\n<meta name=\"twitter:label1\" content=\"Estimation du temps de lecture\" \/>\n\t<meta name=\"twitter:data1\" content=\"2 minutes\" \/>\n<script type=\"application\/ld+json\" class=\"yoast-schema-graph\">{\"@context\":\"https:\/\/schema.org\",\"@graph\":[{\"@type\":\"WebPage\",\"@id\":\"http:\/\/edwardjones-stage.site.findly.com\/fr-CA\/blogue\/\",\"url\":\"http:\/\/edwardjones-stage.site.findly.com\/fr-CA\/blogue\/\",\"name\":\"Billets de blogue sur des points de vue ou des informations au sujet d\u2019Edward Jones\",\"isPartOf\":{\"@id\":\"http:\/\/edwardjones-stage.site.findly.com\/#website\"},\"datePublished\":\"2021-01-03T17:01:37+00:00\",\"dateModified\":\"2021-02-05T18:53:59+00:00\",\"description\":\"\u00cates-vous pr\u00eat \u00e0 donner une nouvelle direction \u00e0 votre carri\u00e8re? Obtenez des conseils professionnels, des recommandations de recruteurs, des nouvelles sur les emplois et plus encore pour vous aider \u00e0 propulser votre carri\u00e8re et \u00e0 exploiter votre potentiel.\",\"breadcrumb\":{\"@id\":\"http:\/\/edwardjones-stage.site.findly.com\/fr-CA\/blogue\/#breadcrumb\"},\"inLanguage\":\"fr-CA\",\"potentialAction\":[{\"@type\":\"ReadAction\",\"target\":[\"http:\/\/edwardjones-stage.site.findly.com\/fr-CA\/blogue\/\"]}]},{\"@type\":\"BreadcrumbList\",\"@id\":\"http:\/\/edwardjones-stage.site.findly.com\/fr-CA\/blogue\/#breadcrumb\",\"itemListElement\":[{\"@type\":\"ListItem\",\"position\":1,\"name\":\"Home\",\"item\":\"https:\/\/edwardjones-stage.site.findly.com\/fr-CA\/\"},{\"@type\":\"ListItem\",\"position\":2,\"name\":\"Blogue\"}]},{\"@type\":\"WebSite\",\"@id\":\"http:\/\/edwardjones-stage.site.findly.com\/#website\",\"url\":\"http:\/\/edwardjones-stage.site.findly.com\/\",\"name\":\"Edward jones Career Stage\",\"description\":\"ibee Demo Site\",\"potentialAction\":[{\"@type\":\"SearchAction\",\"target\":{\"@type\":\"EntryPoint\",\"urlTemplate\":\"http:\/\/edwardjones-stage.site.findly.com\/?s={search_term_string}\"},\"query-input\":\"required name=search_term_string\"}],\"inLanguage\":\"fr-CA\"}]}<\/script>\n<!-- \/ Yoast SEO Premium plugin. -->","yoast_head_json":{"title":"Billets de blogue sur des points de vue ou des informations au sujet d\u2019Edward Jones","description":"\u00cates-vous pr\u00eat \u00e0 donner une nouvelle direction \u00e0 votre carri\u00e8re? Obtenez des conseils professionnels, des recommandations de recruteurs, des nouvelles sur les emplois et plus encore pour vous aider \u00e0 propulser votre carri\u00e8re et \u00e0 exploiter votre potentiel.","robots":{"index":"noindex","follow":"follow","max-snippet":"max-snippet:-1","max-image-preview":"max-image-preview:large","max-video-preview":"max-video-preview:-1"},"og_locale":"fr_CA","og_type":"article","og_title":"Blogue","og_description":"\u00cates-vous pr\u00eat \u00e0 donner une nouvelle direction \u00e0 votre carri\u00e8re? Obtenez des conseils professionnels, des recommandations de recruteurs, des nouvelles sur les emplois et plus encore pour vous aider \u00e0 propulser votre carri\u00e8re et \u00e0 exploiter votre potentiel.","og_url":"http:\/\/edwardjones-stage.site.findly.com\/fr-CA\/blogue\/","og_site_name":"Edward jones Career Stage","article_modified_time":"2021-02-05T18:53:59+00:00","og_image":[{"width":200,"height":200,"url":"https:\/\/edwardjones-stage.xcc.smashfly.io\/wp-content\/uploads\/sites\/2815\/2020\/10\/EdwardJonesCareers-logo-200x200px.jpg","type":"image\/jpeg"}],"twitter_misc":{"Estimation du temps de lecture":"2 minutes"},"schema":{"@context":"https:\/\/schema.org","@graph":[{"@type":"WebPage","@id":"http:\/\/edwardjones-stage.site.findly.com\/fr-CA\/blogue\/","url":"http:\/\/edwardjones-stage.site.findly.com\/fr-CA\/blogue\/","name":"Billets de blogue sur des points de vue ou des informations au sujet d\u2019Edward Jones","isPartOf":{"@id":"http:\/\/edwardjones-stage.site.findly.com\/#website"},"datePublished":"2021-01-03T17:01:37+00:00","dateModified":"2021-02-05T18:53:59+00:00","description":"\u00cates-vous pr\u00eat \u00e0 donner une nouvelle direction \u00e0 votre carri\u00e8re? Obtenez des conseils professionnels, des recommandations de recruteurs, des nouvelles sur les emplois et plus encore pour vous aider \u00e0 propulser votre carri\u00e8re et \u00e0 exploiter votre potentiel.","breadcrumb":{"@id":"http:\/\/edwardjones-stage.site.findly.com\/fr-CA\/blogue\/#breadcrumb"},"inLanguage":"fr-CA","potentialAction":[{"@type":"ReadAction","target":["http:\/\/edwardjones-stage.site.findly.com\/fr-CA\/blogue\/"]}]},{"@type":"BreadcrumbList","@id":"http:\/\/edwardjones-stage.site.findly.com\/fr-CA\/blogue\/#breadcrumb","itemListElement":[{"@type":"ListItem","position":1,"name":"Home","item":"https:\/\/edwardjones-stage.site.findly.com\/fr-CA\/"},{"@type":"ListItem","position":2,"name":"Blogue"}]},{"@type":"WebSite","@id":"http:\/\/edwardjones-stage.site.findly.com\/#website","url":"http:\/\/edwardjones-stage.site.findly.com\/","name":"Edward jones Career Stage","description":"ibee Demo Site","potentialAction":[{"@type":"SearchAction","target":{"@type":"EntryPoint","urlTemplate":"http:\/\/edwardjones-stage.site.findly.com\/?s={search_term_string}"},"query-input":"required name=search_term_string"}],"inLanguage":"fr-CA"}]}},"pgc_meta":"","_links":{"self":[{"href":"https:\/\/edwardjones-stage.xcc.smashfly.io\/fr-CA\/wp-json\/wp\/v2\/pages\/19426","targetHints":{"allow":["GET"]}}],"collection":[{"href":"https:\/\/edwardjones-stage.xcc.smashfly.io\/fr-CA\/wp-json\/wp\/v2\/pages"}],"about":[{"href":"https:\/\/edwardjones-stage.xcc.smashfly.io\/fr-CA\/wp-json\/wp\/v2\/types\/page"}],"author":[{"embeddable":true,"href":"https:\/\/edwardjones-stage.xcc.smashfly.io\/fr-CA\/wp-json\/wp\/v2\/users\/423"}],"replies":[{"embeddable":true,"href":"https:\/\/edwardjones-stage.xcc.smashfly.io\/fr-CA\/wp-json\/wp\/v2\/comments?post=19426"}],"version-history":[{"count":0,"href":"https:\/\/edwardjones-stage.xcc.smashfly.io\/fr-CA\/wp-json\/wp\/v2\/pages\/19426\/revisions"}],"wp:attachment":[{"href":"https:\/\/edwardjones-stage.xcc.smashfly.io\/fr-CA\/wp-json\/wp\/v2\/media?parent=19426"}],"wp:term":[{"taxonomy":"persona","embeddable":true,"href":"https:\/\/edwardjones-stage.xcc.smashfly.io\/fr-CA\/wp-json\/wp\/v2\/persona?post=19426"}],"curies":[{"name":"wp","href":"https:\/\/api.w.org\/{rel}","templated":true}]}}