{"id":19148,"date":"2020-12-28T13:36:46","date_gmt":"2020-12-28T13:36:46","guid":{"rendered":"https:\/\/careers.edwardjones.com\/?page_id=19148"},"modified":"2021-01-19T13:02:14","modified_gmt":"2021-01-19T13:02:14","slug":"mississauga","status":"publish","type":"page","link":"https:\/\/edwardjones-stage.xcc.smashfly.io\/fr-CA\/domaines-de-carriere\/sieges-sociaux\/mississauga\/","title":{"rendered":"Mississauga"},"content":{"rendered":"<\/div><\/div><\/div><!-- close content main div --><\/div><\/div><div id='av_section_1' class='avia-section main_color avia-section-no-padding avia-no-border-styling avia-bg-style-scroll  breadcrumb-section minht0 pb40 container_wrap fullsize'   ><div class='container' ><div class='template-page content  av-content-full alpha units'><div class='post-entry post-entry-type-page post-entry-19148'><div class='entry-content-wrapper clearfix'>\n<section class=\"av_textblock_section\"  itemscope=\"itemscope\" itemtype=\"https:\/\/schema.org\/CreativeWork\" ><div class='avia_textblock '   itemprop=\"text\" ><div class=\"breadcrumb breadcrumbs avia-breadcrumbs\"><div class=\"breadcrumb-trail\" ><a href=\"https:\/\/edwardjones-stage.xcc.smashfly.io\/fr-CA\/\" title=\"Edward jones Career Stage\" rel=\"home\" class=\"trail-begin\">Home<\/a><\/div><\/div>\n<\/div><\/section>\n\n<\/div><\/div><\/div><!-- close content main div --><\/div><\/div><div id='av_section_2' class='avia-section main_color avia-section-no-padding avia-no-border-styling avia-bg-style-scroll  left-text-right-image reverse-col small-image pb130 container_wrap fullsize'   ><div class='container' ><div class='template-page content  av-content-full alpha units'><div class='post-entry post-entry-type-page post-entry-19148'><div class='entry-content-wrapper clearfix'>\n<div class='flex_column_table av-equal-height-column-flextable' ><div class=\"flex_column av_one_half  no_margin flex_column_table_cell av-equal-height-column av-align-middle av-zero-column-padding first  l-text \" style='background-color:#f1f3f4; border-radius:0px; '><section class=\"av_textblock_section\"  itemscope=\"itemscope\" itemtype=\"https:\/\/schema.org\/CreativeWork\" ><div class='avia_textblock '   itemprop=\"text\" ><h1>Aper\u00e7u de Mississauga<\/h1>\n<p>Cette ville situ\u00e9e au bord du lac Ontario n\u2019est peut-\u00eatre pas aussi connue que sa voisine, Toronto, mais ses berges anim\u00e9es, les sentiers polyvalents qui sont am\u00e9nag\u00e9s dans ses parcs, ses boutiques, ses festivals multiculturels, sa patinoire et ses tours jumelles \u00ab Marilyn Monroe \u00bb spectaculaires, font probablement de Mississauga le secret le mieux gard\u00e9 au Canada.<\/p>\n<\/div><\/section><\/div><div class=\"flex_column av_one_half  no_margin flex_column_table_cell av-equal-height-column av-align-middle av-zero-column-padding   r-img \" style='border-radius:0px; '><div class='avia-image-container  av-styling-    avia-align-right '  itemscope=\"itemscope\" itemtype=\"https:\/\/schema.org\/ImageObject\"  ><div class='avia-image-container-inner'><img class='avia_image ' src='https:\/\/edwardjones-stage.xcc.smashfly.io\/wp-content\/uploads\/sites\/2815\/2020\/12\/iStock-1012730350.jpg' alt='Projet de condominiums The Absolute World, \u00e0 Mississauga, au Canada, au cr\u00e9puscule.' title=''   itemprop=\"contentURL\"  \/><\/div><\/div><\/div><\/div><!--close column table wrapper. Autoclose:  -->\n\n<\/div><\/div><\/div><!-- close content main div --><\/div><\/div><div id='av_section_3' class='avia-section main_color avia-section-no-padding avia-no-border-styling avia-bg-style-scroll  pb130 locations-text-widget search-widget-vertical-container container_wrap fullsize'   ><div class='container' ><div class='template-page content  av-content-full alpha units'><div class='post-entry post-entry-type-page post-entry-19148'><div class='entry-content-wrapper clearfix'>\n<div class=\"flex_column av_three_fourth  flex_column_div av-zero-column-padding first   \" style='border-radius:0px; '><section class=\"av_textblock_section\"  itemscope=\"itemscope\" itemtype=\"https:\/\/schema.org\/CreativeWork\" ><div class='avia_textblock locations-list pl30'   itemprop=\"text\" ><ul class=\"locations-ul li-pb20\">\n<li>L\u2019a\u00e9roport qui s\u2019y trouve est le plus achaland\u00e9 au Canada. De fait, 32 millions de passagers transitent par l\u2019a\u00e9roport international Pearson de Toronto chaque jour pour se rendre dans 180 destinations desservies par plus de 70 compagnies a\u00e9riennes.<\/li>\n<li>La ville a \u00e9t\u00e9 fond\u00e9e en 1974 et nomm\u00e9e en l\u2019honneur de la nation autochtone qui occupait la r\u00e9gion et qui y vit toujours.<\/li>\n<li>Elle est reconnue comme \u00e9tant la ville la plus s\u00e9curitaire au Canada depuis huit ans.<\/li>\n<li>Les tours jumelles Absolute World ou \u00ab Marilyn Monroe \u00bb se reconnaissent \u00e0 leurs courbes g\u00e9n\u00e9reuses.<\/li>\n<li>Le village de Port Credit situ\u00e9 au bord du lac est r\u00e9put\u00e9 pour ses boutiques, ses caf\u00e9s, ses bars, son phare toujours en service et sa marina o\u00f9 l\u2019on trouve un cargo abandonn\u00e9.<\/li>\n<li>Le Square One mall et le Celebration Square proposent des restaurants, une salle de cin\u00e9ma, une patinoire ext\u00e9rieure, le parc Playdium, une piste de karting, ainsi que des divertissements et des festivals toute l\u2019ann\u00e9e.<\/li>\n<li>Un magnifique sentier de randonn\u00e9e p\u00e9destre m\u00e8ne \u00e0 Wahoosh Falls, une oasis urbaine baign\u00e9e de calme.<\/li>\n<li>Un nombre surprenant d\u2019\u00e9missions et de films populaires ont \u00e9t\u00e9 tourn\u00e9s ici, notamment : Suits : Avocats sur mesure, Les passages de l\u2019espoir, Black Mirror, Hannibal, Baiser fatal, Sans origine : Orphan Black et Nikita.<\/li>\n<\/ul>\n<\/div><\/section><\/div><div class=\"flex_column av_one_fourth  flex_column_div av-zero-column-padding   search-widget search-widget-vertical \" style='background-color:#fde57f; border-radius:0px; '><div class='avia-builder-widget-area clearfix '><div id=\"widget_job_search_v2-7\" class=\"widget clearfix widget-jobsearch widget-jobsearch-v2\"><form method=\"GET\" id=\"cws_quickjobsearch\" role=\"search\" class=\"clearfix g-cols offset_medium\" action=\"\/fr-CA\/resultats-de-la-recherche-demploi\/\"><div class=\"quicksearch-title first avia-builder-el-first flex_column av_one_third\"><h2 class=\"widgettitle cws-widgetitle\">Recherche d\u2019emplois par mot cl\u00e9<\/h2><\/div><div class=\"quicksearch-field quicksearch-SearchText  flex_column av_one_third horizontal\"><div class=\"w-form-row\"><div class=\"w-form-row-label\"><label for=\"cws_quickjobsearch_keywords\">Keyword<\/label><\/div><div class=\"w-form-row-field\"><input type=\"text\" class=\"text_input keyword_suggest\" name=\"keyword\" id=\"cws_quickjobsearch_keywords\" data-autocomplete_limit=\"5\" data-param=\"SearchText\" aria-describedby=\"keyword-help\" value=\"\" \/><span id=\"keyword-help\" class=\"visually-hidden sr-only\" aria-live=\"polite\">Begin typing to find suggestions.<\/span><span class=\"w-form-row-field-bar\"><\/span><\/div><input type=\"hidden\" name=\"fuzzy\" id=\"cws_quickjobsearch_fuzzy\" data-param=\"fuzzy\" value=\"\" \/><\/div><\/div><div class=\"quicksearch-btn avia-builder-el-last flex_column av_one_third\"><input class=\"avia-button avia-color-theme-color avia-size-small quicksearch-submit\" type=\"submit\" value=\"Recherche d\u2019emplois\" \/><\/div><\/form><\/div><\/div><\/div>\n","protected":false},"excerpt":{"rendered":"","protected":false},"author":1415,"featured_media":0,"parent":19013,"menu_order":0,"comment_status":"closed","ping_status":"closed","template":"","meta":{"pgc_meta":"","footnotes":""},"persona":[],"class_list":["post-19148","page","type-page","status-publish","hentry"],"yoast_head":"<!-- This site is optimized with the Yoast SEO Premium plugin v23.0 (Yoast SEO v23.0) - https:\/\/yoast.com\/wordpress\/plugins\/seo\/ -->\n<title>Travaillez \u00e0 notre si\u00e8ge social de Mississauga | Edward Jones<\/title>\n<meta name=\"description\" content=\"Situ\u00e9 au c\u0153ur de la ville, il offre une vue spectaculaire de Celebration Square. D\u00e9couvrez notre si\u00e8ge social.\" \/>\n<meta name=\"robots\" content=\"noindex, follow, max-snippet:-1, max-image-preview:large, max-video-preview:-1\" \/>\n<meta property=\"og:locale\" content=\"fr_CA\" \/>\n<meta property=\"og:type\" content=\"article\" \/>\n<meta property=\"og:title\" content=\"Mississauga\" \/>\n<meta property=\"og:description\" content=\"Situ\u00e9 au c\u0153ur de la ville, il offre une vue spectaculaire de Celebration Square. D\u00e9couvrez notre si\u00e8ge social.\" \/>\n<meta property=\"og:url\" content=\"https:\/\/edwardjones-stage.site.findly.com\/fr-CA\/domaines-de-carriere\/sieges-sociaux\/mississauga\/\" \/>\n<meta property=\"og:site_name\" content=\"Edward jones Career Stage\" \/>\n<meta property=\"article:modified_time\" content=\"2021-01-19T13:02:14+00:00\" \/>\n<meta property=\"og:image\" content=\"https:\/\/edwardjones-stage.xcc.smashfly.io\/wp-content\/uploads\/sites\/2815\/2020\/10\/EdwardJonesCareers-logo-200x200px.jpg\" \/>\n\t<meta property=\"og:image:width\" content=\"200\" \/>\n\t<meta property=\"og:image:height\" content=\"200\" \/>\n\t<meta property=\"og:image:type\" content=\"image\/jpeg\" \/>\n<meta name=\"twitter:label1\" content=\"Estimation du temps de lecture\" \/>\n\t<meta name=\"twitter:data1\" content=\"5 minutes\" \/>\n<script type=\"application\/ld+json\" class=\"yoast-schema-graph\">{\"@context\":\"https:\/\/schema.org\",\"@graph\":[{\"@type\":\"WebPage\",\"@id\":\"https:\/\/edwardjones-stage.site.findly.com\/fr-CA\/domaines-de-carriere\/sieges-sociaux\/mississauga\/\",\"url\":\"https:\/\/edwardjones-stage.site.findly.com\/fr-CA\/domaines-de-carriere\/sieges-sociaux\/mississauga\/\",\"name\":\"Travaillez \u00e0 notre si\u00e8ge social de Mississauga | Edward Jones\",\"isPartOf\":{\"@id\":\"http:\/\/edwardjones-stage.site.findly.com\/#website\"},\"datePublished\":\"2020-12-28T13:36:46+00:00\",\"dateModified\":\"2021-01-19T13:02:14+00:00\",\"description\":\"Situ\u00e9 au c\u0153ur de la ville, il offre une vue spectaculaire de Celebration Square. D\u00e9couvrez notre si\u00e8ge social.\",\"breadcrumb\":{\"@id\":\"https:\/\/edwardjones-stage.site.findly.com\/fr-CA\/domaines-de-carriere\/sieges-sociaux\/mississauga\/#breadcrumb\"},\"inLanguage\":\"fr-CA\",\"potentialAction\":[{\"@type\":\"ReadAction\",\"target\":[\"https:\/\/edwardjones-stage.site.findly.com\/fr-CA\/domaines-de-carriere\/sieges-sociaux\/mississauga\/\"]}]},{\"@type\":\"BreadcrumbList\",\"@id\":\"https:\/\/edwardjones-stage.site.findly.com\/fr-CA\/domaines-de-carriere\/sieges-sociaux\/mississauga\/#breadcrumb\",\"itemListElement\":[{\"@type\":\"ListItem\",\"position\":1,\"name\":\"Home\",\"item\":\"https:\/\/edwardjones-stage.site.findly.com\/fr-CA\/\"},{\"@type\":\"ListItem\",\"position\":2,\"name\":\"Domaines de carri\u00e8re\",\"item\":\"https:\/\/edwardjones-stage.site.findly.com\/fr-CA\/domaines-de-carriere\/\"},{\"@type\":\"ListItem\",\"position\":3,\"name\":\"Si\u00e8ges sociaux\",\"item\":\"https:\/\/edwardjones-stage.site.findly.com\/fr-CA\/domaines-de-carriere\/sieges-sociaux\/\"},{\"@type\":\"ListItem\",\"position\":4,\"name\":\"Mississauga\"}]},{\"@type\":\"WebSite\",\"@id\":\"http:\/\/edwardjones-stage.site.findly.com\/#website\",\"url\":\"http:\/\/edwardjones-stage.site.findly.com\/\",\"name\":\"Edward jones Career Stage\",\"description\":\"ibee Demo Site\",\"potentialAction\":[{\"@type\":\"SearchAction\",\"target\":{\"@type\":\"EntryPoint\",\"urlTemplate\":\"http:\/\/edwardjones-stage.site.findly.com\/?s={search_term_string}\"},\"query-input\":\"required name=search_term_string\"}],\"inLanguage\":\"fr-CA\"}]}<\/script>\n<!-- \/ Yoast SEO Premium plugin. -->","yoast_head_json":{"title":"Travaillez \u00e0 notre si\u00e8ge social de Mississauga | Edward Jones","description":"Situ\u00e9 au c\u0153ur de la ville, il offre une vue spectaculaire de Celebration Square. D\u00e9couvrez notre si\u00e8ge social.","robots":{"index":"noindex","follow":"follow","max-snippet":"max-snippet:-1","max-image-preview":"max-image-preview:large","max-video-preview":"max-video-preview:-1"},"og_locale":"fr_CA","og_type":"article","og_title":"Mississauga","og_description":"Situ\u00e9 au c\u0153ur de la ville, il offre une vue spectaculaire de Celebration Square. D\u00e9couvrez notre si\u00e8ge social.","og_url":"https:\/\/edwardjones-stage.site.findly.com\/fr-CA\/domaines-de-carriere\/sieges-sociaux\/mississauga\/","og_site_name":"Edward jones Career Stage","article_modified_time":"2021-01-19T13:02:14+00:00","og_image":[{"width":200,"height":200,"url":"https:\/\/edwardjones-stage.xcc.smashfly.io\/wp-content\/uploads\/sites\/2815\/2020\/10\/EdwardJonesCareers-logo-200x200px.jpg","type":"image\/jpeg"}],"twitter_misc":{"Estimation du temps de lecture":"5 minutes"},"schema":{"@context":"https:\/\/schema.org","@graph":[{"@type":"WebPage","@id":"https:\/\/edwardjones-stage.site.findly.com\/fr-CA\/domaines-de-carriere\/sieges-sociaux\/mississauga\/","url":"https:\/\/edwardjones-stage.site.findly.com\/fr-CA\/domaines-de-carriere\/sieges-sociaux\/mississauga\/","name":"Travaillez \u00e0 notre si\u00e8ge social de Mississauga | Edward Jones","isPartOf":{"@id":"http:\/\/edwardjones-stage.site.findly.com\/#website"},"datePublished":"2020-12-28T13:36:46+00:00","dateModified":"2021-01-19T13:02:14+00:00","description":"Situ\u00e9 au c\u0153ur de la ville, il offre une vue spectaculaire de Celebration Square. D\u00e9couvrez notre si\u00e8ge social.","breadcrumb":{"@id":"https:\/\/edwardjones-stage.site.findly.com\/fr-CA\/domaines-de-carriere\/sieges-sociaux\/mississauga\/#breadcrumb"},"inLanguage":"fr-CA","potentialAction":[{"@type":"ReadAction","target":["https:\/\/edwardjones-stage.site.findly.com\/fr-CA\/domaines-de-carriere\/sieges-sociaux\/mississauga\/"]}]},{"@type":"BreadcrumbList","@id":"https:\/\/edwardjones-stage.site.findly.com\/fr-CA\/domaines-de-carriere\/sieges-sociaux\/mississauga\/#breadcrumb","itemListElement":[{"@type":"ListItem","position":1,"name":"Home","item":"https:\/\/edwardjones-stage.site.findly.com\/fr-CA\/"},{"@type":"ListItem","position":2,"name":"Domaines de carri\u00e8re","item":"https:\/\/edwardjones-stage.site.findly.com\/fr-CA\/domaines-de-carriere\/"},{"@type":"ListItem","position":3,"name":"Si\u00e8ges sociaux","item":"https:\/\/edwardjones-stage.site.findly.com\/fr-CA\/domaines-de-carriere\/sieges-sociaux\/"},{"@type":"ListItem","position":4,"name":"Mississauga"}]},{"@type":"WebSite","@id":"http:\/\/edwardjones-stage.site.findly.com\/#website","url":"http:\/\/edwardjones-stage.site.findly.com\/","name":"Edward jones Career Stage","description":"ibee Demo Site","potentialAction":[{"@type":"SearchAction","target":{"@type":"EntryPoint","urlTemplate":"http:\/\/edwardjones-stage.site.findly.com\/?s={search_term_string}"},"query-input":"required name=search_term_string"}],"inLanguage":"fr-CA"}]}},"pgc_meta":"","_links":{"self":[{"href":"https:\/\/edwardjones-stage.xcc.smashfly.io\/fr-CA\/wp-json\/wp\/v2\/pages\/19148","targetHints":{"allow":["GET"]}}],"collection":[{"href":"https:\/\/edwardjones-stage.xcc.smashfly.io\/fr-CA\/wp-json\/wp\/v2\/pages"}],"about":[{"href":"https:\/\/edwardjones-stage.xcc.smashfly.io\/fr-CA\/wp-json\/wp\/v2\/types\/page"}],"author":[{"embeddable":true,"href":"https:\/\/edwardjones-stage.xcc.smashfly.io\/fr-CA\/wp-json\/wp\/v2\/users\/1415"}],"replies":[{"embeddable":true,"href":"https:\/\/edwardjones-stage.xcc.smashfly.io\/fr-CA\/wp-json\/wp\/v2\/comments?post=19148"}],"version-history":[{"count":0,"href":"https:\/\/edwardjones-stage.xcc.smashfly.io\/fr-CA\/wp-json\/wp\/v2\/pages\/19148\/revisions"}],"up":[{"embeddable":true,"href":"https:\/\/edwardjones-stage.xcc.smashfly.io\/fr-CA\/wp-json\/wp\/v2\/pages\/19013"}],"wp:attachment":[{"href":"https:\/\/edwardjones-stage.xcc.smashfly.io\/fr-CA\/wp-json\/wp\/v2\/media?parent=19148"}],"wp:term":[{"taxonomy":"persona","embeddable":true,"href":"https:\/\/edwardjones-stage.xcc.smashfly.io\/fr-CA\/wp-json\/wp\/v2\/persona?post=19148"}],"curies":[{"name":"wp","href":"https:\/\/api.w.org\/{rel}","templated":true}]}}