{"id":19075,"date":"2020-12-24T16:09:38","date_gmt":"2020-12-24T16:09:38","guid":{"rendered":"https:\/\/careers.edwardjones.com\/?page_id=19075"},"modified":"2021-02-17T02:37:23","modified_gmt":"2021-02-17T02:37:23","slug":"services-des-sieges-sociaux","status":"publish","type":"page","link":"https:\/\/edwardjones-stage.xcc.smashfly.io\/fr-CA\/domaines-de-carriere\/sieges-sociaux\/services-des-sieges-sociaux\/","title":{"rendered":"Services"},"content":{"rendered":"<\/div><\/div><\/div><!-- close content main div --><\/div><\/div><div id='av_section_1' class='avia-section main_color avia-section-no-padding avia-no-border-styling avia-bg-style-scroll  breadcrumb-section minht0 pb40 container_wrap fullsize'   ><div class='container' ><div class='template-page content  av-content-full alpha units'><div class='post-entry post-entry-type-page post-entry-19075'><div class='entry-content-wrapper clearfix'>\n<section class=\"av_textblock_section\"  itemscope=\"itemscope\" itemtype=\"https:\/\/schema.org\/CreativeWork\" ><div class='avia_textblock '   itemprop=\"text\" ><div class=\"breadcrumb breadcrumbs avia-breadcrumbs\"><div class=\"breadcrumb-trail\" ><a href=\"https:\/\/edwardjones-stage.xcc.smashfly.io\/fr-CA\/\" title=\"Edward jones Career Stage\" rel=\"home\" class=\"trail-begin\">Home<\/a><\/div><\/div>\n<\/div><\/section>\n\n<\/div><\/div><\/div><!-- close content main div --><\/div><\/div><div id='av_section_2' class='avia-section main_color avia-section-no-padding avia-no-border-styling avia-bg-style-scroll  banner-text minht0 pb40 container_wrap fullsize'   ><div class='container' ><div class='template-page content  av-content-full alpha units'><div class='post-entry post-entry-type-page post-entry-19075'><div class='entry-content-wrapper clearfix'>\n<section class=\"av_textblock_section\"  itemscope=\"itemscope\" itemtype=\"https:\/\/schema.org\/CreativeWork\" ><div class='avia_textblock pt40 pb40 align-center'   itemprop=\"text\" ><h1 class=\"pb10\">Services des si\u00e8ges sociaux<\/h1>\n<p>Notre structure offre des occasions, et des possibilit\u00e9s de croissance.<\/p>\n<\/div><\/section>\n\n<\/div><\/div><\/div><!-- close content main div --><\/div><\/div><div id='av_section_3' class='avia-section main_color avia-section-no-padding avia-no-border-styling avia-bg-style-scroll  pb40  container_wrap fullsize'   ><div class='container' ><div class='template-page content  av-content-full alpha units'><div class='post-entry post-entry-type-page post-entry-19075'><div class='entry-content-wrapper clearfix'>\n<section class=\"av_textblock_section\"  itemscope=\"itemscope\" itemtype=\"https:\/\/schema.org\/CreativeWork\" ><div class='avia_textblock align-center maxwidth-1005'   itemprop=\"text\" ><p>Nos si\u00e8ges sociaux sont con\u00e7us en fonction de domaines sp\u00e9cialis\u00e9s, qui offrent chacun l\u2019expertise et les ressources n\u00e9cessaires pour soutenir nos \u00e9quipes de succursale en leur offrant des produits, des services et des solutions ax\u00e9s sur le client. Toutefois, nos associ\u00e9s ne travaillent pas en vase clos. Nous encourageons le partage d\u2019id\u00e9es et de talents entre les divisions, car nous savons que ce ne sera pas n\u00e9cessairement un professionnel de la technologie qui aura la meilleure id\u00e9e pour le prochain nouvel outil technologique. Quelle que soit l\u2019exp\u00e9rience que vous apportez \u00e0 Edward Jones, vous y trouverez des occasions de mettre \u00e0 profit vos comp\u00e9tences, d\u2019accro\u00eetre votre leadership et de b\u00e2tir une longue et fructueuse carri\u00e8re.<\/p>\n<\/div><\/section>\n\n<\/div><\/div><\/div><!-- close content main div --><\/div><\/div><div id='av_section_4' class='avia-section main_color avia-section-no-padding avia-no-border-styling avia-bg-style-scroll  why-edward-jones pb130 ejd-efa-category ejd-why-edward-jones hq-divisions container_wrap fullsize'   ><div class='container' ><div class='template-page content  av-content-full alpha units'><div class='post-entry post-entry-type-page post-entry-19075'><div class='entry-content-wrapper clearfix'>\n<div class='flex_column_table av-equal-height-column-flextable' ><div class=\"flex_column av_one_half  flex_column_table_cell av-equal-height-column av-align-top av-zero-column-padding first   \" style='border-radius:0px; '><p><div class='avia-image-container  av-styling-    avia-align-center '  itemscope=\"itemscope\" itemtype=\"https:\/\/schema.org\/ImageObject\"  ><div class='avia-image-container-inner'><img class='avia_image ' src='https:\/\/edwardjones-stage.xcc.smashfly.io\/wp-content\/uploads\/sites\/2815\/2020\/12\/OnRequest_005372441.jpg' alt='Femme portant un casque d\u2019\u00e9coute.' title=''   itemprop=\"contentURL\"  \/><\/div><\/div><br \/>\n<section class=\"av_textblock_section\"  itemscope=\"itemscope\" itemtype=\"https:\/\/schema.org\/CreativeWork\" ><div class='avia_textblock '   itemprop=\"text\" ><h2>Soutien administratif<\/h2>\n<p>Appuyez les dirigeants de la soci\u00e9t\u00e9 gr\u00e2ce \u00e0 ce r\u00f4le d\u00e9terminant.<\/p>\n<p><a class=\"edj-btn p-relative\" href=\"\/fr-CA\/resultats-de-la-recherche-demploi\/?category=Headquarters&amp;addtnl_categories=Administrative%20Support\" aria-label=\"Voir les postes de soutien administratif\">Voir les emplois<\/a><\/p>\n<\/div><\/section><\/p><\/div><div class='av-flex-placeholder'><\/div><div class=\"flex_column av_one_half  flex_column_table_cell av-equal-height-column av-align-top av-zero-column-padding    \" style='border-radius:0px; '><p><div class='avia-image-container  av-styling-    avia-align-center '  itemscope=\"itemscope\" itemtype=\"https:\/\/schema.org\/ImageObject\"  ><div class='avia-image-container-inner'><img class='avia_image ' src='https:\/\/edwardjones-stage.xcc.smashfly.io\/wp-content\/uploads\/sites\/2815\/2020\/12\/2015-07-STL-Professionals-0781.jpg' alt='Quatre coll\u00e8gues assis dans un hall.' title=''   itemprop=\"contentURL\"  \/><\/div><\/div><br \/>\n<section class=\"av_textblock_section\"  itemscope=\"itemscope\" itemtype=\"https:\/\/schema.org\/CreativeWork\" ><div class='avia_textblock '   itemprop=\"text\" ><h2>R\u00e9glementation et conformit\u00e9<\/h2>\n<p>Dirigez l\u2019engagement de la soci\u00e9t\u00e9 \u00e0 servir les int\u00e9r\u00eats des clients.<\/p>\n<p><a class=\"edj-btn p-relative\" href=\"\/fr-CA\/resultats-de-la-recherche-demploi\/?category=Headquarters&amp;addtnl_categories=Regulatory%20and%20Compliance\" aria-label=\"Voir les postes li\u00e9s \u00e0 la r\u00e9glementation et \u00e0 la conformit\u00e9\">Voir les emplois<\/a><\/p>\n<\/div><\/section><\/p><\/div><\/div><!--close column table wrapper. Autoclose:  --><\/div><\/div><\/div><!-- close content main div --><\/div><\/div><div id='av_section_5' class='avia-section main_color avia-section-no-padding avia-no-border-styling avia-bg-style-scroll  why-edward-jones pb130 ejd-efa-category ejd-why-edward-jones hq-divisions container_wrap fullsize'   ><div class='container' ><div class='template-page content  av-content-full alpha units'><div class='post-entry post-entry-type-page post-entry-19075'><div class='entry-content-wrapper clearfix'>\n<div class='flex_column_table av-equal-height-column-flextable' ><div class=\"flex_column av_one_half  flex_column_table_cell av-equal-height-column av-align-top av-zero-column-padding first   \" style='border-radius:0px; '><p><div class='avia-image-container  av-styling-    avia-align-center '  itemscope=\"itemscope\" itemtype=\"https:\/\/schema.org\/ImageObject\"  ><div class='avia-image-container-inner'><img class='avia_image ' src='https:\/\/edwardjones-stage.xcc.smashfly.io\/wp-content\/uploads\/sites\/2815\/2021\/01\/2017-04-STL-Downtown-Branch-11811.jpg' alt='Un couple rencontre une femme d\u2019affaires qui examine des documents.' title=''   itemprop=\"contentURL\"  \/><\/div><\/div><br \/>\n<section class=\"av_textblock_section\"  itemscope=\"itemscope\" itemtype=\"https:\/\/schema.org\/CreativeWork\" ><div class='avia_textblock '   itemprop=\"text\" ><h2>Finance<\/h2>\n<p>Dirigez l\u2019int\u00e9grit\u00e9 financi\u00e8re de la soci\u00e9t\u00e9.<\/p>\n<p><a class=\"edj-btn p-relative\" href=\"\/fr-CA\/resultats-de-la-recherche-demploi\/?category=Headquarters&amp;addtnl_categories=Finance\" aria-label=\"Voir les postes en finance\">Voir les emplois<\/a><\/p>\n<\/div><\/section><\/p><\/div><div class='av-flex-placeholder'><\/div><div class=\"flex_column av_one_half  flex_column_table_cell av-equal-height-column av-align-top av-zero-column-padding    \" style='border-radius:0px; '><p><div class='avia-image-container  av-styling-    avia-align-center '  itemscope=\"itemscope\" itemtype=\"https:\/\/schema.org\/ImageObject\"  ><div class='avia-image-container-inner'><img class='avia_image ' src='https:\/\/edwardjones-stage.xcc.smashfly.io\/wp-content\/uploads\/sites\/2815\/2021\/01\/C-K_Digital-Day3_Face-to-Face23111.jpg' alt='Une femme assise \u00e0 son bureau en discussion avec son coll\u00e8gue.' title=''   itemprop=\"contentURL\"  \/><\/div><\/div><br \/>\n<section class=\"av_textblock_section\"  itemscope=\"itemscope\" itemtype=\"https:\/\/schema.org\/CreativeWork\" ><div class='avia_textblock '   itemprop=\"text\" ><h2>Ressources humaines<\/h2>\n<p>Trouvez, d\u00e9veloppez et soutenez les talents qui font une diff\u00e9rence dans la vie des clients.<\/p>\n<p><a class=\"edj-btn p-relative\" href=\"\/fr-CA\/resultats-de-la-recherche-demploi\/?category=Headquarters&amp;addtnl_categories=Human%20Resources\" aria-label=\"Voir les postes en ressources humaines\">Voir les emplois<\/a><\/p>\n<\/div><\/section><\/p><\/div><\/div><!--close column table wrapper. Autoclose:  --><\/div><\/div><\/div><!-- close content main div --><\/div><\/div><div id='av_section_6' class='avia-section main_color avia-section-no-padding avia-no-border-styling avia-bg-style-scroll  why-edward-jones pb130 ejd-efa-category ejd-why-edward-jones hq-divisions container_wrap fullsize'   ><div class='container' ><div class='template-page content  av-content-full alpha units'><div class='post-entry post-entry-type-page post-entry-19075'><div class='entry-content-wrapper clearfix'>\n<div class='flex_column_table av-equal-height-column-flextable' ><div class=\"flex_column av_one_half  flex_column_table_cell av-equal-height-column av-align-top av-zero-column-padding first   \" style='border-radius:0px; '><p><div class='avia-image-container  av-styling-    avia-align-center '  itemscope=\"itemscope\" itemtype=\"https:\/\/schema.org\/ImageObject\"  ><div class='avia-image-container-inner'><img class='avia_image ' src='https:\/\/edwardjones-stage.xcc.smashfly.io\/wp-content\/uploads\/sites\/2815\/2021\/01\/iStock-124989084611.jpg' alt='' title=''   itemprop=\"contentURL\"  \/><\/div><\/div><br \/>\n<section class=\"av_textblock_section\"  itemscope=\"itemscope\" itemtype=\"https:\/\/schema.org\/CreativeWork\" ><div class='avia_textblock '   itemprop=\"text\" ><h2>Services juridiques<\/h2>\n<p>Soutenez l\u2019\u00e9volution des besoins juridiques de la soci\u00e9t\u00e9.<\/p>\n<p><a class=\"edj-btn p-relative\" href=\"\/fr-CA\/resultats-de-la-recherche-demploi\/?category=Headquarters&amp;addtnl_categories=Legal\" aria-label=\"Voir les postes dans le secteur juridique\">Voir les emplois<\/a><\/p>\n<\/div><\/section><\/p><\/div><div class='av-flex-placeholder'><\/div><div class=\"flex_column av_one_half  flex_column_table_cell av-equal-height-column av-align-top av-zero-column-padding    \" style='border-radius:0px; '><p><div class='avia-image-container  av-styling-    avia-align-center '  itemscope=\"itemscope\" itemtype=\"https:\/\/schema.org\/ImageObject\"  ><div class='avia-image-container-inner'><img class='avia_image ' src='https:\/\/edwardjones-stage.xcc.smashfly.io\/wp-content\/uploads\/sites\/2815\/2020\/12\/marketing1.jpg' alt='Une femme regarde au loin.' title=''   itemprop=\"contentURL\"  \/><\/div><\/div><br \/>\n<section class=\"av_textblock_section\"  itemscope=\"itemscope\" itemtype=\"https:\/\/schema.org\/CreativeWork\" ><div class='avia_textblock '   itemprop=\"text\" ><h2>Marketing<\/h2>\n<p>Faites d\u2019Edward Jones le premier choix des investisseurs individuels.<\/p>\n<p><a class=\"edj-btn p-relative\" href=\"\/fr-CA\/resultats-de-la-recherche-demploi\/?category=Headquarters&amp;addtnl_categories=Marketing\" aria-label=\"Voir les postes en marketing\">Voir les emplois<\/a><\/p>\n<\/div><\/section><\/p><\/div><\/div><!--close column table wrapper. Autoclose:  --><\/div><\/div><\/div><!-- close content main div --><\/div><\/div><div id='av_section_7' class='avia-section main_color avia-section-no-padding avia-no-border-styling avia-bg-style-scroll  why-edward-jones pb130 ejd-efa-category ejd-why-edward-jones hq-divisions container_wrap fullsize'   ><div class='container' ><div class='template-page content  av-content-full alpha units'><div class='post-entry post-entry-type-page post-entry-19075'><div class='entry-content-wrapper clearfix'>\n<div class='flex_column_table av-equal-height-column-flextable' ><div class=\"flex_column av_one_half  flex_column_table_cell av-equal-height-column av-align-top av-zero-column-padding first   \" style='border-radius:0px; '><p><div class='avia-image-container  av-styling-    avia-align-center '  itemscope=\"itemscope\" itemtype=\"https:\/\/schema.org\/ImageObject\"  ><div class='avia-image-container-inner'><img class='avia_image ' src='https:\/\/edwardjones-stage.xcc.smashfly.io\/wp-content\/uploads\/sites\/2815\/2020\/12\/clseandop1.jpg' alt='Un homme parle en gesticulant de mani\u00e8re anim\u00e9e.' title=''   itemprop=\"contentURL\"  \/><\/div><\/div><br \/>\n<section class=\"av_textblock_section\"  itemscope=\"itemscope\" itemtype=\"https:\/\/schema.org\/CreativeWork\" ><div class='avia_textblock '   itemprop=\"text\" ><h2>Service \u00e0 la client\u00e8le et op\u00e9rations<\/h2>\n<p>Aidez les \u00e9quipes de succursale \u00e0 offrir une exp\u00e9rience ax\u00e9e sur le client.<\/p>\n<p><a class=\"edj-btn p-relative\" href=\"\/fr-CA\/resultats-de-la-recherche-demploi\/?category=Headquarters&amp;addtnl_categories=Client%20Services%20%26%20Operations\" aria-label=\"Voir les postes en service \u00e0 la client\u00e8le et en exploitation\">Voir les emplois<\/a><\/p>\n<\/div><\/section><\/p><\/div><div class='av-flex-placeholder'><\/div><div class=\"flex_column av_one_half  flex_column_table_cell av-equal-height-column av-align-top av-zero-column-padding    \" style='border-radius:0px; '><p><div class='avia-image-container  av-styling-    avia-align-center '  itemscope=\"itemscope\" itemtype=\"https:\/\/schema.org\/ImageObject\"  ><div class='avia-image-container-inner'><img class='avia_image ' src='https:\/\/edwardjones-stage.xcc.smashfly.io\/wp-content\/uploads\/sites\/2815\/2020\/12\/investsol1.jpg' alt='Une femme est assise \u00e0 son bureau, souriante.' title=''   itemprop=\"contentURL\"  \/><\/div><\/div><br \/>\n<section class=\"av_textblock_section\"  itemscope=\"itemscope\" itemtype=\"https:\/\/schema.org\/CreativeWork\" ><div class='avia_textblock '   itemprop=\"text\" ><h2>Produits de placement et \u00e0 la strat\u00e9gie<\/h2>\n<p>Offrez des solutions qui aident les clients \u00e0 atteindre leurs objectif.<\/p>\n<p><a class=\"edj-btn p-relative\" href=\"\/fr-CA\/resultats-de-la-recherche-demploi\/?category=Headquarters&amp;addtnl_categories=Investment%20Products%20and%20Strategy\" aria-label=\"Voir les postes li\u00e9s aux produits de placement et \u00e0 la strat\u00e9gie\">Voir les emplois<\/a><\/p>\n<\/div><\/section><\/p><\/div><\/div><!--close column table wrapper. Autoclose:  --><\/div><\/div><\/div><!-- close content main div --><\/div><\/div><div id='av_section_8' class='avia-section main_color avia-section-no-padding avia-no-border-styling avia-bg-style-scroll  why-edward-jones pb130 ejd-efa-category ejd-why-edward-jones hq-divisions container_wrap fullsize'   ><div class='container' ><div class='template-page content  av-content-full alpha units'><div class='post-entry post-entry-type-page post-entry-19075'><div class='entry-content-wrapper clearfix'>\n<div class='flex_column_table av-equal-height-column-flextable' ><div class=\"flex_column av_one_half  flex_column_table_cell av-equal-height-column av-align-top av-zero-column-padding first   \" style='border-radius:0px; '><p><div class='avia-image-container  av-styling-    avia-align-center '  itemscope=\"itemscope\" itemtype=\"https:\/\/schema.org\/ImageObject\"  ><div class='avia-image-container-inner'><img class='avia_image ' src='https:\/\/edwardjones-stage.xcc.smashfly.io\/wp-content\/uploads\/sites\/2815\/2020\/12\/leadership1.jpg' alt='Une femme tend la main pour serrer celle de son coll\u00e8gue.' title=''   itemprop=\"contentURL\"  \/><\/div><\/div><br \/>\n<section class=\"av_textblock_section\"  itemscope=\"itemscope\" itemtype=\"https:\/\/schema.org\/CreativeWork\" ><div class='avia_textblock '   itemprop=\"text\" ><h2><span>Direction<\/span><\/h2>\n<p>\u00c9laborez et orientez la vision et la strat\u00e9gie de la soci\u00e9t\u00e9.<\/p>\n<p><a class=\"edj-btn p-relative\" href=\"\/fr-CA\/job-search-results\/?category=Headquarters&amp;addtnl_categories=Leadership\" aria-label=\"Voir les postes de gestion\">Voir les emplois<\/a><\/p>\n<\/div><\/section><\/p><\/div><div class='av-flex-placeholder'><\/div><div class=\"flex_column av_one_half  flex_column_table_cell av-equal-height-column av-align-top av-zero-column-padding    \" style='border-radius:0px; '><\/div><\/div><!--close column table wrapper. Autoclose:  --><\/p>\n","protected":false},"excerpt":{"rendered":"","protected":false},"author":1415,"featured_media":0,"parent":19013,"menu_order":0,"comment_status":"closed","ping_status":"closed","template":"","meta":{"pgc_meta":"","footnotes":""},"persona":[],"class_list":["post-19075","page","type-page","status-publish","hentry"],"yoast_head":"<!-- This site is optimized with the Yoast SEO Premium plugin v23.0 (Yoast SEO v23.0) - https:\/\/yoast.com\/wordpress\/plugins\/seo\/ -->\n<title>Occasion d\u2019accro\u00eetre vos comp\u00e9tences dans les services de notre si\u00e8ge social | Edward Jones<\/title>\n<meta name=\"description\" content=\"\u00c9largissez vos comp\u00e9tences en occupant diff\u00e9rents postes au sein de services sp\u00e9cialis\u00e9s de nos si\u00e8ges sociaux \u00e0 Saint-Louis et Tempe. Maximisez votre potentiel chez Edward Jones.\" \/>\n<meta name=\"robots\" content=\"noindex, follow, max-snippet:-1, max-image-preview:large, max-video-preview:-1\" \/>\n<meta property=\"og:locale\" content=\"fr_CA\" \/>\n<meta property=\"og:type\" content=\"article\" \/>\n<meta property=\"og:title\" content=\"Services\" \/>\n<meta property=\"og:description\" content=\"\u00c9largissez vos comp\u00e9tences en occupant diff\u00e9rents postes au sein de services sp\u00e9cialis\u00e9s de nos si\u00e8ges sociaux \u00e0 Saint-Louis et Tempe. Maximisez votre potentiel chez Edward Jones.\" \/>\n<meta property=\"og:url\" content=\"https:\/\/edwardjones-stage.site.findly.com\/fr-CA\/domaines-de-carriere\/sieges-sociaux\/services-des-sieges-sociaux\/\" \/>\n<meta property=\"og:site_name\" content=\"Edward jones Career Stage\" \/>\n<meta property=\"article:modified_time\" content=\"2021-02-17T02:37:23+00:00\" \/>\n<meta property=\"og:image\" content=\"https:\/\/edwardjones-stage.xcc.smashfly.io\/wp-content\/uploads\/sites\/2815\/2020\/10\/EdwardJonesCareers-logo-200x200px.jpg\" \/>\n\t<meta property=\"og:image:width\" content=\"200\" \/>\n\t<meta property=\"og:image:height\" content=\"200\" \/>\n\t<meta property=\"og:image:type\" content=\"image\/jpeg\" \/>\n<meta name=\"twitter:label1\" content=\"Estimation du temps de lecture\" \/>\n\t<meta name=\"twitter:data1\" content=\"11 minutes\" \/>\n<script type=\"application\/ld+json\" class=\"yoast-schema-graph\">{\"@context\":\"https:\/\/schema.org\",\"@graph\":[{\"@type\":\"WebPage\",\"@id\":\"https:\/\/edwardjones-stage.site.findly.com\/fr-CA\/domaines-de-carriere\/sieges-sociaux\/services-des-sieges-sociaux\/\",\"url\":\"https:\/\/edwardjones-stage.site.findly.com\/fr-CA\/domaines-de-carriere\/sieges-sociaux\/services-des-sieges-sociaux\/\",\"name\":\"Occasion d\u2019accro\u00eetre vos comp\u00e9tences dans les services de notre si\u00e8ge social | Edward Jones\",\"isPartOf\":{\"@id\":\"http:\/\/edwardjones-stage.site.findly.com\/#website\"},\"datePublished\":\"2020-12-24T16:09:38+00:00\",\"dateModified\":\"2021-02-17T02:37:23+00:00\",\"description\":\"\u00c9largissez vos comp\u00e9tences en occupant diff\u00e9rents postes au sein de services sp\u00e9cialis\u00e9s de nos si\u00e8ges sociaux \u00e0 Saint-Louis et Tempe. Maximisez votre potentiel chez Edward Jones.\",\"breadcrumb\":{\"@id\":\"https:\/\/edwardjones-stage.site.findly.com\/fr-CA\/domaines-de-carriere\/sieges-sociaux\/services-des-sieges-sociaux\/#breadcrumb\"},\"inLanguage\":\"fr-CA\",\"potentialAction\":[{\"@type\":\"ReadAction\",\"target\":[\"https:\/\/edwardjones-stage.site.findly.com\/fr-CA\/domaines-de-carriere\/sieges-sociaux\/services-des-sieges-sociaux\/\"]}]},{\"@type\":\"BreadcrumbList\",\"@id\":\"https:\/\/edwardjones-stage.site.findly.com\/fr-CA\/domaines-de-carriere\/sieges-sociaux\/services-des-sieges-sociaux\/#breadcrumb\",\"itemListElement\":[{\"@type\":\"ListItem\",\"position\":1,\"name\":\"Home\",\"item\":\"https:\/\/edwardjones-stage.site.findly.com\/fr-CA\/\"},{\"@type\":\"ListItem\",\"position\":2,\"name\":\"Domaines de carri\u00e8re\",\"item\":\"https:\/\/edwardjones-stage.site.findly.com\/fr-CA\/domaines-de-carriere\/\"},{\"@type\":\"ListItem\",\"position\":3,\"name\":\"Si\u00e8ges sociaux\",\"item\":\"https:\/\/edwardjones-stage.site.findly.com\/fr-CA\/domaines-de-carriere\/sieges-sociaux\/\"},{\"@type\":\"ListItem\",\"position\":4,\"name\":\"Services\"}]},{\"@type\":\"WebSite\",\"@id\":\"http:\/\/edwardjones-stage.site.findly.com\/#website\",\"url\":\"http:\/\/edwardjones-stage.site.findly.com\/\",\"name\":\"Edward jones Career Stage\",\"description\":\"ibee Demo Site\",\"potentialAction\":[{\"@type\":\"SearchAction\",\"target\":{\"@type\":\"EntryPoint\",\"urlTemplate\":\"http:\/\/edwardjones-stage.site.findly.com\/?s={search_term_string}\"},\"query-input\":\"required name=search_term_string\"}],\"inLanguage\":\"fr-CA\"}]}<\/script>\n<!-- \/ Yoast SEO Premium plugin. -->","yoast_head_json":{"title":"Occasion d\u2019accro\u00eetre vos comp\u00e9tences dans les services de notre si\u00e8ge social | Edward Jones","description":"\u00c9largissez vos comp\u00e9tences en occupant diff\u00e9rents postes au sein de services sp\u00e9cialis\u00e9s de nos si\u00e8ges sociaux \u00e0 Saint-Louis et Tempe. Maximisez votre potentiel chez Edward Jones.","robots":{"index":"noindex","follow":"follow","max-snippet":"max-snippet:-1","max-image-preview":"max-image-preview:large","max-video-preview":"max-video-preview:-1"},"og_locale":"fr_CA","og_type":"article","og_title":"Services","og_description":"\u00c9largissez vos comp\u00e9tences en occupant diff\u00e9rents postes au sein de services sp\u00e9cialis\u00e9s de nos si\u00e8ges sociaux \u00e0 Saint-Louis et Tempe. Maximisez votre potentiel chez Edward Jones.","og_url":"https:\/\/edwardjones-stage.site.findly.com\/fr-CA\/domaines-de-carriere\/sieges-sociaux\/services-des-sieges-sociaux\/","og_site_name":"Edward jones Career Stage","article_modified_time":"2021-02-17T02:37:23+00:00","og_image":[{"width":200,"height":200,"url":"https:\/\/edwardjones-stage.xcc.smashfly.io\/wp-content\/uploads\/sites\/2815\/2020\/10\/EdwardJonesCareers-logo-200x200px.jpg","type":"image\/jpeg"}],"twitter_misc":{"Estimation du temps de lecture":"11 minutes"},"schema":{"@context":"https:\/\/schema.org","@graph":[{"@type":"WebPage","@id":"https:\/\/edwardjones-stage.site.findly.com\/fr-CA\/domaines-de-carriere\/sieges-sociaux\/services-des-sieges-sociaux\/","url":"https:\/\/edwardjones-stage.site.findly.com\/fr-CA\/domaines-de-carriere\/sieges-sociaux\/services-des-sieges-sociaux\/","name":"Occasion d\u2019accro\u00eetre vos comp\u00e9tences dans les services de notre si\u00e8ge social | Edward Jones","isPartOf":{"@id":"http:\/\/edwardjones-stage.site.findly.com\/#website"},"datePublished":"2020-12-24T16:09:38+00:00","dateModified":"2021-02-17T02:37:23+00:00","description":"\u00c9largissez vos comp\u00e9tences en occupant diff\u00e9rents postes au sein de services sp\u00e9cialis\u00e9s de nos si\u00e8ges sociaux \u00e0 Saint-Louis et Tempe. Maximisez votre potentiel chez Edward Jones.","breadcrumb":{"@id":"https:\/\/edwardjones-stage.site.findly.com\/fr-CA\/domaines-de-carriere\/sieges-sociaux\/services-des-sieges-sociaux\/#breadcrumb"},"inLanguage":"fr-CA","potentialAction":[{"@type":"ReadAction","target":["https:\/\/edwardjones-stage.site.findly.com\/fr-CA\/domaines-de-carriere\/sieges-sociaux\/services-des-sieges-sociaux\/"]}]},{"@type":"BreadcrumbList","@id":"https:\/\/edwardjones-stage.site.findly.com\/fr-CA\/domaines-de-carriere\/sieges-sociaux\/services-des-sieges-sociaux\/#breadcrumb","itemListElement":[{"@type":"ListItem","position":1,"name":"Home","item":"https:\/\/edwardjones-stage.site.findly.com\/fr-CA\/"},{"@type":"ListItem","position":2,"name":"Domaines de carri\u00e8re","item":"https:\/\/edwardjones-stage.site.findly.com\/fr-CA\/domaines-de-carriere\/"},{"@type":"ListItem","position":3,"name":"Si\u00e8ges sociaux","item":"https:\/\/edwardjones-stage.site.findly.com\/fr-CA\/domaines-de-carriere\/sieges-sociaux\/"},{"@type":"ListItem","position":4,"name":"Services"}]},{"@type":"WebSite","@id":"http:\/\/edwardjones-stage.site.findly.com\/#website","url":"http:\/\/edwardjones-stage.site.findly.com\/","name":"Edward jones Career Stage","description":"ibee Demo Site","potentialAction":[{"@type":"SearchAction","target":{"@type":"EntryPoint","urlTemplate":"http:\/\/edwardjones-stage.site.findly.com\/?s={search_term_string}"},"query-input":"required name=search_term_string"}],"inLanguage":"fr-CA"}]}},"pgc_meta":"","_links":{"self":[{"href":"https:\/\/edwardjones-stage.xcc.smashfly.io\/fr-CA\/wp-json\/wp\/v2\/pages\/19075","targetHints":{"allow":["GET"]}}],"collection":[{"href":"https:\/\/edwardjones-stage.xcc.smashfly.io\/fr-CA\/wp-json\/wp\/v2\/pages"}],"about":[{"href":"https:\/\/edwardjones-stage.xcc.smashfly.io\/fr-CA\/wp-json\/wp\/v2\/types\/page"}],"author":[{"embeddable":true,"href":"https:\/\/edwardjones-stage.xcc.smashfly.io\/fr-CA\/wp-json\/wp\/v2\/users\/1415"}],"replies":[{"embeddable":true,"href":"https:\/\/edwardjones-stage.xcc.smashfly.io\/fr-CA\/wp-json\/wp\/v2\/comments?post=19075"}],"version-history":[{"count":0,"href":"https:\/\/edwardjones-stage.xcc.smashfly.io\/fr-CA\/wp-json\/wp\/v2\/pages\/19075\/revisions"}],"up":[{"embeddable":true,"href":"https:\/\/edwardjones-stage.xcc.smashfly.io\/fr-CA\/wp-json\/wp\/v2\/pages\/19013"}],"wp:attachment":[{"href":"https:\/\/edwardjones-stage.xcc.smashfly.io\/fr-CA\/wp-json\/wp\/v2\/media?parent=19075"}],"wp:term":[{"taxonomy":"persona","embeddable":true,"href":"https:\/\/edwardjones-stage.xcc.smashfly.io\/fr-CA\/wp-json\/wp\/v2\/persona?post=19075"}],"curies":[{"name":"wp","href":"https:\/\/api.w.org\/{rel}","templated":true}]}}