{"id":18906,"date":"2020-12-24T05:31:14","date_gmt":"2020-12-24T05:31:14","guid":{"rendered":"https:\/\/careers.edwardjones.com\/?page_id=18906"},"modified":"2021-01-28T18:42:39","modified_gmt":"2021-01-28T18:42:39","slug":"domaines-de-carriere","status":"publish","type":"page","link":"https:\/\/edwardjones-stage.xcc.smashfly.io\/fr-CA\/domaines-de-carriere\/","title":{"rendered":"Domaines de carri\u00e8re"},"content":{"rendered":"<\/div><\/div><\/div><!-- close content main div --><\/div><\/div><div id='av_section_1' class='avia-section main_color avia-section-no-padding avia-no-border-styling avia-bg-style-scroll  banner-text container_wrap fullsize'   ><div class='container' ><div class='template-page content  av-content-full alpha units'><div class='post-entry post-entry-type-page post-entry-18906'><div class='entry-content-wrapper clearfix'>\n<section class=\"av_textblock_section\"  itemscope=\"itemscope\" itemtype=\"https:\/\/schema.org\/CreativeWork\" ><div class='avia_textblock pt40 pb40 align-center'   itemprop=\"text\" ><h1 class=\"pb10\">Domaines de Carri\u00e8re<\/h1>\n<p>Vous \u00eates \u00e0 la recherche de changement? D\u2019une occasion d\u2019entrepreneuriat?<br \/>\nVous avez une pr\u00e9f\u00e9rence pour les bureaux traditionnels? Vous trouverez peut-\u00eatre la r\u00e9ponse chez Edward Jones.<\/p>\n<\/div><\/section>\n\n<\/div><\/div><\/div><!-- close content main div --><\/div><\/div><div id='av_section_2' class='avia-section main_color avia-section-no-padding avia-no-border-styling avia-bg-style-scroll  left-text-right-image reverse-col two-col-wideimg equal-wid image-l50 pt70 container_wrap fullsize'   ><div class='container' ><div class='template-page content  av-content-full alpha units'><div class='post-entry post-entry-type-page post-entry-18906'><div class='entry-content-wrapper clearfix'>\n<div class='flex_column_table av-equal-height-column-flextable' ><div class=\"flex_column av_one_half  no_margin flex_column_table_cell av-equal-height-column av-align-middle av-zero-column-padding first  l-text \" style='background-color:#f1f3f4; border-radius:0px; '><section class=\"av_textblock_section\"  itemscope=\"itemscope\" itemtype=\"https:\/\/schema.org\/CreativeWork\" ><div class='avia_textblock '   itemprop=\"text\" ><h2>Repr\u00e9sentants en services financiers chevronn\u00e9s<\/h2>\n<p>Vous savez d\u00e9j\u00e0 ce qu\u2019il faut pour r\u00e9ussir en tant que repr\u00e9sentant en services financiers. Par contre, vous cherchez quelque chose de diff\u00e9rent. Le mod\u00e8le d\u2019affaires unique de nos \u00e9quipes de succursales et notre culture de partenariat pourraient repr\u00e9senter le changement que vous cherchez.<\/p>\n<p><a href=\"\/fr-CA\/domaines-de-carriere\/representants-en-services-financiers-chevronnes\/\" class=\"edj-btn wid340\" aria-label=\"Apprenez-en plus sur nos repr\u00e9sentants en services financiers chevronn\u00e9s\">Apprenez-en plus<\/a><\/p>\n<\/div><\/section><\/div><div class=\"flex_column av_one_half  no_margin flex_column_table_cell av-equal-height-column av-align-middle av-zero-column-padding   r-img \" style='border-radius:0px; '><div class='avia-image-container  av-styling-    avia-align-right '  itemscope=\"itemscope\" itemtype=\"https:\/\/schema.org\/ImageObject\"  ><div class='avia-image-container-inner'><img class='avia_image ' src='https:\/\/edwardjones-stage.xcc.smashfly.io\/wp-content\/uploads\/sites\/2815\/2020\/12\/2017-12-STL-Cafe-Group2-059-1.jpg' alt='Une repr\u00e9sentante en services financiers pointe l\u2019\u00e9cran de son ordinateur portable en discutant avec une femme et un homme.' title=''   itemprop=\"contentURL\"  \/><\/div><\/div><\/div><\/div><!--close column table wrapper. Autoclose:  --><\/div><\/div><\/div><!-- close content main div --><\/div><\/div><div id='av_section_3' class='avia-section main_color avia-section-no-padding avia-no-border-styling avia-bg-style-scroll  left-text-right-image reverse-col no-rev left-image-right-text two-col-wideimg equal-wid pt130 pb130 container_wrap fullsize'   ><div class='container' ><div class='template-page content  av-content-full alpha units'><div class='post-entry post-entry-type-page post-entry-18906'><div class='entry-content-wrapper clearfix'>\n<div class='flex_column_table av-equal-height-column-flextable' ><div class=\"flex_column av_one_half  no_margin flex_column_table_cell av-equal-height-column av-align-middle av-zero-column-padding first  r-img \" style='border-radius:0px; '><div class='avia-image-container  av-styling-    avia-align-right '  itemscope=\"itemscope\" itemtype=\"https:\/\/schema.org\/ImageObject\"  ><div class='avia-image-container-inner'><img class='avia_image ' src='https:\/\/edwardjones-stage.xcc.smashfly.io\/wp-content\/uploads\/sites\/2815\/2020\/12\/2017-12-STL-Cafe-Group4-109-1.jpg' alt='Un repr\u00e9sentant en services financiers assis \u00e0 une table de restaurant parle \u00e0 un couple.' title=''   itemprop=\"contentURL\"  \/><\/div><\/div><\/div><div class=\"flex_column av_one_half  no_margin flex_column_table_cell av-equal-height-column av-align-middle av-zero-column-padding   l-text \" style='background-color:#fdf8da; border-radius:0px; '><section class=\"av_textblock_section\"  itemscope=\"itemscope\" itemtype=\"https:\/\/schema.org\/CreativeWork\" ><div class='avia_textblock '   itemprop=\"text\" ><h2>Devenez repr\u00e9sentant en services financiers<\/h2>\n<p>Vous \u00eates un entrepreneur de nature et vous voulez b\u00e2tir votre propre avenir. Il est toutefois difficile de faire cavalier seul. En tant que repr\u00e9sentant en services financiers d\u2019Edward Jones, vous aurez l\u2019autonomie n\u00e9cessaire pour g\u00e9rer vos affaires. Notre soci\u00e9t\u00e9, qui compte plus de 25 ann\u00e9es d\u2019exp\u00e9rience au Canada, b\u00e9n\u00e9ficie de la formation et du soutien d\u2019une soci\u00e9t\u00e9 am\u00e9ricaine figurant au classement de \u00ab Fortune 500 \u00bb.<\/p>\n<p><a href=\"\/fr-CA\/domaines-de-carriere\/nouveaux-representants-en-services-financiers\/\" class=\"edj-btn wid340\" aria-label=\"Apprenez-en plus sur les carri\u00e8res de nouveaux repr\u00e9sentants en services financiers\">Apprenez-en plus<\/a><\/p>\n<\/div><\/section><\/div><\/div><!--close column table wrapper. Autoclose:  --><\/div><\/div><\/div><!-- close content main div --><\/div><\/div><div id='av_section_4' class='avia-section main_color avia-section-no-padding avia-no-border-styling avia-bg-style-scroll  left-text-right-image reverse-col two-col-wideimg equal-wid image-l50 pb130 container_wrap fullsize'   ><div class='container' ><div class='template-page content  av-content-full alpha units'><div class='post-entry post-entry-type-page post-entry-18906'><div class='entry-content-wrapper clearfix'>\n<div class='flex_column_table av-equal-height-column-flextable' ><div class=\"flex_column av_one_half  no_margin flex_column_table_cell av-equal-height-column av-align-middle av-zero-column-padding first  l-text \" style='background-color:#f1f3f4; border-radius:0px; '><section class=\"av_textblock_section\"  itemscope=\"itemscope\" itemtype=\"https:\/\/schema.org\/CreativeWork\" ><div class='avia_textblock '   itemprop=\"text\" ><h2>Administrateurs de succursale<\/h2>\n<p>Vous ne cherchez pas qu\u2019un emploi, mais un poste qui vous permettra de changer les choses. En tant qu\u2019administrateur de succursale d\u2019Edward Jones, vous aurez une incidence au quotidien sur la vie des gens et b\u00e2tirez une carri\u00e8re enrichissante. Vous serez un membre essentiel de l\u2019\u00e9quipe de succursale : vous travaillerez de concert avec votre repr\u00e9sentant en services financiers pour aider les clients \u00e0 r\u00e9aliser leurs r\u00eaves.<\/p>\n<p><a href=\"\/fr-CA\/domaines-de-carriere\/soutien-en-succursale\/\" class=\"edj-btn wid340\" aria-label=\"Apprenez-en plus sur les carri\u00e8res li\u00e9es au soutien en succursale\">Apprenez-en plus<\/a><\/p>\n<\/div><\/section><\/div><div class=\"flex_column av_one_half  no_margin flex_column_table_cell av-equal-height-column av-align-middle av-zero-column-padding   r-img \" style='border-radius:0px; '><div class='avia-image-container  av-styling-    avia-align-right '  itemscope=\"itemscope\" itemtype=\"https:\/\/schema.org\/ImageObject\"  ><div class='avia-image-container-inner'><img class='avia_image ' src='https:\/\/edwardjones-stage.xcc.smashfly.io\/wp-content\/uploads\/sites\/2815\/2020\/12\/2017-08-dallas-branch-office-091-2.jpg' alt='Un couple debout devant un bureau serre la main d\u2019une autre femme.' title=''   itemprop=\"contentURL\"  \/><\/div><\/div><\/div><\/div><!--close column table wrapper. Autoclose:  --><\/div><\/div><\/div><!-- close content main div --><\/div><\/div><div id='av_section_5' class='avia-section main_color avia-section-no-padding avia-no-border-styling avia-bg-style-scroll  left-text-right-image reverse-col no-rev left-image-right-text two-col-wideimg equal-wid pb130 container_wrap fullsize'   ><div class='container' ><div class='template-page content  av-content-full alpha units'><div class='post-entry post-entry-type-page post-entry-18906'><div class='entry-content-wrapper clearfix'>\n<div class='flex_column_table av-equal-height-column-flextable' ><div class=\"flex_column av_one_half  no_margin flex_column_table_cell av-equal-height-column av-align-middle av-zero-column-padding first  r-img \" style='border-radius:0px; '><div class='avia-image-container  av-styling-    avia-align-right '  itemscope=\"itemscope\" itemtype=\"https:\/\/schema.org\/ImageObject\"  ><div class='avia-image-container-inner'><img class='avia_image ' src='https:\/\/edwardjones-stage.xcc.smashfly.io\/wp-content\/uploads\/sites\/2815\/2020\/12\/iStock-1127726450-1.jpg' alt='Une femme, debout pr\u00e8s d\u2019une fen\u00eatre lumineuse, tient une boisson pendant qu\u2019elle discute avec une autre personne.' title=''   itemprop=\"contentURL\"  \/><\/div><\/div><\/div><div class=\"flex_column av_one_half  no_margin flex_column_table_cell av-equal-height-column av-align-middle av-zero-column-padding   l-text \" style='background-color:#fdf8da; border-radius:0px; '><section class=\"av_textblock_section\"  itemscope=\"itemscope\" itemtype=\"https:\/\/schema.org\/CreativeWork\" ><div class='avia_textblock '   itemprop=\"text\" ><h2>Partenaires du si\u00e8ge social<\/h2>\n<p>Marketing, finance, service, exploitation. Quel que soit votre domaine d\u2019expertise, vous serez entour\u00e9 des meilleurs talents du secteur chez Edward Jones. Nous vous mettrons au d\u00e9fi de vous am\u00e9liorer chaque jour. Gr\u00e2ce \u00e0 notre culture ax\u00e9e sur la collaboration, vos id\u00e9es seront prises en consid\u00e9ration et nos vastes ressources vous aideront \u00e0 faire une r\u00e9elle diff\u00e9rence.<\/p>\n<p><a href=\"\/fr-CA\/domaines-de-carriere\/sieges-sociaux\/\" class=\"edj-btn wid340\" aria-label=\"Apprenez-en plus sur les carri\u00e8res d\u2019associ\u00e9s du si\u00e8ge social\">Apprenez-en plus<\/a><\/p>\n<\/div><\/section><\/div><\/div><!--close column table wrapper. Autoclose:  --><\/p>\n","protected":false},"excerpt":{"rendered":"","protected":false},"author":423,"featured_media":0,"parent":0,"menu_order":0,"comment_status":"closed","ping_status":"closed","template":"","meta":{"pgc_meta":"","footnotes":""},"persona":[],"class_list":["post-18906","page","type-page","status-publish","hentry"],"yoast_head":"<!-- This site is optimized with the Yoast SEO Premium plugin v23.0 (Yoast SEO v23.0) - https:\/\/yoast.com\/wordpress\/plugins\/seo\/ -->\n<title>Carri\u00e8res \u00e0 la soci\u00e9t\u00e9 de services financiers Edward Jones | Edward Jones<\/title>\n<meta name=\"description\" content=\"Travailler comme repr\u00e9sentant en services financiers, professionnel ou \u00e9tudiant stagiaire dans une succursale d\u2019Edward Jones ou \u00e0 notre si\u00e8ge social. Envisagez une carri\u00e8re chez Edward Jones.\" \/>\n<meta name=\"robots\" content=\"noindex, follow, max-snippet:-1, max-image-preview:large, max-video-preview:-1\" \/>\n<meta property=\"og:locale\" content=\"fr_CA\" \/>\n<meta property=\"og:type\" content=\"article\" \/>\n<meta property=\"og:title\" content=\"Domaines de carri\u00e8re\" \/>\n<meta property=\"og:description\" content=\"Travailler comme repr\u00e9sentant en services financiers, professionnel ou \u00e9tudiant stagiaire dans une succursale d\u2019Edward Jones ou \u00e0 notre si\u00e8ge social. Envisagez une carri\u00e8re chez Edward Jones.\" \/>\n<meta property=\"og:url\" content=\"https:\/\/edwardjones-stage.site.findly.com\/fr-CA\/domaines-de-carriere\/\" \/>\n<meta property=\"og:site_name\" content=\"Edward jones Career Stage\" \/>\n<meta property=\"article:modified_time\" content=\"2021-01-28T18:42:39+00:00\" \/>\n<meta property=\"og:image\" content=\"https:\/\/edwardjones-stage.xcc.smashfly.io\/wp-content\/uploads\/sites\/2815\/2020\/10\/EdwardJonesCareers-logo-200x200px.jpg\" \/>\n\t<meta property=\"og:image:width\" content=\"200\" \/>\n\t<meta property=\"og:image:height\" content=\"200\" \/>\n\t<meta property=\"og:image:type\" content=\"image\/jpeg\" \/>\n<meta name=\"twitter:label1\" content=\"Estimation du temps de lecture\" \/>\n\t<meta name=\"twitter:data1\" content=\"8 minutes\" \/>\n<script type=\"application\/ld+json\" class=\"yoast-schema-graph\">{\"@context\":\"https:\/\/schema.org\",\"@graph\":[{\"@type\":\"WebPage\",\"@id\":\"https:\/\/edwardjones-stage.site.findly.com\/fr-CA\/domaines-de-carriere\/\",\"url\":\"https:\/\/edwardjones-stage.site.findly.com\/fr-CA\/domaines-de-carriere\/\",\"name\":\"Carri\u00e8res \u00e0 la soci\u00e9t\u00e9 de services financiers Edward Jones | Edward Jones\",\"isPartOf\":{\"@id\":\"http:\/\/edwardjones-stage.site.findly.com\/#website\"},\"datePublished\":\"2020-12-24T05:31:14+00:00\",\"dateModified\":\"2021-01-28T18:42:39+00:00\",\"description\":\"Travailler comme repr\u00e9sentant en services financiers, professionnel ou \u00e9tudiant stagiaire dans une succursale d\u2019Edward Jones ou \u00e0 notre si\u00e8ge social. Envisagez une carri\u00e8re chez Edward Jones.\",\"breadcrumb\":{\"@id\":\"https:\/\/edwardjones-stage.site.findly.com\/fr-CA\/domaines-de-carriere\/#breadcrumb\"},\"inLanguage\":\"fr-CA\",\"potentialAction\":[{\"@type\":\"ReadAction\",\"target\":[\"https:\/\/edwardjones-stage.site.findly.com\/fr-CA\/domaines-de-carriere\/\"]}]},{\"@type\":\"BreadcrumbList\",\"@id\":\"https:\/\/edwardjones-stage.site.findly.com\/fr-CA\/domaines-de-carriere\/#breadcrumb\",\"itemListElement\":[{\"@type\":\"ListItem\",\"position\":1,\"name\":\"Home\",\"item\":\"https:\/\/edwardjones-stage.site.findly.com\/fr-CA\/\"},{\"@type\":\"ListItem\",\"position\":2,\"name\":\"Domaines de carri\u00e8re\"}]},{\"@type\":\"WebSite\",\"@id\":\"http:\/\/edwardjones-stage.site.findly.com\/#website\",\"url\":\"http:\/\/edwardjones-stage.site.findly.com\/\",\"name\":\"Edward jones Career Stage\",\"description\":\"ibee Demo Site\",\"potentialAction\":[{\"@type\":\"SearchAction\",\"target\":{\"@type\":\"EntryPoint\",\"urlTemplate\":\"http:\/\/edwardjones-stage.site.findly.com\/?s={search_term_string}\"},\"query-input\":\"required name=search_term_string\"}],\"inLanguage\":\"fr-CA\"}]}<\/script>\n<!-- \/ Yoast SEO Premium plugin. -->","yoast_head_json":{"title":"Carri\u00e8res \u00e0 la soci\u00e9t\u00e9 de services financiers Edward Jones | Edward Jones","description":"Travailler comme repr\u00e9sentant en services financiers, professionnel ou \u00e9tudiant stagiaire dans une succursale d\u2019Edward Jones ou \u00e0 notre si\u00e8ge social. Envisagez une carri\u00e8re chez Edward Jones.","robots":{"index":"noindex","follow":"follow","max-snippet":"max-snippet:-1","max-image-preview":"max-image-preview:large","max-video-preview":"max-video-preview:-1"},"og_locale":"fr_CA","og_type":"article","og_title":"Domaines de carri\u00e8re","og_description":"Travailler comme repr\u00e9sentant en services financiers, professionnel ou \u00e9tudiant stagiaire dans une succursale d\u2019Edward Jones ou \u00e0 notre si\u00e8ge social. Envisagez une carri\u00e8re chez Edward Jones.","og_url":"https:\/\/edwardjones-stage.site.findly.com\/fr-CA\/domaines-de-carriere\/","og_site_name":"Edward jones Career Stage","article_modified_time":"2021-01-28T18:42:39+00:00","og_image":[{"width":200,"height":200,"url":"https:\/\/edwardjones-stage.xcc.smashfly.io\/wp-content\/uploads\/sites\/2815\/2020\/10\/EdwardJonesCareers-logo-200x200px.jpg","type":"image\/jpeg"}],"twitter_misc":{"Estimation du temps de lecture":"8 minutes"},"schema":{"@context":"https:\/\/schema.org","@graph":[{"@type":"WebPage","@id":"https:\/\/edwardjones-stage.site.findly.com\/fr-CA\/domaines-de-carriere\/","url":"https:\/\/edwardjones-stage.site.findly.com\/fr-CA\/domaines-de-carriere\/","name":"Carri\u00e8res \u00e0 la soci\u00e9t\u00e9 de services financiers Edward Jones | Edward Jones","isPartOf":{"@id":"http:\/\/edwardjones-stage.site.findly.com\/#website"},"datePublished":"2020-12-24T05:31:14+00:00","dateModified":"2021-01-28T18:42:39+00:00","description":"Travailler comme repr\u00e9sentant en services financiers, professionnel ou \u00e9tudiant stagiaire dans une succursale d\u2019Edward Jones ou \u00e0 notre si\u00e8ge social. Envisagez une carri\u00e8re chez Edward Jones.","breadcrumb":{"@id":"https:\/\/edwardjones-stage.site.findly.com\/fr-CA\/domaines-de-carriere\/#breadcrumb"},"inLanguage":"fr-CA","potentialAction":[{"@type":"ReadAction","target":["https:\/\/edwardjones-stage.site.findly.com\/fr-CA\/domaines-de-carriere\/"]}]},{"@type":"BreadcrumbList","@id":"https:\/\/edwardjones-stage.site.findly.com\/fr-CA\/domaines-de-carriere\/#breadcrumb","itemListElement":[{"@type":"ListItem","position":1,"name":"Home","item":"https:\/\/edwardjones-stage.site.findly.com\/fr-CA\/"},{"@type":"ListItem","position":2,"name":"Domaines de carri\u00e8re"}]},{"@type":"WebSite","@id":"http:\/\/edwardjones-stage.site.findly.com\/#website","url":"http:\/\/edwardjones-stage.site.findly.com\/","name":"Edward jones Career Stage","description":"ibee Demo Site","potentialAction":[{"@type":"SearchAction","target":{"@type":"EntryPoint","urlTemplate":"http:\/\/edwardjones-stage.site.findly.com\/?s={search_term_string}"},"query-input":"required name=search_term_string"}],"inLanguage":"fr-CA"}]}},"pgc_meta":"","_links":{"self":[{"href":"https:\/\/edwardjones-stage.xcc.smashfly.io\/fr-CA\/wp-json\/wp\/v2\/pages\/18906","targetHints":{"allow":["GET"]}}],"collection":[{"href":"https:\/\/edwardjones-stage.xcc.smashfly.io\/fr-CA\/wp-json\/wp\/v2\/pages"}],"about":[{"href":"https:\/\/edwardjones-stage.xcc.smashfly.io\/fr-CA\/wp-json\/wp\/v2\/types\/page"}],"author":[{"embeddable":true,"href":"https:\/\/edwardjones-stage.xcc.smashfly.io\/fr-CA\/wp-json\/wp\/v2\/users\/423"}],"replies":[{"embeddable":true,"href":"https:\/\/edwardjones-stage.xcc.smashfly.io\/fr-CA\/wp-json\/wp\/v2\/comments?post=18906"}],"version-history":[{"count":0,"href":"https:\/\/edwardjones-stage.xcc.smashfly.io\/fr-CA\/wp-json\/wp\/v2\/pages\/18906\/revisions"}],"wp:attachment":[{"href":"https:\/\/edwardjones-stage.xcc.smashfly.io\/fr-CA\/wp-json\/wp\/v2\/media?parent=18906"}],"wp:term":[{"taxonomy":"persona","embeddable":true,"href":"https:\/\/edwardjones-stage.xcc.smashfly.io\/fr-CA\/wp-json\/wp\/v2\/persona?post=18906"}],"curies":[{"name":"wp","href":"https:\/\/api.w.org\/{rel}","templated":true}]}}